{"id":761580,"date":"2025-08-28T09:41:31","date_gmt":"2025-08-28T06:41:31","guid":{"rendered":"https:\/\/roveyayinevi.com.tr\/index.php\/urun\/baba-hayri-2\/"},"modified":"2026-04-03T03:18:45","modified_gmt":"2026-04-03T00:18:45","slug":"baba-hayri-2","status":"publish","type":"product","link":"https:\/\/roveyayinevi.com.tr\/index.php\/urun\/baba-hayri-2\/","title":{"rendered":"Baba Hayri 2"},"content":{"rendered":"<p>\u201cBaba Hayri, Sar\u0131yer\u2019de oynad\u0131\u011f\u0131 d\u00f6nemlerde ben de orada trafik komiseriydim. Sar\u0131yer insan\u0131 futbolu \u00e7ok seven bir yap\u0131ya sahipti. Tak\u0131mlar\u0131n\u0131 hi\u00e7 yaln\u0131z b\u0131rakmazd\u0131. Tak\u0131m oyuncular\u0131 aras\u0131nda bir de Hayri Baba vard\u0131 ki aman Allah\u0131m! Bu ne sevgi, bu ne sayg\u0131. Trafi\u011fin zor ak\u0131\u015f yapt\u0131\u011f\u0131 Sar\u0131yer cadde ve sokaklar\u0131nda bir de Hayri Baba g\u00f6r\u00fcnd\u00fc\u011f\u00fcnde eyvah derdim. \u00c7\u00fcnk\u00fc trafik alt\u00fcst olurdu. Herkes Hayri \u00dclgen\u2019in yan\u0131nda k\u00fcmele\u015firdi.\u201d \u2013Mustafa Yi\u011fit \u201cToplumumuzda sayg\u0131n, g\u00fcvenilir, sevecen, al\u00e7akg\u00f6n\u00fcll\u00fc ve yard\u0131msever dost insanlara \u2018Baba\u2019 unvan\u0131 verilir. Baba Hayri kitab\u0131n\u0131 da bir solukta okudum. Kitaplar\u0131n\u0131 herkese tavsiye ederim.\u201d \u2013Kadir Be\u015fik\u00e7i \u201cBu al\u00e7akg\u00f6n\u00fcll\u00fc ve m\u00fctevaz\u0131 insan tam bir Rize sevdal\u0131s\u0131d\u0131r. \u0130yi ki b\u00f6yle insanlar h\u00e2l\u00e2 var. Selam sana Gollerin Efendisi, beyefendi insan.\u201d \u2014Mustafa \u015eim\u015fek \u201c\u00dcstat Hayri \u00dclgen\u2019i seyretmek i\u00e7in okulu k\u0131rard\u0131m. Hatta s\u0131n\u0131fta bile kald\u0131m. Spor programlar\u0131n\u0131 halen takipteyim.\u201d \u2014\u0130dris Demir \u201cBaba Hayri kitab\u0131n\u0131 hafta sonu okudum. Hakikaten \u00e7ok keyifli. Okuyun, okutun.\u201d \u2014Selahattin Bak\u0131r \u201cKitap s\u00fcr\u00fckleyici ve ak\u0131c\u0131, zaman zaman d\u00fc\u015f\u00fcnd\u00fcren, zaman zaman g\u00fcld\u00fcren, zaman zaman h\u00fcz\u00fcnlendiren ve zaman zaman mutlu edici g\u00f6zleri yormadan okunan, her evde, her k\u00fct\u00fcphanede, t\u00fcm futbol kul\u00fcplerinde ve sporcuda bulunmas\u0131 gereken \u00e7ok \u00f6nemli bir eser.\u201d \u2014Hasan Aksu<\/p>\n","protected":false},"excerpt":{"rendered":"<p>\u201cBaba Hayri, Sar\u0131yer\u2019de oynad\u0131\u011f\u0131 d\u00f6nemlerde ben de orada trafik komiseriydim. Sar\u0131yer insan\u0131 futbolu \u00e7ok seven bir yap\u0131ya sahipti. Tak\u0131mlar\u0131n\u0131 hi\u00e7 yaln\u0131z b\u0131rakmazd\u0131. Tak\u0131m oyuncular\u0131 aras\u0131nda bir<span class=\"excerpt-hellip\"> [\u2026]<\/span><\/p>\n","protected":false},"featured_media":0,"template":"","meta":{"_monsterinsights_skip_tracking":false,"_monsterinsights_sitenote_active":false,"_monsterinsights_sitenote_note":"","_monsterinsights_sitenote_category":0},"product_brand":[],"product_cat":[14009,12291],"product_tag":[],"class_list":{"0":"post-761580","1":"product","2":"type-product","3":"status-publish","5":"product_cat-biyografi-otobiyografi-edebiyat","6":"product_cat-edebiyat","7":"pa_cilt-ciltsiz","8":"pa_tur-kitap","9":"pa_yayinevi-alfa-yayinlari","10":"pa_yazar-hayri-ulgen","12":"first","13":"instock","14":"sale","15":"shipping-taxable","16":"purchasable","17":"product-type-simple"},"_links":{"self":[{"href":"https:\/\/roveyayinevi.com.tr\/index.php\/wp-json\/wp\/v2\/product\/761580","targetHints":{"allow":["GET"]}}],"collection":[{"href":"https:\/\/roveyayinevi.com.tr\/index.php\/wp-json\/wp\/v2\/product"}],"about":[{"href":"https:\/\/roveyayinevi.com.tr\/index.php\/wp-json\/wp\/v2\/types\/product"}],"wp:attachment":[{"href":"https:\/\/roveyayinevi.com.tr\/index.php\/wp-json\/wp\/v2\/media?parent=761580"}],"wp:term":[{"taxonomy":"product_brand","embeddable":true,"href":"https:\/\/roveyayinevi.com.tr\/index.php\/wp-json\/wp\/v2\/product_brand?post=761580"},{"taxonomy":"product_cat","embeddable":true,"href":"https:\/\/roveyayinevi.com.tr\/index.php\/wp-json\/wp\/v2\/product_cat?post=761580"},{"taxonomy":"product_tag","embeddable":true,"href":"https:\/\/roveyayinevi.com.tr\/index.php\/wp-json\/wp\/v2\/product_tag?post=761580"}],"curies":[{"name":"wp","href":"https:\/\/api.w.org\/{rel}","templated":true}]}}