{"id":761579,"date":"2025-08-28T09:41:28","date_gmt":"2025-08-28T06:41:28","guid":{"rendered":"https:\/\/roveyayinevi.com.tr\/index.php\/urun\/lilith-tomarlari\/"},"modified":"2026-04-16T03:14:54","modified_gmt":"2026-04-16T00:14:54","slug":"lilith-tomarlari","status":"publish","type":"product","link":"https:\/\/roveyayinevi.com.tr\/index.php\/urun\/lilith-tomarlari\/","title":{"rendered":"Lilith Tomarlar\u0131"},"content":{"rendered":"<p>Nehirler kara, denizler siyah y\u0131ld\u0131zlar\u0131n koyula\u015fmas\u0131 kararla\u015ft\u0131r\u0131ld\u0131 sizin i\u00e7in \u00fcz\u00fcmleri \u015feytan y\u00f6netecekti t\u00fcm salk\u0131mlara mavi harfleri \u00fcfleyecekti ey lilyum alfabesi et lanetli soyun kad\u0131nlar\u0131 ne oldu ne bi\u00e7ildi g\u00fcne\u015f \u00e2leminde size neye karar verildi ad\u0131n\u0131za birden ne yar\u0131ld\u0131 ikiye ans\u0131z\u0131n bu ye\u015fil toprakta hangi kavim terk etti son satrapl\u0131\u011f\u0131 <\/p>\n","protected":false},"excerpt":{"rendered":"<p>Nehirler kara, denizler siyah y\u0131ld\u0131zlar\u0131n koyula\u015fmas\u0131 kararla\u015ft\u0131r\u0131ld\u0131 sizin i\u00e7in \u00fcz\u00fcmleri \u015feytan y\u00f6netecekti t\u00fcm salk\u0131mlara mavi harfleri \u00fcfleyecekti ey lilyum alfabesi et lanetli soyun kad\u0131nlar\u0131 ne oldu<span class=\"excerpt-hellip\"> [\u2026]<\/span><\/p>\n","protected":false},"featured_media":0,"template":"","meta":{"_monsterinsights_skip_tracking":false,"_monsterinsights_sitenote_active":false,"_monsterinsights_sitenote_note":"","_monsterinsights_sitenote_category":0},"product_brand":[],"product_cat":[12291,12509],"product_tag":[],"class_list":{"0":"post-761579","1":"product","2":"type-product","3":"status-publish","5":"product_cat-edebiyat","6":"product_cat-siir","7":"pa_cilt-ciltsiz","8":"pa_tur-kitap","9":"pa_yayinevi-everest-yayinlari","10":"pa_yazar-gulseli-inal","12":"first","13":"instock","14":"sale","15":"shipping-taxable","16":"purchasable","17":"product-type-simple"},"_links":{"self":[{"href":"https:\/\/roveyayinevi.com.tr\/index.php\/wp-json\/wp\/v2\/product\/761579","targetHints":{"allow":["GET"]}}],"collection":[{"href":"https:\/\/roveyayinevi.com.tr\/index.php\/wp-json\/wp\/v2\/product"}],"about":[{"href":"https:\/\/roveyayinevi.com.tr\/index.php\/wp-json\/wp\/v2\/types\/product"}],"wp:attachment":[{"href":"https:\/\/roveyayinevi.com.tr\/index.php\/wp-json\/wp\/v2\/media?parent=761579"}],"wp:term":[{"taxonomy":"product_brand","embeddable":true,"href":"https:\/\/roveyayinevi.com.tr\/index.php\/wp-json\/wp\/v2\/product_brand?post=761579"},{"taxonomy":"product_cat","embeddable":true,"href":"https:\/\/roveyayinevi.com.tr\/index.php\/wp-json\/wp\/v2\/product_cat?post=761579"},{"taxonomy":"product_tag","embeddable":true,"href":"https:\/\/roveyayinevi.com.tr\/index.php\/wp-json\/wp\/v2\/product_tag?post=761579"}],"curies":[{"name":"wp","href":"https:\/\/api.w.org\/{rel}","templated":true}]}}