{"id":761578,"date":"2025-08-28T09:41:26","date_gmt":"2025-08-28T06:41:26","guid":{"rendered":"https:\/\/roveyayinevi.com.tr\/index.php\/urun\/delice-asik\/"},"modified":"2026-04-08T03:23:21","modified_gmt":"2026-04-08T00:23:21","slug":"delice-asik","status":"publish","type":"product","link":"https:\/\/roveyayinevi.com.tr\/index.php\/urun\/delice-asik\/","title":{"rendered":"Delice A\u015f\u0131k"},"content":{"rendered":"<p>Bu kitapta tek bir a\u015fk hik\u00e2yesi de\u011fil, iki a\u015fk hikayesiyle kar\u015f\u0131 kar\u015f\u0131yay\u0131z.   Becca Calloway, Bay Do\u011fru\u2019yla kar\u015f\u0131la\u015fmak i\u00e7in haz\u0131r oldu\u011funu s\u00f6ylerken bir hayli ciddidir. Hatta onun i\u00e7in bir manifest rit\u00fceli d\u00fczenleyecek kadar\u2026   Etkinlikten be\u015f dakika sonraysa eski sevgilisinden bir mesaj al\u0131r. Tek sorun bu mesaj\u0131n ne anlama geldi\u011finden pek emin olmamas\u0131d\u0131r. Acaba Becca, mesaja cevap verip Mike\u2019la aras\u0131ndaki ili\u015fkiyi tekrar alevlendirmeli mi yoksa mesaj\u0131 silip numaras\u0131n\u0131 engellemeli ve hayat\u0131na devam m\u0131 etmelidir?   Becca\u2019n\u0131n bir tercihi ve bunun iki sonucu var&#8230; Ve siz, Delice \u00c2\u015f\u0131k\u2019ta ikisini de okuyacaks\u0131n\u0131z! <\/p>\n","protected":false},"excerpt":{"rendered":"<p>Bu kitapta tek bir a\u015fk hik\u00e2yesi de\u011fil, iki a\u015fk hikayesiyle kar\u015f\u0131 kar\u015f\u0131yay\u0131z. Becca Calloway, Bay Do\u011fru\u2019yla kar\u015f\u0131la\u015fmak i\u00e7in haz\u0131r oldu\u011funu s\u00f6ylerken bir hayli ciddidir. Hatta onun<span class=\"excerpt-hellip\"> [\u2026]<\/span><\/p>\n","protected":false},"featured_media":0,"template":"","meta":{"_monsterinsights_skip_tracking":false,"_monsterinsights_sitenote_active":false,"_monsterinsights_sitenote_note":"","_monsterinsights_sitenote_category":0},"product_brand":[],"product_cat":[12291,12711],"product_tag":[],"class_list":{"0":"post-761578","1":"product","2":"type-product","3":"status-publish","5":"product_cat-edebiyat","6":"product_cat-roman-oyku","7":"pa_cilt-ciltsiz","8":"pa_tur-kitap","9":"pa_yayinevi-artemis-yayinlari","10":"pa_yazar-laura-jane-williams","12":"first","13":"instock","14":"sale","15":"shipping-taxable","16":"purchasable","17":"product-type-simple"},"_links":{"self":[{"href":"https:\/\/roveyayinevi.com.tr\/index.php\/wp-json\/wp\/v2\/product\/761578","targetHints":{"allow":["GET"]}}],"collection":[{"href":"https:\/\/roveyayinevi.com.tr\/index.php\/wp-json\/wp\/v2\/product"}],"about":[{"href":"https:\/\/roveyayinevi.com.tr\/index.php\/wp-json\/wp\/v2\/types\/product"}],"wp:attachment":[{"href":"https:\/\/roveyayinevi.com.tr\/index.php\/wp-json\/wp\/v2\/media?parent=761578"}],"wp:term":[{"taxonomy":"product_brand","embeddable":true,"href":"https:\/\/roveyayinevi.com.tr\/index.php\/wp-json\/wp\/v2\/product_brand?post=761578"},{"taxonomy":"product_cat","embeddable":true,"href":"https:\/\/roveyayinevi.com.tr\/index.php\/wp-json\/wp\/v2\/product_cat?post=761578"},{"taxonomy":"product_tag","embeddable":true,"href":"https:\/\/roveyayinevi.com.tr\/index.php\/wp-json\/wp\/v2\/product_tag?post=761578"}],"curies":[{"name":"wp","href":"https:\/\/api.w.org\/{rel}","templated":true}]}}