{"id":761577,"date":"2025-08-28T09:41:25","date_gmt":"2025-08-28T06:41:25","guid":{"rendered":"https:\/\/roveyayinevi.com.tr\/index.php\/urun\/spor-bilimlerine-kuramsal-bakis-v\/"},"modified":"2026-04-16T03:14:54","modified_gmt":"2026-04-16T00:14:54","slug":"spor-bilimlerine-kuramsal-bakis-v","status":"publish","type":"product","link":"https:\/\/roveyayinevi.com.tr\/index.php\/urun\/spor-bilimlerine-kuramsal-bakis-v\/","title":{"rendered":"Spor Bilimlerine Kuramsal Bak\u0131\u015f V"},"content":{"rendered":"<p>\u0130\u00e7indekiler :     \u00b7         D\u0130YAFRAGMA VE PERFORMANS ARASINDA \u0130L\u0130\u015eK\u0130 \u00dcZER\u0130NE DERLEME   \u00b7         FARKLI FAK\u00dcLTELERDE OKUYAN \u00d6\u011eRENC\u0130LER\u0130N\u0130N ALGILANAN STRES D\u00dcZEYLER\u0130N\u0130N \u0130NCELENMES\u0130   \u00b7         SO\u011eUK SAVA\u015e D\u00d6NEM\u0130\u2019NDE SOVYET SPORU: (1945- 1991)   \u00b7         SOSYAL MEDYA ETK\u0130S\u0130NDE SPOR   \u00b7         SPOR VE AHLAK   \u00b7         SPOR B\u0130L\u0130MLER\u0130NDE KULLANILAN SAHA DENGE TESTLER\u0130   \u00b7         ESK\u0130 \u00c7A\u011eLARDA ANT\u0130K YUNANLILAR, T\u00dcRKLER VE MISIRLILARDA \u00c7OCUKLARDA SPOR <\/p>\n","protected":false},"excerpt":{"rendered":"<p>\u0130\u00e7indekiler : \u00b7 D\u0130YAFRAGMA VE PERFORMANS ARASINDA \u0130L\u0130\u015eK\u0130 \u00dcZER\u0130NE DERLEME \u00b7 FARKLI FAK\u00dcLTELERDE OKUYAN \u00d6\u011eRENC\u0130LER\u0130N\u0130N ALGILANAN STRES D\u00dcZEYLER\u0130N\u0130N \u0130NCELENMES\u0130 \u00b7 SO\u011eUK SAVA\u015e D\u00d6NEM\u0130\u2019NDE SOVYET SPORU: (1945-<span class=\"excerpt-hellip\"> [\u2026]<\/span><\/p>\n","protected":false},"featured_media":0,"template":"","meta":{"_monsterinsights_skip_tracking":false,"_monsterinsights_sitenote_active":false,"_monsterinsights_sitenote_note":"","_monsterinsights_sitenote_category":0},"product_brand":[],"product_cat":[15563,15564],"product_tag":[],"class_list":{"0":"post-761577","1":"product","2":"type-product","3":"status-publish","5":"product_cat-hobi","6":"product_cat-spor","7":"pa_cilt-ciltsiz","8":"pa_tur-kitap","9":"pa_yayinevi-gazi-kitabevi","10":"pa_yazar-kolektif","12":"first","13":"instock","14":"sale","15":"shipping-taxable","16":"purchasable","17":"product-type-simple"},"_links":{"self":[{"href":"https:\/\/roveyayinevi.com.tr\/index.php\/wp-json\/wp\/v2\/product\/761577","targetHints":{"allow":["GET"]}}],"collection":[{"href":"https:\/\/roveyayinevi.com.tr\/index.php\/wp-json\/wp\/v2\/product"}],"about":[{"href":"https:\/\/roveyayinevi.com.tr\/index.php\/wp-json\/wp\/v2\/types\/product"}],"wp:attachment":[{"href":"https:\/\/roveyayinevi.com.tr\/index.php\/wp-json\/wp\/v2\/media?parent=761577"}],"wp:term":[{"taxonomy":"product_brand","embeddable":true,"href":"https:\/\/roveyayinevi.com.tr\/index.php\/wp-json\/wp\/v2\/product_brand?post=761577"},{"taxonomy":"product_cat","embeddable":true,"href":"https:\/\/roveyayinevi.com.tr\/index.php\/wp-json\/wp\/v2\/product_cat?post=761577"},{"taxonomy":"product_tag","embeddable":true,"href":"https:\/\/roveyayinevi.com.tr\/index.php\/wp-json\/wp\/v2\/product_tag?post=761577"}],"curies":[{"name":"wp","href":"https:\/\/api.w.org\/{rel}","templated":true}]}}