{"id":761576,"date":"2025-08-28T09:41:23","date_gmt":"2025-08-28T06:41:23","guid":{"rendered":"https:\/\/roveyayinevi.com.tr\/index.php\/urun\/cevresel-acidan-surdurulebilir-kalkinmanin-ve-yatirimlarin-finansmani-yesil-finans\/"},"modified":"2026-04-16T03:14:54","modified_gmt":"2026-04-16T00:14:54","slug":"cevresel-acidan-surdurulebilir-kalkinmanin-ve-yatirimlarin-finansmani-yesil-finans","status":"publish","type":"product","link":"https:\/\/roveyayinevi.com.tr\/index.php\/urun\/cevresel-acidan-surdurulebilir-kalkinmanin-ve-yatirimlarin-finansmani-yesil-finans\/","title":{"rendered":"\u00c7evresel A\u00e7\u0131dan S\u00fcrd\u00fcr\u00fclebilir Kalk\u0131nman\u0131n ve Yat\u0131r\u0131mlar\u0131n Finansman\u0131: Ye\u015fil Finans"},"content":{"rendered":"<p>\u0130\u00e7indekiler :           1. G\u0130R\u0130\u015e         2. YE\u015e\u0130L F\u0130NANS KAVRAMSAL \u00c7ER\u00c7EVE         3. YE\u015e\u0130L F\u0130NANS \u00dcR\u00dcN VE H\u0130ZMETLER\u0130         4. YE\u015e\u0130L F\u0130NANS ARA\u00c7LARI         5. YE\u015e\u0130L F\u0130NANS, YE\u015e\u0130L TEKNOLOJ\u0130 \u0130NOVASYONLARI VE YE\u015e\u0130L \u00c7EVRE \u0130L\u0130\u015eK\u0130S\u0130         6. T\u00dcRK\u0130YE&#8217;DE VE ULUSLARARASI ALANDA YE\u015e\u0130L F\u0130NANS GEL\u0130\u015eMELER <\/p>\n","protected":false},"excerpt":{"rendered":"<p>\u0130\u00e7indekiler : 1. G\u0130R\u0130\u015e 2. YE\u015e\u0130L F\u0130NANS KAVRAMSAL \u00c7ER\u00c7EVE 3. YE\u015e\u0130L F\u0130NANS \u00dcR\u00dcN VE H\u0130ZMETLER\u0130 4. YE\u015e\u0130L F\u0130NANS ARA\u00c7LARI 5. YE\u015e\u0130L F\u0130NANS, YE\u015e\u0130L TEKNOLOJ\u0130 \u0130NOVASYONLARI VE<span class=\"excerpt-hellip\"> [\u2026]<\/span><\/p>\n","protected":false},"featured_media":0,"template":"","meta":{"_monsterinsights_skip_tracking":false,"_monsterinsights_sitenote_active":false,"_monsterinsights_sitenote_note":"","_monsterinsights_sitenote_category":0},"product_brand":[],"product_cat":[13043],"product_tag":[],"class_list":{"0":"post-761576","1":"product","2":"type-product","3":"status-publish","5":"product_cat-ekonomi","6":"pa_cilt-ciltsiz","7":"pa_tur-kitap","8":"pa_yayinevi-gazi-kitabevi","9":"pa_yazar-mustafa-dilmen","11":"first","12":"instock","13":"sale","14":"shipping-taxable","15":"purchasable","16":"product-type-simple"},"_links":{"self":[{"href":"https:\/\/roveyayinevi.com.tr\/index.php\/wp-json\/wp\/v2\/product\/761576","targetHints":{"allow":["GET"]}}],"collection":[{"href":"https:\/\/roveyayinevi.com.tr\/index.php\/wp-json\/wp\/v2\/product"}],"about":[{"href":"https:\/\/roveyayinevi.com.tr\/index.php\/wp-json\/wp\/v2\/types\/product"}],"wp:attachment":[{"href":"https:\/\/roveyayinevi.com.tr\/index.php\/wp-json\/wp\/v2\/media?parent=761576"}],"wp:term":[{"taxonomy":"product_brand","embeddable":true,"href":"https:\/\/roveyayinevi.com.tr\/index.php\/wp-json\/wp\/v2\/product_brand?post=761576"},{"taxonomy":"product_cat","embeddable":true,"href":"https:\/\/roveyayinevi.com.tr\/index.php\/wp-json\/wp\/v2\/product_cat?post=761576"},{"taxonomy":"product_tag","embeddable":true,"href":"https:\/\/roveyayinevi.com.tr\/index.php\/wp-json\/wp\/v2\/product_tag?post=761576"}],"curies":[{"name":"wp","href":"https:\/\/api.w.org\/{rel}","templated":true}]}}