{"id":761573,"date":"2025-08-28T09:41:17","date_gmt":"2025-08-28T06:41:17","guid":{"rendered":"https:\/\/roveyayinevi.com.tr\/index.php\/urun\/en-guzel-hediye-2\/"},"modified":"2026-04-16T03:14:54","modified_gmt":"2026-04-16T00:14:54","slug":"en-guzel-hediye-2","status":"publish","type":"product","link":"https:\/\/roveyayinevi.com.tr\/index.php\/urun\/en-guzel-hediye-2\/","title":{"rendered":"En G\u00fczel Hediye"},"content":{"rendered":"<p>Panda Hoki, okula g\u00f6t\u00fcrmek i\u00e7in harika bir kek yapm\u0131\u015ft\u0131. Onu arkada\u015flar\u0131yla birlikte yiyece\u011fini d\u00fc\u015f\u00fcnmek \u00e7ok heyecanl\u0131yd\u0131. Kanguru Parza ve Koala Patnos ise bu lezzetli s\u00fcrprizi g\u00f6remeyecek kadar me\u015fgullerdi.   G\u00dcM! TAK! PAT! Yoksa Panda Hoki\u2019nin kekini yere mi d\u00fc\u015f\u00fcrm\u00fc\u015flerdi? Hoki\u2019nin kalbi, ge\u00e7en g\u00fcn yanl\u0131\u015fl\u0131kla k\u0131rd\u0131\u011f\u0131 porselen tabak gibi parampar\u00e7a olmu\u015ftu.   Acaba Kanguru Parza ve Koala Patnos\u2019un \u00f6z\u00fcr dilemeleri onu mutlu etmeye yetecek miydi? Belki de tart\u0131\u015fmak yerine mutlu etmek i\u00e7in \u00e7abalamak herkese \u00e7ok daha iyi gelecekti\u2026<\/p>\n","protected":false},"excerpt":{"rendered":"<p>Panda Hoki, okula g\u00f6t\u00fcrmek i\u00e7in harika bir kek yapm\u0131\u015ft\u0131. Onu arkada\u015flar\u0131yla birlikte yiyece\u011fini d\u00fc\u015f\u00fcnmek \u00e7ok heyecanl\u0131yd\u0131. Kanguru Parza ve Koala Patnos ise bu lezzetli s\u00fcrprizi g\u00f6remeyecek<span class=\"excerpt-hellip\"> [\u2026]<\/span><\/p>\n","protected":false},"featured_media":0,"template":"","meta":{"_monsterinsights_skip_tracking":false,"_monsterinsights_sitenote_active":false,"_monsterinsights_sitenote_note":"","_monsterinsights_sitenote_category":0},"product_brand":[],"product_cat":[12274,12284],"product_tag":[],"class_list":{"0":"post-761573","1":"product","2":"type-product","3":"status-publish","5":"product_cat-cocuk-ve-genclik-kitaplari","6":"product_cat-hikayeler","7":"pa_cilt-ciltsiz","8":"pa_tur-kitap","9":"pa_yayinevi-luna-cocuk-yayinlari","10":"pa_yazar-feyza-cengiz-dundar","12":"first","13":"instock","14":"sale","15":"shipping-taxable","16":"purchasable","17":"product-type-simple"},"_links":{"self":[{"href":"https:\/\/roveyayinevi.com.tr\/index.php\/wp-json\/wp\/v2\/product\/761573","targetHints":{"allow":["GET"]}}],"collection":[{"href":"https:\/\/roveyayinevi.com.tr\/index.php\/wp-json\/wp\/v2\/product"}],"about":[{"href":"https:\/\/roveyayinevi.com.tr\/index.php\/wp-json\/wp\/v2\/types\/product"}],"wp:attachment":[{"href":"https:\/\/roveyayinevi.com.tr\/index.php\/wp-json\/wp\/v2\/media?parent=761573"}],"wp:term":[{"taxonomy":"product_brand","embeddable":true,"href":"https:\/\/roveyayinevi.com.tr\/index.php\/wp-json\/wp\/v2\/product_brand?post=761573"},{"taxonomy":"product_cat","embeddable":true,"href":"https:\/\/roveyayinevi.com.tr\/index.php\/wp-json\/wp\/v2\/product_cat?post=761573"},{"taxonomy":"product_tag","embeddable":true,"href":"https:\/\/roveyayinevi.com.tr\/index.php\/wp-json\/wp\/v2\/product_tag?post=761573"}],"curies":[{"name":"wp","href":"https:\/\/api.w.org\/{rel}","templated":true}]}}