{"id":761572,"date":"2025-08-28T09:41:15","date_gmt":"2025-08-28T06:41:15","guid":{"rendered":"https:\/\/roveyayinevi.com.tr\/index.php\/urun\/efkarimin-esrari\/"},"modified":"2026-04-16T03:14:54","modified_gmt":"2026-04-16T00:14:54","slug":"efkarimin-esrari","status":"publish","type":"product","link":"https:\/\/roveyayinevi.com.tr\/index.php\/urun\/efkarimin-esrari\/","title":{"rendered":"Efkar\u0131m\u0131n Esrar\u0131"},"content":{"rendered":"<p>Kelebek olsam G\u00fcl\u00fc\u015f\u00fcne konsam Ah! G\u00fclsen\u2026   B\u00fclb\u00fcl olsam Ba\u011f\u0131na girsem Ah! Gelsen\u2026   R\u00fczg\u00e2r olsam Har\u0131na dalsam Ah! Bilsen\u2026   Pervane olsam Ate\u015fine d\u00f6nsem Ah! \u00d6lsem\u2026<\/p>\n","protected":false},"excerpt":{"rendered":"<p>Kelebek olsam G\u00fcl\u00fc\u015f\u00fcne konsam Ah! G\u00fclsen\u2026 B\u00fclb\u00fcl olsam Ba\u011f\u0131na girsem Ah! Gelsen\u2026 R\u00fczg\u00e2r olsam Har\u0131na dalsam Ah! Bilsen\u2026 Pervane olsam Ate\u015fine d\u00f6nsem Ah! \u00d6lsem\u2026<\/p>\n","protected":false},"featured_media":0,"template":"","meta":{"_monsterinsights_skip_tracking":false,"_monsterinsights_sitenote_active":false,"_monsterinsights_sitenote_note":"","_monsterinsights_sitenote_category":0},"product_brand":[],"product_cat":[12291,12509],"product_tag":[],"class_list":{"0":"post-761572","1":"product","2":"type-product","3":"status-publish","5":"product_cat-edebiyat","6":"product_cat-siir","7":"pa_cilt-ciltsiz","8":"pa_tur-kitap","9":"pa_yayinevi-luna-yayinlari","10":"pa_yazar-selim-cakir","12":"first","13":"instock","14":"sale","15":"shipping-taxable","16":"purchasable","17":"product-type-simple"},"_links":{"self":[{"href":"https:\/\/roveyayinevi.com.tr\/index.php\/wp-json\/wp\/v2\/product\/761572","targetHints":{"allow":["GET"]}}],"collection":[{"href":"https:\/\/roveyayinevi.com.tr\/index.php\/wp-json\/wp\/v2\/product"}],"about":[{"href":"https:\/\/roveyayinevi.com.tr\/index.php\/wp-json\/wp\/v2\/types\/product"}],"wp:attachment":[{"href":"https:\/\/roveyayinevi.com.tr\/index.php\/wp-json\/wp\/v2\/media?parent=761572"}],"wp:term":[{"taxonomy":"product_brand","embeddable":true,"href":"https:\/\/roveyayinevi.com.tr\/index.php\/wp-json\/wp\/v2\/product_brand?post=761572"},{"taxonomy":"product_cat","embeddable":true,"href":"https:\/\/roveyayinevi.com.tr\/index.php\/wp-json\/wp\/v2\/product_cat?post=761572"},{"taxonomy":"product_tag","embeddable":true,"href":"https:\/\/roveyayinevi.com.tr\/index.php\/wp-json\/wp\/v2\/product_tag?post=761572"}],"curies":[{"name":"wp","href":"https:\/\/api.w.org\/{rel}","templated":true}]}}