{"id":761571,"date":"2025-08-28T09:41:13","date_gmt":"2025-08-28T06:41:13","guid":{"rendered":"https:\/\/roveyayinevi.com.tr\/index.php\/urun\/90larda-bir-cocuk-hayati\/"},"modified":"2026-04-16T03:14:54","modified_gmt":"2026-04-16T00:14:54","slug":"90larda-bir-cocuk-hayati","status":"publish","type":"product","link":"https:\/\/roveyayinevi.com.tr\/index.php\/urun\/90larda-bir-cocuk-hayati\/","title":{"rendered":"90\u2019larda Bir \u00c7ocuk: Hayati"},"content":{"rendered":"<p>Kaleleri ta\u015ftan, Zemini asfalttan, Sahas\u0131 sokaktan, 90\u2019lar&#8230;   \u00dczeri dantel \u00f6rt\u00fcl\u00fc televizyonlar, Portakal kokan sobal\u0131 odalar, Gazoz kapaklar\u0131 ile oynanan, Hep \u00f6zlenen 90\u2019lar.   Hayati, 90\u2019larda bir \u00e7ocuk, O g\u00fcnlerse d\u00fcn kadar yak\u0131n Uzay kadar uzak&#8230; Hayati\u2019nin maceralar\u0131 bizi o y\u0131llara ta\u015f\u0131yacak Sevgiyle huzurla ve \u00f6zlemle&#8230;   Not: Bu kitab\u0131 aileniz de mutlaka okumal\u0131&#8230;<\/p>\n","protected":false},"excerpt":{"rendered":"<p>Kaleleri ta\u015ftan, Zemini asfalttan, Sahas\u0131 sokaktan, 90\u2019lar&#8230; \u00dczeri dantel \u00f6rt\u00fcl\u00fc televizyonlar, Portakal kokan sobal\u0131 odalar, Gazoz kapaklar\u0131 ile oynanan, Hep \u00f6zlenen 90\u2019lar. Hayati, 90\u2019larda bir \u00e7ocuk,<span class=\"excerpt-hellip\"> [\u2026]<\/span><\/p>\n","protected":false},"featured_media":0,"template":"","meta":{"_monsterinsights_skip_tracking":false,"_monsterinsights_sitenote_active":false,"_monsterinsights_sitenote_note":"","_monsterinsights_sitenote_category":0},"product_brand":[],"product_cat":[12274,12284],"product_tag":[],"class_list":{"0":"post-761571","1":"product","2":"type-product","3":"status-publish","5":"product_cat-cocuk-ve-genclik-kitaplari","6":"product_cat-hikayeler","7":"pa_cilt-ciltsiz","8":"pa_tur-kitap","9":"pa_yayinevi-luna-cocuk-yayinlari","10":"pa_yazar-halil-kuru","12":"first","13":"instock","14":"sale","15":"shipping-taxable","16":"purchasable","17":"product-type-simple"},"_links":{"self":[{"href":"https:\/\/roveyayinevi.com.tr\/index.php\/wp-json\/wp\/v2\/product\/761571","targetHints":{"allow":["GET"]}}],"collection":[{"href":"https:\/\/roveyayinevi.com.tr\/index.php\/wp-json\/wp\/v2\/product"}],"about":[{"href":"https:\/\/roveyayinevi.com.tr\/index.php\/wp-json\/wp\/v2\/types\/product"}],"wp:attachment":[{"href":"https:\/\/roveyayinevi.com.tr\/index.php\/wp-json\/wp\/v2\/media?parent=761571"}],"wp:term":[{"taxonomy":"product_brand","embeddable":true,"href":"https:\/\/roveyayinevi.com.tr\/index.php\/wp-json\/wp\/v2\/product_brand?post=761571"},{"taxonomy":"product_cat","embeddable":true,"href":"https:\/\/roveyayinevi.com.tr\/index.php\/wp-json\/wp\/v2\/product_cat?post=761571"},{"taxonomy":"product_tag","embeddable":true,"href":"https:\/\/roveyayinevi.com.tr\/index.php\/wp-json\/wp\/v2\/product_tag?post=761571"}],"curies":[{"name":"wp","href":"https:\/\/api.w.org\/{rel}","templated":true}]}}