{"id":761570,"date":"2025-08-28T09:41:11","date_gmt":"2025-08-28T06:41:11","guid":{"rendered":"https:\/\/roveyayinevi.com.tr\/index.php\/urun\/batman-spawn\/"},"modified":"2026-04-16T03:14:54","modified_gmt":"2026-04-16T00:14:54","slug":"batman-spawn","status":"publish","type":"product","link":"https:\/\/roveyayinevi.com.tr\/index.php\/urun\/batman-spawn\/","title":{"rendered":"Batman \/ Spawn"},"content":{"rendered":"<p>Her biri korkun\u00e7 trajediler taraf\u0131ndan lanetlenmi\u015f iki karanl\u0131k kahraman\u0131n yolu birbiriyle kesi\u015fiyor&#8230; Ama kendi se\u00e7imleriyle de\u011fil! Gotham\u2019\u0131n g\u00f6lgelerinden New York\u2019a uzanan bu hik\u00e2yede, Kara \u015e\u00f6valye\u2019yi Cehennem Kral\u0131 ile kar\u015f\u0131 kar\u015f\u0131ya getiren u\u011fursuz d\u00fc\u015fman asl\u0131nda neyin pe\u015finde?<\/p>\n","protected":false},"excerpt":{"rendered":"<p>Her biri korkun\u00e7 trajediler taraf\u0131ndan lanetlenmi\u015f iki karanl\u0131k kahraman\u0131n yolu birbiriyle kesi\u015fiyor&#8230; Ama kendi se\u00e7imleriyle de\u011fil! Gotham\u2019\u0131n g\u00f6lgelerinden New York\u2019a uzanan bu hik\u00e2yede, Kara \u015e\u00f6valye\u2019yi Cehennem<span class=\"excerpt-hellip\"> [\u2026]<\/span><\/p>\n","protected":false},"featured_media":0,"template":"","meta":{"_monsterinsights_skip_tracking":false,"_monsterinsights_sitenote_active":false,"_monsterinsights_sitenote_note":"","_monsterinsights_sitenote_category":0},"product_brand":[],"product_cat":[12416,12291],"product_tag":[],"class_list":{"0":"post-761570","1":"product","2":"type-product","3":"status-publish","5":"product_cat-cizgi-roman","6":"product_cat-edebiyat","7":"pa_cilt-ciltsiz","8":"pa_tur-kitap","9":"pa_yayinevi-jbc-yayincilik","10":"pa_yazar-todd-mcfarlane","12":"first","13":"instock","14":"sale","15":"shipping-taxable","16":"purchasable","17":"product-type-simple"},"_links":{"self":[{"href":"https:\/\/roveyayinevi.com.tr\/index.php\/wp-json\/wp\/v2\/product\/761570","targetHints":{"allow":["GET"]}}],"collection":[{"href":"https:\/\/roveyayinevi.com.tr\/index.php\/wp-json\/wp\/v2\/product"}],"about":[{"href":"https:\/\/roveyayinevi.com.tr\/index.php\/wp-json\/wp\/v2\/types\/product"}],"wp:attachment":[{"href":"https:\/\/roveyayinevi.com.tr\/index.php\/wp-json\/wp\/v2\/media?parent=761570"}],"wp:term":[{"taxonomy":"product_brand","embeddable":true,"href":"https:\/\/roveyayinevi.com.tr\/index.php\/wp-json\/wp\/v2\/product_brand?post=761570"},{"taxonomy":"product_cat","embeddable":true,"href":"https:\/\/roveyayinevi.com.tr\/index.php\/wp-json\/wp\/v2\/product_cat?post=761570"},{"taxonomy":"product_tag","embeddable":true,"href":"https:\/\/roveyayinevi.com.tr\/index.php\/wp-json\/wp\/v2\/product_tag?post=761570"}],"curies":[{"name":"wp","href":"https:\/\/api.w.org\/{rel}","templated":true}]}}