{"id":761569,"date":"2025-08-28T09:41:10","date_gmt":"2025-08-28T06:41:10","guid":{"rendered":"https:\/\/roveyayinevi.com.tr\/index.php\/urun\/mimarlik-aklin-mekan-maceralari\/"},"modified":"2026-04-16T03:14:54","modified_gmt":"2026-04-16T00:14:54","slug":"mimarlik-aklin-mekan-maceralari","status":"publish","type":"product","link":"https:\/\/roveyayinevi.com.tr\/index.php\/urun\/mimarlik-aklin-mekan-maceralari\/","title":{"rendered":"Mimarl\u0131k &#8211; Akl\u0131n Mekan Maceralar\u0131"},"content":{"rendered":"<p>Mimarl\u0131k nedir? Planlar ve \u00e7izimler mi? Yoksa mutlu bir ya\u015fam\u0131 mimarlar\u0131n zihinlerinde nas\u0131l canland\u0131rd\u0131klar\u0131 m\u0131? Kataloglardan, sat\u0131\u015f ofislerinden sat\u0131n al\u0131nan evler mi? Mimarl\u0131\u011f\u0131n bo\u015flu\u011fu estetik \u00fcr\u00fcnlerle doldurmak olmad\u0131\u011f\u0131n\u0131 biliyoruz. \u0130nsan etkinli\u011finin ileri \u00fcr\u00fcnlerinden biri oldu\u011fu halde ba\u011fr\u0131nda yer ald\u0131\u011f\u0131 toplumdan da kopuk de\u011fildir. Topluma ili\u015fkin bilgiler ta\u015f\u0131r. \u0130talya\u2019da R\u00f6nesans d\u00fc\u015f\u00fcncesinden itibaren mimarl\u0131\u011f\u0131n \u201cmek\u00e2nsal bir akla\u201d dayand\u0131\u011f\u0131n\u0131, bu akl\u0131n gereklerini kar\u015f\u0131lad\u0131\u011f\u0131n\u0131 biliyoruz. Hayran kal\u0131yoruz bu akla ama endi\u015feye de kap\u0131lm\u0131yor de\u011filiz. Henri Raymond \u00e7al\u0131\u015fmas\u0131n\u0131n ilk b\u00f6l\u00fcm\u00fcnde Ferdinand de Saussure, Bruno Zevi, Le Corbusier, Francastel, Immanuel Kant, Fran\u00e7oise Choay, Claude L\u00e9vi-Strauss,vb.\u2019den ge\u00e7erek Leonardo da Vinci\u2019den Bourdieu\u2019ye kadar mimarl\u0131\u011f\u0131n, sanat tarihinin, etnolojinin ve felsefenin b\u00fcy\u00fck isimlerini a\u011f\u0131rl\u0131yor ve farkl\u0131 mimarl\u0131k anlay\u0131\u015flar\u0131 temelinde mek\u00e2na ili\u015fkin ideolojilerini ortaya koyuyor. \u0130kinci b\u00f6l\u00fcmdeyse mimarl\u0131\u011f\u0131n as\u0131l paradoksuna, yani ana i\u015flevi g\u00fcndelik ya\u015fam olmas\u0131na ra\u011fmen bir yandan da g\u00fcndelik ya\u015fam\u0131n gereklerinden ka\u00e7\u0131p kurtulmaya \u00e7abalamas\u0131na e\u011filiyor. Ya\u015famortam sakinlerinin g\u00f6r\u00fc\u015flerinin al\u0131nmad\u0131\u011f\u0131na, yarat\u0131lan mek\u00e2na kendilerini bir \u015fekilde uyarlamalar\u0131 gerekti\u011fine dikkat \u00e7ekiyor. Bu ba\u011flamda, mimarlar ve kent planlamac\u0131lar\u0131 taraf\u0131ndan \u00fcretilen bi\u00e7imlerin ge\u00e7erlili\u011fini tart\u0131\u015f\u0131yor. \u00dc\u00e7\u00fcnc\u00fc b\u00f6l\u00fcmde ya\u015famortam sakininin mimari bir eserde ya\u015farken hissettikleri, cepheyi nas\u0131l alg\u0131lad\u0131\u011f\u0131, i\u00e7eriyi nas\u0131l tan\u0131mlad\u0131\u011f\u0131 tan\u0131kl\u0131klarla aktar\u0131lmaktad\u0131r. B\u00f6ylece ki\u015finin kendine ait bir mek\u00e2n\u0131 nas\u0131l olu\u015fturdu\u011fu ve i\u00e7ine sindirdi\u011fi a\u00e7\u0131\u011fa \u00e7\u0131kmaktad\u0131r. <\/p>\n","protected":false},"excerpt":{"rendered":"<p>Mimarl\u0131k nedir? Planlar ve \u00e7izimler mi? Yoksa mutlu bir ya\u015fam\u0131 mimarlar\u0131n zihinlerinde nas\u0131l canland\u0131rd\u0131klar\u0131 m\u0131? Kataloglardan, sat\u0131\u015f ofislerinden sat\u0131n al\u0131nan evler mi? Mimarl\u0131\u011f\u0131n bo\u015flu\u011fu estetik \u00fcr\u00fcnlerle<span class=\"excerpt-hellip\"> [\u2026]<\/span><\/p>\n","protected":false},"featured_media":0,"template":"","meta":{"_monsterinsights_skip_tracking":false,"_monsterinsights_sitenote_active":false,"_monsterinsights_sitenote_note":"","_monsterinsights_sitenote_category":0},"product_brand":[],"product_cat":[13512,12408],"product_tag":[],"class_list":{"0":"post-761569","1":"product","2":"type-product","3":"status-publish","5":"product_cat-mimarlik","6":"product_cat-sanat","7":"pa_cilt-ciltsiz","8":"pa_tur-kitap","9":"pa_yayinevi-janus","10":"pa_yazar-henri-raymond","12":"first","13":"instock","14":"sale","15":"shipping-taxable","16":"purchasable","17":"product-type-simple"},"_links":{"self":[{"href":"https:\/\/roveyayinevi.com.tr\/index.php\/wp-json\/wp\/v2\/product\/761569","targetHints":{"allow":["GET"]}}],"collection":[{"href":"https:\/\/roveyayinevi.com.tr\/index.php\/wp-json\/wp\/v2\/product"}],"about":[{"href":"https:\/\/roveyayinevi.com.tr\/index.php\/wp-json\/wp\/v2\/types\/product"}],"wp:attachment":[{"href":"https:\/\/roveyayinevi.com.tr\/index.php\/wp-json\/wp\/v2\/media?parent=761569"}],"wp:term":[{"taxonomy":"product_brand","embeddable":true,"href":"https:\/\/roveyayinevi.com.tr\/index.php\/wp-json\/wp\/v2\/product_brand?post=761569"},{"taxonomy":"product_cat","embeddable":true,"href":"https:\/\/roveyayinevi.com.tr\/index.php\/wp-json\/wp\/v2\/product_cat?post=761569"},{"taxonomy":"product_tag","embeddable":true,"href":"https:\/\/roveyayinevi.com.tr\/index.php\/wp-json\/wp\/v2\/product_tag?post=761569"}],"curies":[{"name":"wp","href":"https:\/\/api.w.org\/{rel}","templated":true}]}}