{"id":761568,"date":"2025-08-28T09:41:09","date_gmt":"2025-08-28T06:41:09","guid":{"rendered":"https:\/\/roveyayinevi.com.tr\/index.php\/urun\/socrates-dergi-no95\/"},"modified":"2026-04-16T03:14:54","modified_gmt":"2026-04-16T00:14:54","slug":"socrates-dergi-no95","status":"publish","type":"product","link":"https:\/\/roveyayinevi.com.tr\/index.php\/urun\/socrates-dergi-no95\/","title":{"rendered":"Socrates Dergi No:95"},"content":{"rendered":"<p>Socrates Dergi yakla\u015f\u0131k bir bu\u00e7uk y\u0131ll\u0131k aran\u0131n ard\u0131ndan 95. say\u0131s\u0131yla kitap format\u0131nda geri d\u00f6n\u00fcyor.   \u0130ki ayr\u0131 kapakla \u00e7\u0131kan d\u00f6n\u00fc\u015f say\u0131m\u0131z\u0131n kapaklar\u0131n\u0131 2024 yaz\u0131n\u0131n iki b\u00fcy\u00fck spor organizasyonuna ay\u0131rd\u0131k: EURO 2024 ve 2024 Paris Yaz Olimpiyat Oyunlar\u0131. Her iki organizasyon, bu evladiyelik say\u0131da kapsaml\u0131 bir \u015fekilde mercek alt\u0131na al\u0131nd\u0131. Bu metinlere ve infografiklere Vincenzo Montella, Abdullah Avc\u0131, Ersun Yanal, Gizem \u00d6rge, \u0130lkin Ayd\u0131n, Ersu \u015ea\u015fma ve daha pek \u00e7ok isimle yap\u0131lan \u00f6zel r\u00f6portajlar e\u015flik ediyor. <\/p>\n","protected":false},"excerpt":{"rendered":"<p>Socrates Dergi yakla\u015f\u0131k bir bu\u00e7uk y\u0131ll\u0131k aran\u0131n ard\u0131ndan 95. say\u0131s\u0131yla kitap format\u0131nda geri d\u00f6n\u00fcyor. \u0130ki ayr\u0131 kapakla \u00e7\u0131kan d\u00f6n\u00fc\u015f say\u0131m\u0131z\u0131n kapaklar\u0131n\u0131 2024 yaz\u0131n\u0131n iki b\u00fcy\u00fck spor<span class=\"excerpt-hellip\"> [\u2026]<\/span><\/p>\n","protected":false},"featured_media":0,"template":"","meta":{"_monsterinsights_skip_tracking":false,"_monsterinsights_sitenote_active":false,"_monsterinsights_sitenote_note":"","_monsterinsights_sitenote_category":0},"product_brand":[],"product_cat":[15563,15564],"product_tag":[],"class_list":{"0":"post-761568","1":"product","2":"type-product","3":"status-publish","5":"product_cat-hobi","6":"product_cat-spor","7":"pa_cilt-ciltsiz","8":"pa_tur-dergi","9":"pa_yayinevi-can-yayinlari","10":"pa_yazar-kolektif","12":"first","13":"instock","14":"sale","15":"shipping-taxable","16":"purchasable","17":"product-type-simple"},"_links":{"self":[{"href":"https:\/\/roveyayinevi.com.tr\/index.php\/wp-json\/wp\/v2\/product\/761568","targetHints":{"allow":["GET"]}}],"collection":[{"href":"https:\/\/roveyayinevi.com.tr\/index.php\/wp-json\/wp\/v2\/product"}],"about":[{"href":"https:\/\/roveyayinevi.com.tr\/index.php\/wp-json\/wp\/v2\/types\/product"}],"wp:attachment":[{"href":"https:\/\/roveyayinevi.com.tr\/index.php\/wp-json\/wp\/v2\/media?parent=761568"}],"wp:term":[{"taxonomy":"product_brand","embeddable":true,"href":"https:\/\/roveyayinevi.com.tr\/index.php\/wp-json\/wp\/v2\/product_brand?post=761568"},{"taxonomy":"product_cat","embeddable":true,"href":"https:\/\/roveyayinevi.com.tr\/index.php\/wp-json\/wp\/v2\/product_cat?post=761568"},{"taxonomy":"product_tag","embeddable":true,"href":"https:\/\/roveyayinevi.com.tr\/index.php\/wp-json\/wp\/v2\/product_tag?post=761568"}],"curies":[{"name":"wp","href":"https:\/\/api.w.org\/{rel}","templated":true}]}}