{"id":761567,"date":"2025-08-28T09:41:06","date_gmt":"2025-08-28T06:41:06","guid":{"rendered":"https:\/\/roveyayinevi.com.tr\/index.php\/urun\/duvar-7\/"},"modified":"2026-04-16T03:14:54","modified_gmt":"2026-04-16T00:14:54","slug":"duvar-7","status":"publish","type":"product","link":"https:\/\/roveyayinevi.com.tr\/index.php\/urun\/duvar-7\/","title":{"rendered":"Duvar"},"content":{"rendered":"<p>Nuh \u00d6zt\u00fcrk\u2019\u00fcn \u201cDuvar\u201d adl\u0131 bu eserinde 14 \u00f6yk\u00fc bulunmaktad\u0131r. Nuh \u00d6zt\u00fcrk \u00f6yk\u00fcleriyle soka\u011f\u0131n denize bakan yamac\u0131ndan k\u00f6y kahvesine, u\u011fultulu caddelerden sesin r\u00fczg\u00e2rlara kar\u0131\u015ft\u0131\u011f\u0131 ormanlara kadar uzan\u0131yor. Sat\u0131r aralar\u0131nda uyand\u0131rd\u0131\u011f\u0131 nostaljiyle tebess\u00fcm etti\u011fimiz de oluyor, tahamm\u00fcl m\u00fclk\u00fcn\u00fc y\u0131kan felaketlerle trajediyi yeniden ya\u015fad\u0131\u011f\u0131m\u0131z da&#8230; Anlat\u0131lanlar bize kendi an\u0131lar\u0131m\u0131z kadar yak\u0131n, bir masal \u00e2lemi kadar uzak. Duvar\u2019\u0131n \u00f6tesinde, bir yerlerde\u2026 <\/p>\n","protected":false},"excerpt":{"rendered":"<p>Nuh \u00d6zt\u00fcrk\u2019\u00fcn \u201cDuvar\u201d adl\u0131 bu eserinde 14 \u00f6yk\u00fc bulunmaktad\u0131r. Nuh \u00d6zt\u00fcrk \u00f6yk\u00fcleriyle soka\u011f\u0131n denize bakan yamac\u0131ndan k\u00f6y kahvesine, u\u011fultulu caddelerden sesin r\u00fczg\u00e2rlara kar\u0131\u015ft\u0131\u011f\u0131 ormanlara kadar uzan\u0131yor.<span class=\"excerpt-hellip\"> [\u2026]<\/span><\/p>\n","protected":false},"featured_media":0,"template":"","meta":{"_monsterinsights_skip_tracking":false,"_monsterinsights_sitenote_active":false,"_monsterinsights_sitenote_note":"","_monsterinsights_sitenote_category":0},"product_brand":[],"product_cat":[12291,18202],"product_tag":[],"class_list":{"0":"post-761567","1":"product","2":"type-product","3":"status-publish","5":"product_cat-edebiyat","6":"product_cat-hikaye","7":"pa_cilt-ciltsiz","8":"pa_tur-kitap","9":"pa_yayinevi-alden-yayinlari","10":"pa_yazar-nuh-ozturk","12":"first","13":"instock","14":"sale","15":"shipping-taxable","16":"purchasable","17":"product-type-simple"},"_links":{"self":[{"href":"https:\/\/roveyayinevi.com.tr\/index.php\/wp-json\/wp\/v2\/product\/761567","targetHints":{"allow":["GET"]}}],"collection":[{"href":"https:\/\/roveyayinevi.com.tr\/index.php\/wp-json\/wp\/v2\/product"}],"about":[{"href":"https:\/\/roveyayinevi.com.tr\/index.php\/wp-json\/wp\/v2\/types\/product"}],"wp:attachment":[{"href":"https:\/\/roveyayinevi.com.tr\/index.php\/wp-json\/wp\/v2\/media?parent=761567"}],"wp:term":[{"taxonomy":"product_brand","embeddable":true,"href":"https:\/\/roveyayinevi.com.tr\/index.php\/wp-json\/wp\/v2\/product_brand?post=761567"},{"taxonomy":"product_cat","embeddable":true,"href":"https:\/\/roveyayinevi.com.tr\/index.php\/wp-json\/wp\/v2\/product_cat?post=761567"},{"taxonomy":"product_tag","embeddable":true,"href":"https:\/\/roveyayinevi.com.tr\/index.php\/wp-json\/wp\/v2\/product_tag?post=761567"}],"curies":[{"name":"wp","href":"https:\/\/api.w.org\/{rel}","templated":true}]}}