{"id":761559,"date":"2025-08-28T09:40:49","date_gmt":"2025-08-28T06:40:49","guid":{"rendered":"https:\/\/roveyayinevi.com.tr\/index.php\/urun\/benim-kotu-sekillenmis-hayatim\/"},"modified":"2026-04-16T03:14:54","modified_gmt":"2026-04-16T00:14:54","slug":"benim-kotu-sekillenmis-hayatim","status":"publish","type":"product","link":"https:\/\/roveyayinevi.com.tr\/index.php\/urun\/benim-kotu-sekillenmis-hayatim\/","title":{"rendered":"Benim K\u00f6t\u00fc \u015eekillenmi\u015f Hayat\u0131m"},"content":{"rendered":"<p>\u0130talya\u2019n\u0131n d\u00fcnya \u00e7izgi roman\u0131na son hediyesi GIPI\u2019den \u201c\u015fahane \u015fekillenmi\u015f\u201d bir \u00e7izgi roman!   Ciddi ve komik aras\u0131nda denge kurarak, ger\u00e7ek ve saykodelik yolculuklar aras\u0131nda gidip gelerek, t\u0131bbi feti\u015flerle sa\u011fl\u0131k sorunlar\u0131 aras\u0131nda s\u0131k\u0131\u015fan, t\u00fcm zamanlar\u0131n en b\u00fcy\u00fck yazarlar\u0131ndan biri, kendini daha \u00f6nce hi\u00e7 olmad\u0131\u011f\u0131 kadar ortaya koyuyor.   Siyah-beyaz\u0131 renge, g\u00fcnl\u00fck ya\u015fam\u0131 hayal g\u00fcc\u00fcne, mahremiyeti daha cesur bir i\u00e7g\u00f6r\u00fcye d\u00f6n\u00fc\u015ft\u00fcrerek anlat\u0131lan dokunakl\u0131 bir hik\u00e2ye.   \u015eeylerin \u00f6z\u00fcne i\u015faret eden ve \u00e7izgi roman dilini yeni olanaklara a\u00e7an bir anlat\u0131.   <\/p>\n","protected":false},"excerpt":{"rendered":"<p>\u0130talya\u2019n\u0131n d\u00fcnya \u00e7izgi roman\u0131na son hediyesi GIPI\u2019den \u201c\u015fahane \u015fekillenmi\u015f\u201d bir \u00e7izgi roman! Ciddi ve komik aras\u0131nda denge kurarak, ger\u00e7ek ve saykodelik yolculuklar aras\u0131nda gidip gelerek, t\u0131bbi<span class=\"excerpt-hellip\"> [\u2026]<\/span><\/p>\n","protected":false},"featured_media":0,"template":"","meta":{"_monsterinsights_skip_tracking":false,"_monsterinsights_sitenote_active":false,"_monsterinsights_sitenote_note":"","_monsterinsights_sitenote_category":0},"product_brand":[],"product_cat":[12416,12291],"product_tag":[],"class_list":{"0":"post-761559","1":"product","2":"type-product","3":"status-publish","5":"product_cat-cizgi-roman","6":"product_cat-edebiyat","7":"pa_cilt-ciltsiz","8":"pa_tur-kitap","9":"pa_yayinevi-kara-karga-yayinlari","10":"pa_yazar-gipi-gian-alfonso-pacinotti","12":"first","13":"instock","14":"sale","15":"shipping-taxable","16":"purchasable","17":"product-type-simple"},"_links":{"self":[{"href":"https:\/\/roveyayinevi.com.tr\/index.php\/wp-json\/wp\/v2\/product\/761559","targetHints":{"allow":["GET"]}}],"collection":[{"href":"https:\/\/roveyayinevi.com.tr\/index.php\/wp-json\/wp\/v2\/product"}],"about":[{"href":"https:\/\/roveyayinevi.com.tr\/index.php\/wp-json\/wp\/v2\/types\/product"}],"wp:attachment":[{"href":"https:\/\/roveyayinevi.com.tr\/index.php\/wp-json\/wp\/v2\/media?parent=761559"}],"wp:term":[{"taxonomy":"product_brand","embeddable":true,"href":"https:\/\/roveyayinevi.com.tr\/index.php\/wp-json\/wp\/v2\/product_brand?post=761559"},{"taxonomy":"product_cat","embeddable":true,"href":"https:\/\/roveyayinevi.com.tr\/index.php\/wp-json\/wp\/v2\/product_cat?post=761559"},{"taxonomy":"product_tag","embeddable":true,"href":"https:\/\/roveyayinevi.com.tr\/index.php\/wp-json\/wp\/v2\/product_tag?post=761559"}],"curies":[{"name":"wp","href":"https:\/\/api.w.org\/{rel}","templated":true}]}}