{"id":761558,"date":"2025-08-28T09:40:46","date_gmt":"2025-08-28T06:40:46","guid":{"rendered":"https:\/\/roveyayinevi.com.tr\/index.php\/urun\/orwellin-gulleri\/"},"modified":"2026-04-16T03:14:54","modified_gmt":"2026-04-16T00:14:54","slug":"orwellin-gulleri","status":"publish","type":"product","link":"https:\/\/roveyayinevi.com.tr\/index.php\/urun\/orwellin-gulleri\/","title":{"rendered":"Orwell\u2019in G\u00fclleri"},"content":{"rendered":"<p>Ulusal Kitap Ele\u015ftirmenleri Birli\u011fi Kurgu D\u0131\u015f\u0131 \u00d6d\u00fcl\u00fc finalisti PEN\/Jacqueline Bograd Weld Biyografi \u00d6d\u00fcl\u00fc finalisti  \u201cYazar\u0131n biri 1936 bahar\u0131nda g\u00fcl dikmi\u015fti \u2026 Bu gu\u0308llerle ilgili yaz\u0131y\u0131 okuyal\u0131 otuz y\u0131ldan fazla olmu\u015ftu ama u\u0308zerine pek du\u0308\u015fu\u0308nmemi\u015ftim. Hepsi birer gu\u0308ldu\u0308, o kadar. Halbuki \u015fimdi, uzun su\u0308re \u00f6nce kabullendi\u011fim, o bilinen Orwell ile ilgili yarg\u0131lar\u0131m\u0131 ortadan kald\u0131r\u0131yor, daha derine ineyim diye akl\u0131m\u0131 \u00e7eliyorlard\u0131. Orwell kimdi, biz kimdik, \u00f6l\u00e7u\u0308lebilir somut bir sonucu olmayan keyif, gu\u0308zellik ve zaman kavramlar\u0131; adalet, hakikat, insan haklar\u0131 ve du\u0308nyay\u0131 de\u011fi\u015ftirmek gibi meseleleri \u00f6nemseyen birinin veya belki de herkesin hayat\u0131nda nas\u0131l da ayn\u0131 \u015fekilde yer ediyordu, bunlar\u0131 sorgulat\u0131yorlard\u0131.\u201d   Rebecca Solnit, Orwell\u2019in 1936\u2019da dikti\u011fi g\u00fcllerin hik\u00e2yesinden yola \u00e7\u0131karak onun hayat\u0131n\u0131n g\u00f6zden ka\u00e7an y\u00f6nlerini irdeliyor. Orwell&#8217;in yery\u00fcz\u00fcnden, havadan, nergislerden, kirpilerden, g\u00fcllerden ve bah\u00e7\u0131vanl\u0131ktan b\u00fcy\u00fck keyif alabildi\u011fini ve bu keyfin onun siyasi vizyonuna i\u00e7kin oldu\u011funu g\u00f6stermeye \u00e7al\u0131\u015f\u0131yor. Solnit \u015fa\u015f\u0131rt\u0131c\u0131 ve ezber bozan ba\u011flant\u0131lar kurma konusundaki becerisiyle Orwell\u2019i anlat\u0131rken, \u0130ngiltere\u2019nin k\u00f6m\u00fcr madenlerinden \u0130spanya \u0130\u00e7 Sava\u015f\u0131\u2019na, Kolombiya\u2019n\u0131n g\u00fcl fabrikalar\u0131ndan yalanlar ve otoriteryanizm aras\u0131ndaki ili\u015fkileri analiz etmeye uzanan bir yolculu\u011fa \u00e7\u0131kar\u0131yor bizleri.     \u201cOrwell\u2019in hayat\u0131 ve d\u00f6nemi ile g\u00fcllerin hayat\u0131 aras\u0131nda ya\u015fanan heyecan dolu bir gezi.\u201d  \u2014 Margaret Atwood \u201cBu kitab\u0131 okuyanlar 1984 hakk\u0131nda bir daha ayn\u0131 \u015fekilde d\u00fc\u015f\u00fcnmeyecek.\u201d \u2014 Vogue <\/p>\n","protected":false},"excerpt":{"rendered":"<p>Ulusal Kitap Ele\u015ftirmenleri Birli\u011fi Kurgu D\u0131\u015f\u0131 \u00d6d\u00fcl\u00fc finalisti PEN\/Jacqueline Bograd Weld Biyografi \u00d6d\u00fcl\u00fc finalisti \u201cYazar\u0131n biri 1936 bahar\u0131nda g\u00fcl dikmi\u015fti \u2026 Bu gu\u0308llerle ilgili yaz\u0131y\u0131 okuyal\u0131<span class=\"excerpt-hellip\"> [\u2026]<\/span><\/p>\n","protected":false},"featured_media":0,"template":"","meta":{"_monsterinsights_skip_tracking":false,"_monsterinsights_sitenote_active":false,"_monsterinsights_sitenote_note":"","_monsterinsights_sitenote_category":0},"product_brand":[],"product_cat":[14009,12291],"product_tag":[],"class_list":{"0":"post-761558","1":"product","2":"type-product","3":"status-publish","5":"product_cat-biyografi-otobiyografi-edebiyat","6":"product_cat-edebiyat","7":"pa_cilt-ciltsiz","8":"pa_tur-kitap","9":"pa_yayinevi-minotor-kitap","10":"pa_yazar-rebecca-solnit","12":"first","13":"instock","14":"sale","15":"shipping-taxable","16":"purchasable","17":"product-type-simple"},"_links":{"self":[{"href":"https:\/\/roveyayinevi.com.tr\/index.php\/wp-json\/wp\/v2\/product\/761558","targetHints":{"allow":["GET"]}}],"collection":[{"href":"https:\/\/roveyayinevi.com.tr\/index.php\/wp-json\/wp\/v2\/product"}],"about":[{"href":"https:\/\/roveyayinevi.com.tr\/index.php\/wp-json\/wp\/v2\/types\/product"}],"wp:attachment":[{"href":"https:\/\/roveyayinevi.com.tr\/index.php\/wp-json\/wp\/v2\/media?parent=761558"}],"wp:term":[{"taxonomy":"product_brand","embeddable":true,"href":"https:\/\/roveyayinevi.com.tr\/index.php\/wp-json\/wp\/v2\/product_brand?post=761558"},{"taxonomy":"product_cat","embeddable":true,"href":"https:\/\/roveyayinevi.com.tr\/index.php\/wp-json\/wp\/v2\/product_cat?post=761558"},{"taxonomy":"product_tag","embeddable":true,"href":"https:\/\/roveyayinevi.com.tr\/index.php\/wp-json\/wp\/v2\/product_tag?post=761558"}],"curies":[{"name":"wp","href":"https:\/\/api.w.org\/{rel}","templated":true}]}}