{"id":761557,"date":"2025-08-28T09:40:45","date_gmt":"2025-08-28T06:40:45","guid":{"rendered":"https:\/\/roveyayinevi.com.tr\/index.php\/urun\/buyuk-ucurum-oteli\/"},"modified":"2026-04-16T03:14:54","modified_gmt":"2026-04-16T00:14:54","slug":"buyuk-ucurum-oteli","status":"publish","type":"product","link":"https:\/\/roveyayinevi.com.tr\/index.php\/urun\/buyuk-ucurum-oteli\/","title":{"rendered":"B\u00fcy\u00fck U\u00e7urum Oteli"},"content":{"rendered":"<p>\u201cYirminci y\u00fczy\u0131l\u0131n en heybetli entelekt\u00fcel hareketlerinden birinin tarihini yal\u0131n ve e\u011flenceli bir \u00fcslupla anlat\u0131yor&#8230; Kolay okunur, esprili, s\u00fcr\u00fckleyici bir \u00e7al\u0131\u015fma.\u201d \u2014 The Guardian   \u201cMerak uyand\u0131r\u0131c\u0131 ve k\u0131\u015fk\u0131rt\u0131c\u0131&#8230; Jeffries b\u00f6ylesine rahat okunabilir, i\u011fneleyici ve ayr\u0131nt\u0131l\u0131 bir kitap yazarak b\u00fcy\u00fck i\u015f ba\u015farm\u0131\u015f.\u201d  \u2014 The Scotsman   1923 y\u0131l\u0131nda bir grup entelekt\u00fcel modern d\u00fcnyan\u0131n i\u015fleyi\u015fini \u00e7\u00f6z\u00fcmlemek, kapitalist sistemin ele\u015ftirisini yapmak \u00fczere Frankfurt&#8217;ta bir araya geldi. Sonralar\u0131 Frankfurt Okulu olarak an\u0131lacak Marksist Ara\u015ft\u0131rma Enstit\u00fcs\u00fc kuruldu\u011fu andan itibaren reel siyasete mesafeli, siyasi m\u00fccadelelere kar\u015f\u0131 \u015f\u00fcpheci bir tav\u0131r tak\u0131nd\u0131. Bu okulun ileri gelen \u00fcyeleri \u2013Theodor Adorno, Max Horkheimer, Herbert Marcuse, Erich Fromm, Friedrich Pollock, Franz Neumann ve J\u00fcrgen Habermas\u2013 fa\u015fizmin habisli\u011fini ve kapitalizmin bat\u0131 toplumlar\u0131n\u0131n i\u00e7ini oyan, \u00e7\u00f6kerten etkilerini irdelemek ve ele\u015ftirmek konusunda ustayd\u0131lar ve sadece d\u00fc\u015f\u00fcnme bi\u00e7imimizi de\u011fil, tart\u0131\u015fmaya de\u011fer g\u00f6rd\u00fc\u011f\u00fcm\u00fcz konu ba\u015fl\u0131klar\u0131n\u0131 da de\u011fi\u015ftirdiler. Frankfurt Okulu\u2019nda ortaya konan fikirler ve y\u00fcr\u00fct\u00fclen tart\u0131\u015fmalar her \u015feye ra\u011fmen \u00f6nemini hep korudu. Kapitalizm ve fa\u015fizmin kendisini g\u00fcncelledi\u011fi, toplumun sosyal medya ve t\u00fcketim \u00e7\u0131lg\u0131nl\u0131\u011f\u0131na mahk\u00fbm oldu\u011fu, makinele\u015fti\u011fi \u00e7a\u011f\u0131m\u0131z\u0131n karanl\u0131\u011f\u0131n\u0131 \u00e7\u00f6z\u00fcmleme yolunda Frankfurt Okulu d\u00fc\u015f\u00fcn\u00fcrlerinin h\u00e2l\u00e2 s\u00f6yleyecek s\u00f6zleri var. Stuart Jeffries\u2019in ifadesiyle \u201cOnlar\u0131n \u015fi\u015feye koyduklar\u0131 mesaj\u0131 a\u00e7\u0131p okuman\u0131n vakti geldi art\u0131k.\u201d <\/p>\n","protected":false},"excerpt":{"rendered":"<p>\u201cYirminci y\u00fczy\u0131l\u0131n en heybetli entelekt\u00fcel hareketlerinden birinin tarihini yal\u0131n ve e\u011flenceli bir \u00fcslupla anlat\u0131yor&#8230; Kolay okunur, esprili, s\u00fcr\u00fckleyici bir \u00e7al\u0131\u015fma.\u201d \u2014 The Guardian \u201cMerak uyand\u0131r\u0131c\u0131 ve<span class=\"excerpt-hellip\"> [\u2026]<\/span><\/p>\n","protected":false},"featured_media":0,"template":"","meta":{"_monsterinsights_skip_tracking":false,"_monsterinsights_sitenote_active":false,"_monsterinsights_sitenote_note":"","_monsterinsights_sitenote_category":0},"product_brand":[],"product_cat":[12304],"product_tag":[],"class_list":{"0":"post-761557","1":"product","2":"type-product","3":"status-publish","5":"product_cat-tarih","6":"pa_cilt-ciltsiz","7":"pa_tur-kitap","8":"pa_yayinevi-minotor-kitap","9":"pa_yazar-stuart-jeffries","11":"first","12":"instock","13":"sale","14":"shipping-taxable","15":"purchasable","16":"product-type-simple"},"_links":{"self":[{"href":"https:\/\/roveyayinevi.com.tr\/index.php\/wp-json\/wp\/v2\/product\/761557","targetHints":{"allow":["GET"]}}],"collection":[{"href":"https:\/\/roveyayinevi.com.tr\/index.php\/wp-json\/wp\/v2\/product"}],"about":[{"href":"https:\/\/roveyayinevi.com.tr\/index.php\/wp-json\/wp\/v2\/types\/product"}],"wp:attachment":[{"href":"https:\/\/roveyayinevi.com.tr\/index.php\/wp-json\/wp\/v2\/media?parent=761557"}],"wp:term":[{"taxonomy":"product_brand","embeddable":true,"href":"https:\/\/roveyayinevi.com.tr\/index.php\/wp-json\/wp\/v2\/product_brand?post=761557"},{"taxonomy":"product_cat","embeddable":true,"href":"https:\/\/roveyayinevi.com.tr\/index.php\/wp-json\/wp\/v2\/product_cat?post=761557"},{"taxonomy":"product_tag","embeddable":true,"href":"https:\/\/roveyayinevi.com.tr\/index.php\/wp-json\/wp\/v2\/product_tag?post=761557"}],"curies":[{"name":"wp","href":"https:\/\/api.w.org\/{rel}","templated":true}]}}