{"id":761553,"date":"2025-08-28T09:40:38","date_gmt":"2025-08-28T06:40:38","guid":{"rendered":"https:\/\/roveyayinevi.com.tr\/index.php\/urun\/kendimi-buldum-arketiplerle-donusum\/"},"modified":"2026-04-11T14:29:43","modified_gmt":"2026-04-11T11:29:43","slug":"kendimi-buldum-arketiplerle-donusum","status":"publish","type":"product","link":"https:\/\/roveyayinevi.com.tr\/index.php\/urun\/kendimi-buldum-arketiplerle-donusum\/","title":{"rendered":"Kendimi Buldum: Arketiplerle D\u00f6n\u00fc\u015f\u00fcm"},"content":{"rendered":"<p>Kolektif bilin\u00e7d\u0131\u015f\u0131nda yer alan arketipler insanl\u0131\u011f\u0131n ortak miras\u0131d\u0131r. \u0130nsan\u0131n biricik ki\u015fili\u011findeki bu ortak par\u00e7alar hayat\u0131n \u00f6nemli e\u015fiklerinde ayn\u0131 \u015fekilde hareket edebilir. Bu par\u00e7alar t\u0131pk\u0131 v\u00fccudumuzun bir par\u00e7as\u0131 gibi aktif olarak kullan\u0131lmal\u0131d\u0131r. Bir bak\u0131ma ki\u015finin potansiyellerini ger\u00e7ekle\u015ftirmesinin di\u011fer ad\u0131d\u0131r bu. D\u00fc\u015fmanca d\u0131\u015f ko\u015fullar ve i\u00e7sel \u00e7at\u0131\u015fmalar kar\u015f\u0131s\u0131nda ne yapacaks\u0131n\u0131z? Sava\u015f\u00e7\u0131 rol\u00fcne b\u00fcr\u00fcn\u00fcp m\u00fccadele mi edeceksiniz, yoksa g\u00f6lgenize yenik mi d\u00fc\u015feceksiniz? Fedak\u00e2rl\u0131k bir s\u00fcreden sonra kendinizi unutmak ve yaln\u0131zca kar\u015f\u0131 taraf i\u00e7in ya\u015famak anlam\u0131na m\u0131 gelecek? Korkular\u0131n\u0131z ve \u201cal\u0131nyaz\u0131n\u0131z\u201d sizi kendinize mi esir edecek?   Jung Ko\u00e7u ve e\u011fitmen Selmin G\u00f6k, Carol S. Pearson\u2019\u0131n en bilinen alt\u0131 arketipi ele ald\u0131\u011f\u0131 Jung psikolojisi klasikleri aras\u0131nda g\u00f6sterilen \u0130\u00e7imizdeki Kahraman\u2019dan ilham alarak okuru i\u00e7sel bir yolculu\u011fa davet ediyor. Ki\u015fili\u011fimizin geli\u015fiminde bask\u0131n rol oynayan alt\u0131 arketipi \u00f6yk\u00fclerle karakterize ederek onlar\u0131 somutla\u015ft\u0131ran Kendimi Buldum, bu zorlu bilin\u00e7d\u0131\u015f\u0131 yolculu\u011funda d\u00f6n\u00fc\u015f\u00fcme yard\u0131mc\u0131 olacak samimi bir k\u0131lavuz. <\/p>\n","protected":false},"excerpt":{"rendered":"<p>Kolektif bilin\u00e7d\u0131\u015f\u0131nda yer alan arketipler insanl\u0131\u011f\u0131n ortak miras\u0131d\u0131r. \u0130nsan\u0131n biricik ki\u015fili\u011findeki bu ortak par\u00e7alar hayat\u0131n \u00f6nemli e\u015fiklerinde ayn\u0131 \u015fekilde hareket edebilir. Bu par\u00e7alar t\u0131pk\u0131 v\u00fccudumuzun bir<span class=\"excerpt-hellip\"> [\u2026]<\/span><\/p>\n","protected":false},"featured_media":0,"template":"","meta":{"_monsterinsights_skip_tracking":false,"_monsterinsights_sitenote_active":false,"_monsterinsights_sitenote_note":"","_monsterinsights_sitenote_category":0},"product_brand":[],"product_cat":[12364,12376],"product_tag":[],"class_list":{"0":"post-761553","1":"product","2":"type-product","3":"status-publish","5":"product_cat-genel-konular","6":"product_cat-kisisel-gelisim","7":"pa_cilt-ciltsiz","8":"pa_tur-kitap","9":"pa_yayinevi-nova-kitap","10":"pa_yazar-selmin-gok","12":"first","13":"instock","14":"sale","15":"shipping-taxable","16":"purchasable","17":"product-type-simple"},"_links":{"self":[{"href":"https:\/\/roveyayinevi.com.tr\/index.php\/wp-json\/wp\/v2\/product\/761553","targetHints":{"allow":["GET"]}}],"collection":[{"href":"https:\/\/roveyayinevi.com.tr\/index.php\/wp-json\/wp\/v2\/product"}],"about":[{"href":"https:\/\/roveyayinevi.com.tr\/index.php\/wp-json\/wp\/v2\/types\/product"}],"wp:attachment":[{"href":"https:\/\/roveyayinevi.com.tr\/index.php\/wp-json\/wp\/v2\/media?parent=761553"}],"wp:term":[{"taxonomy":"product_brand","embeddable":true,"href":"https:\/\/roveyayinevi.com.tr\/index.php\/wp-json\/wp\/v2\/product_brand?post=761553"},{"taxonomy":"product_cat","embeddable":true,"href":"https:\/\/roveyayinevi.com.tr\/index.php\/wp-json\/wp\/v2\/product_cat?post=761553"},{"taxonomy":"product_tag","embeddable":true,"href":"https:\/\/roveyayinevi.com.tr\/index.php\/wp-json\/wp\/v2\/product_tag?post=761553"}],"curies":[{"name":"wp","href":"https:\/\/api.w.org\/{rel}","templated":true}]}}