{"id":761552,"date":"2025-08-28T09:40:36","date_gmt":"2025-08-28T06:40:36","guid":{"rendered":"https:\/\/roveyayinevi.com.tr\/index.php\/urun\/beastars-cilt-3\/"},"modified":"2026-04-16T03:14:54","modified_gmt":"2026-04-16T00:14:54","slug":"beastars-cilt-3","status":"publish","type":"product","link":"https:\/\/roveyayinevi.com.tr\/index.php\/urun\/beastars-cilt-3\/","title":{"rendered":"Beastars Cilt 3"},"content":{"rendered":"<p>Karga\u015faya sebep olan a\u00e7\u0131l\u0131\u015f g\u00f6sterisi sona erdi.Cherryton Okulu&#8217;nun \u00f6\u011frencileri, yaz\u0131 kar\u015f\u0131lamaya haz\u0131rlan\u0131yor.Yaz\u0131n en b\u00fcy\u00fck etkinli\u011fi olan Meteor Festivali heyecanlabekleniyor. Legoshi, arkada\u015flar\u0131yla \u015fehre indi\u011finde yanl\u0131\u015fl\u0131klaKaraborsa&#8217;da kaybolunca ya\u015fad\u0131\u011f\u0131 d\u00fcnyan\u0131n \u00e7arp\u0131kl\u0131\u011f\u0131na,a\u00e7g\u00f6zl\u00fcl\u00fc\u011f\u00fcne ve ac\u0131 ger\u00e7eklerine tan\u0131k oluyor.T\u00fcm bu karga\u015fan\u0131n aras\u0131nda Legoshi, di\u015fi tav\u015fan Hal\u2019iakl\u0131ndan \u00e7\u0131karam\u0131yor. Tekrar kar\u015f\u0131last\u0131klar\u0131nda her zamankindendaha tuhaf davran\u0131yor. Bu ikilinin bas\u0131na neler gelecek?! Hayvanlar\u0131n gen\u00e7likdramas\u0131 kar\u015f\u0131n\u0131zda!!<\/p>\n","protected":false},"excerpt":{"rendered":"<p>Karga\u015faya sebep olan a\u00e7\u0131l\u0131\u015f g\u00f6sterisi sona erdi.Cherryton Okulu&#8217;nun \u00f6\u011frencileri, yaz\u0131 kar\u015f\u0131lamaya haz\u0131rlan\u0131yor.Yaz\u0131n en b\u00fcy\u00fck etkinli\u011fi olan Meteor Festivali heyecanlabekleniyor. Legoshi, arkada\u015flar\u0131yla \u015fehre indi\u011finde yanl\u0131\u015fl\u0131klaKaraborsa&#8217;da kaybolunca ya\u015fad\u0131\u011f\u0131<span class=\"excerpt-hellip\"> [\u2026]<\/span><\/p>\n","protected":false},"featured_media":0,"template":"","meta":{"_monsterinsights_skip_tracking":false,"_monsterinsights_sitenote_active":false,"_monsterinsights_sitenote_note":"","_monsterinsights_sitenote_category":0},"product_brand":[],"product_cat":[12416,12291],"product_tag":[],"class_list":{"0":"post-761552","1":"product","2":"type-product","3":"status-publish","5":"product_cat-cizgi-roman","6":"product_cat-edebiyat","7":"pa_cilt-ciltsiz","8":"pa_tur-kitap","9":"pa_yayinevi-kayip-kita-yayinlari","10":"pa_yazar-paru-itagaki","12":"first","13":"instock","14":"sale","15":"shipping-taxable","16":"purchasable","17":"product-type-simple"},"_links":{"self":[{"href":"https:\/\/roveyayinevi.com.tr\/index.php\/wp-json\/wp\/v2\/product\/761552","targetHints":{"allow":["GET"]}}],"collection":[{"href":"https:\/\/roveyayinevi.com.tr\/index.php\/wp-json\/wp\/v2\/product"}],"about":[{"href":"https:\/\/roveyayinevi.com.tr\/index.php\/wp-json\/wp\/v2\/types\/product"}],"wp:attachment":[{"href":"https:\/\/roveyayinevi.com.tr\/index.php\/wp-json\/wp\/v2\/media?parent=761552"}],"wp:term":[{"taxonomy":"product_brand","embeddable":true,"href":"https:\/\/roveyayinevi.com.tr\/index.php\/wp-json\/wp\/v2\/product_brand?post=761552"},{"taxonomy":"product_cat","embeddable":true,"href":"https:\/\/roveyayinevi.com.tr\/index.php\/wp-json\/wp\/v2\/product_cat?post=761552"},{"taxonomy":"product_tag","embeddable":true,"href":"https:\/\/roveyayinevi.com.tr\/index.php\/wp-json\/wp\/v2\/product_tag?post=761552"}],"curies":[{"name":"wp","href":"https:\/\/api.w.org\/{rel}","templated":true}]}}