{"id":761551,"date":"2025-08-28T09:40:34","date_gmt":"2025-08-28T06:40:34","guid":{"rendered":"https:\/\/roveyayinevi.com.tr\/index.php\/urun\/kayboluslar\/"},"modified":"2026-04-16T03:14:54","modified_gmt":"2026-04-16T00:14:54","slug":"kayboluslar","status":"publish","type":"product","link":"https:\/\/roveyayinevi.com.tr\/index.php\/urun\/kayboluslar\/","title":{"rendered":"Kaybolu\u015flar"},"content":{"rendered":"<p>Ya hayattaki s\u0131radan \u015feyler birden ortadan kaybolsayd\u0131?   Aila Quinn\u2019in annesi Juliet, her zaman gizemli bir fig\u00fcr olmu\u015ftu. G\u00f6zler \u00f6n\u00fcndeki hayat\u0131na dair k\u00fc\u00e7\u00fck s\u0131rlar\u0131n\u0131 Aila\u2019dan saklamaktayd\u0131. Juliet \u00f6ld\u00fc\u011f\u00fcnde Aila ve k\u00fc\u00e7\u00fck karde\u015fi Miles, evlerinden ve Juliet\u2019in hayat\u0131n\u0131 kurdu\u011fu yerden \u00e7ok uzakta, k\u0131rsal bir kasaba olan Sterling\u2019de ya\u015famaya g\u00f6nderildi.   Ama Sterling\u2019in de kendine \u00f6zg\u00fc s\u0131rlar\u0131 vard\u0131. Hayata dair deneyimlenebilecek her \u015feyin \u2013\u00e7i\u00e7ek ve yemek kokular\u0131n\u0131n, aynalardaki ve g\u00f6llerdeki yans\u0131malar\u0131n, hatta r\u00fcyalar\u0131n bile\u2013 her yedi y\u0131lda bir yok oldu\u011fu yerdi oras\u0131.   Kasabadaki hi\u00e7 kimse bu Kaybolu\u015flara neyin sebep oldu\u011funu ya da bir sonraki Kaybolu\u015f\u2019un ne olaca\u011f\u0131n\u0131 bilmiyordu. Ancak Sterling halk\u0131, Juliet Quinn\u2019in bir \u015fekilde bu Kaybolu\u015flardan sorumlu oldu\u011fundan \u015f\u00fcpheleniyordu ve Aila, annesinin ard\u0131nda b\u0131rakt\u0131\u011f\u0131 edebi ipu\u00e7lar\u0131n\u0131 takip ederek at\u0131lan iftiralar\u0131n aksini kan\u0131tlamak ve ailesinin ad\u0131n\u0131 temize \u00e7\u0131karmak zorundayd\u0131.   Bir sonraki Kaybolu\u015f yakla\u015ft\u0131k\u00e7a Aila, Kaybolu\u015flar\u0131n neden ger\u00e7ekle\u015fti\u011fine ve annesinin ger\u00e7ekte kim oldu\u011funa dair \u00e7ifte gizemi \u00e7\u00f6zmeye \u00e7al\u0131\u015facakt\u0131. Ancak Sterling kimsenin s\u0131rr\u0131n\u0131 uzun s\u00fcre saklamayacak, hepsini bir bir ele vermeye ba\u015flayacakt\u0131.     \u201cKaybolu\u015flar gizem, fantazi ve romantizmin nefis bir kar\u0131\u015f\u0131m\u0131.\u201d \u2014Bookpage   \u201c&#8230;keyifli, tuhaf ve tedirgin edici&#8230; capcanl\u0131 ve \u00f6zg\u00fcn bir hik\u00e2ye.\u201d \u2014Kirkus Reviews   \u201cKaybolu\u015flar; \u00f6z\u00fcnde duygular\u0131n y\u00f6nlendirdi\u011fi eylemlere, pi\u015fmanl\u0131\u011fa, sevginin bir\u00e7ok t\u00fcr\u00fcne, elimizden al\u0131nsalar bile hayat\u0131m\u0131zdaki insanlar\u0131n, mek\u00e2nlar\u0131n ve \u015feylerin bizi asla ger\u00e7ek anlamda terk etmedi\u011fine dair bir atl\u0131kar\u0131nca gibi. Kaybolu\u015flar\u2019\u0131n bilmecesini \u00e7\u00f6zmek fazlas\u0131yla heyecan vericiydi.\u201d \u2014Ravenous for Reads   \u201c&#8230;Murphy\u2019nin \u00e7\u0131k\u0131\u015f kitab\u0131 hi\u00e7 \u015f\u00fcphesiz iddial\u0131&#8230; S\u0131rlarla \u00f6r\u00fcl\u00fc, edebi imalarla dolu ve \u2013kelimenin tam anlam\u0131yla\u2013 sihirle par\u0131ldayan ustal\u0131kla \u00f6r\u00fclm\u00fc\u015f bu d\u00fcnya, pek \u00e7ok okurun i\u00e7inde kaybolmaktan mutluluk duyaca\u011f\u0131 bir yer.\u201d \u2014Booklist \u201cBu romana olan sevgimizi nas\u0131l kelimelere d\u00f6kebiliriz? Kaybolu\u015flar bizi ilk sayfadan itibaren b\u00fcy\u00fcledi&#8230; \u00c7ok g\u00fczel, y\u00fcrek par\u00e7alay\u0131c\u0131 ve kar\u015f\u0131 konulmazd\u0131&#8230; Bu roman\u0131 kesinlikle tavsiye ediyoruz ve sizi uyar\u0131yoruz, Emily Bain Murphy ismini akl\u0131n\u0131zdan \u00e7\u0131karmay\u0131n \u00e7\u00fcnk\u00fc o her sayfada sizi kendine hayran b\u0131rakacak, y\u00fckselen bir yazar!\u201d \u2014Pocket Full of Pages   \u201cGizem, g\u00f6m\u00fcl\u00fc s\u0131rlar ve sihirle dolu Kaybolu\u015flar\u2019da hi\u00e7bir \u015fey g\u00fcvende de\u011fil. Dikkatli olun, yoksa y\u0131ld\u0131zlar\u0131n s\u00f6nd\u00fc\u011f\u00fc, yans\u0131malar\u0131n var olmad\u0131\u011f\u0131 ve a\u015fk i\u00e7in ne kadar\u0131n\u0131 feda edebilece\u011finiz sorusunun yepyeni bir anlam kazand\u0131\u011f\u0131 bu tuhaf ve harikulade d\u00fcnyada kendinizi kaybedebilirsiniz. Bu kitaba bay\u0131ld\u0131m!\u201d \u2014Stephanie Garber, New York Times \u00e7oksatan yazar\u0131   \u201cKaybolu\u015flar; ak\u0131llardan \u00e7\u0131kmayacak gizemi, harikulade in\u015fa edilmi\u015f d\u00fcnyas\u0131 ve ince ince i\u015flenmi\u015f aile hik\u00e2yesiyle, Varyantlar\u0131n kendisi kadar \u0131\u015f\u0131lt\u0131l\u0131 ve g\u00f6z kama\u015ft\u0131r\u0131c\u0131 bir \u00e7\u0131k\u0131\u015f roman\u0131. Bay\u0131ld\u0131m.\u201d \u2014Jessica Spotswood   \u201cSahip oldu\u011fu g\u00f6rkemli d\u00fcnyas\u0131, zengin bir \u015fekilde geli\u015ftirilmi\u015f karakterleri ve bay\u0131laca\u011f\u0131n\u0131z a\u015fk hik\u00e2yesi, bu keyifli fantastik gizemi daha da y\u00fcceltiyor.\u201d \u2014PW <\/p>\n","protected":false},"excerpt":{"rendered":"<p>Ya hayattaki s\u0131radan \u015feyler birden ortadan kaybolsayd\u0131? Aila Quinn\u2019in annesi Juliet, her zaman gizemli bir fig\u00fcr olmu\u015ftu. G\u00f6zler \u00f6n\u00fcndeki hayat\u0131na dair k\u00fc\u00e7\u00fck s\u0131rlar\u0131n\u0131 Aila\u2019dan saklamaktayd\u0131. Juliet<span class=\"excerpt-hellip\"> [\u2026]<\/span><\/p>\n","protected":false},"featured_media":0,"template":"","meta":{"_monsterinsights_skip_tracking":false,"_monsterinsights_sitenote_active":false,"_monsterinsights_sitenote_note":"","_monsterinsights_sitenote_category":0},"product_brand":[],"product_cat":[12291,14777],"product_tag":[],"class_list":{"0":"post-761551","1":"product","2":"type-product","3":"status-publish","5":"product_cat-edebiyat","6":"product_cat-fantastik","7":"pa_cilt-ciltsiz","8":"pa_tur-kitap","9":"pa_yayinevi-yabanci-yayinevi","10":"pa_yazar-emily-bain-murphy","12":"first","13":"instock","14":"sale","15":"shipping-taxable","16":"purchasable","17":"product-type-simple"},"_links":{"self":[{"href":"https:\/\/roveyayinevi.com.tr\/index.php\/wp-json\/wp\/v2\/product\/761551","targetHints":{"allow":["GET"]}}],"collection":[{"href":"https:\/\/roveyayinevi.com.tr\/index.php\/wp-json\/wp\/v2\/product"}],"about":[{"href":"https:\/\/roveyayinevi.com.tr\/index.php\/wp-json\/wp\/v2\/types\/product"}],"wp:attachment":[{"href":"https:\/\/roveyayinevi.com.tr\/index.php\/wp-json\/wp\/v2\/media?parent=761551"}],"wp:term":[{"taxonomy":"product_brand","embeddable":true,"href":"https:\/\/roveyayinevi.com.tr\/index.php\/wp-json\/wp\/v2\/product_brand?post=761551"},{"taxonomy":"product_cat","embeddable":true,"href":"https:\/\/roveyayinevi.com.tr\/index.php\/wp-json\/wp\/v2\/product_cat?post=761551"},{"taxonomy":"product_tag","embeddable":true,"href":"https:\/\/roveyayinevi.com.tr\/index.php\/wp-json\/wp\/v2\/product_tag?post=761551"}],"curies":[{"name":"wp","href":"https:\/\/api.w.org\/{rel}","templated":true}]}}