{"id":761550,"date":"2025-08-28T09:40:32","date_gmt":"2025-08-28T06:40:32","guid":{"rendered":"https:\/\/roveyayinevi.com.tr\/index.php\/urun\/yel-yepelek\/"},"modified":"2026-04-16T03:14:54","modified_gmt":"2026-04-16T00:14:54","slug":"yel-yepelek","status":"publish","type":"product","link":"https:\/\/roveyayinevi.com.tr\/index.php\/urun\/yel-yepelek\/","title":{"rendered":"Yel Yepelek"},"content":{"rendered":"<p>\u201cYer mavi. G\u00f6\u011fmavi. Su mavi. Neredeyse tu\u0308m renklerin maviden do\u011fdu\u011funa iman edecek kadar. \u00c7okmavi. \u2018Bu g\u00f6k deniz nerede var?\u2019 Nerede olacak maviden ba\u015fka? Ba\u015flang\u0131\u00e7ta her \u015fey maviymi\u015f, yava\u015f yava\u015f ayr\u0131lm\u0131\u015flar birbirlerinden. Mavinin biraz\u0131 yerde kalm\u0131\u015f, biraz\u0131n\u0131 su alm\u0131\u015f, biraz\u0131 da g\u00f6\u011fe varm\u0131\u015f. G\u00f6kten u\u0308\u00e7 elma du\u0308\u015ftu\u0308. Maviden de u\u0308\u00e7 karde\u015f: Yerkarde\u015f, sukarde\u015f, g\u00f6\u011fkarde\u015f.\u201d    Su; hayat\u0131n ba\u015flang\u0131c\u0131, varl\u0131\u011f\u0131n \u00f6z\u00fc. S\u0131rt\u0131nda gemileri, iskeleleri ta\u015f\u0131yan; maviyle soluyanlar\u0131 karn\u0131nda b\u00fcy\u00fcten bir di\u015fi ruh. Kimi zaman r\u00fcyalar\u0131n f\u0131s\u0131ldand\u0131\u011f\u0131 bir s\u0131\u011f\u0131nak, kimi zaman gidenin arkas\u0131ndan d\u00f6k\u00fclen bir e\u015flik\u00e7i. T\u00fckenmeyen, tazelenen ve tazeleyen bir \u015fifac\u0131.     Haydar Erg\u00fclen, okura bir yol alfabesi sundu\u011fu Yayan Yap\u0131ldak\u2019tan sonra bu kez suyun izinden d\u00fc\u015f\u00fcyor harflerin pe\u015fine. Yel Yepelek\u2019te denizlere, gemilere, limanlara ve elbette su edebiyat\u0131na dair eski s\u00f6zc\u00fckleri hat\u0131rlat\u0131p yenilerini yarat\u0131yor o tan\u0131d\u0131k \u015fiirsel \u00fcslubuyla.  <\/p>\n","protected":false},"excerpt":{"rendered":"<p>\u201cYer mavi. G\u00f6\u011fmavi. Su mavi. Neredeyse tu\u0308m renklerin maviden do\u011fdu\u011funa iman edecek kadar. \u00c7okmavi. \u2018Bu g\u00f6k deniz nerede var?\u2019 Nerede olacak maviden ba\u015fka? Ba\u015flang\u0131\u00e7ta her \u015fey<span class=\"excerpt-hellip\"> [\u2026]<\/span><\/p>\n","protected":false},"featured_media":0,"template":"","meta":{"_monsterinsights_skip_tracking":false,"_monsterinsights_sitenote_active":false,"_monsterinsights_sitenote_note":"","_monsterinsights_sitenote_category":0},"product_brand":[],"product_cat":[12777,12291],"product_tag":[],"class_list":{"0":"post-761550","1":"product","2":"type-product","3":"status-publish","5":"product_cat-deneme","6":"product_cat-edebiyat","7":"pa_cilt-ciltsiz","8":"pa_tur-kitap","9":"pa_yayinevi-ithaki-yayinlari","10":"pa_yazar-haydar-ergulen","12":"first","13":"instock","14":"sale","15":"shipping-taxable","16":"purchasable","17":"product-type-simple"},"_links":{"self":[{"href":"https:\/\/roveyayinevi.com.tr\/index.php\/wp-json\/wp\/v2\/product\/761550","targetHints":{"allow":["GET"]}}],"collection":[{"href":"https:\/\/roveyayinevi.com.tr\/index.php\/wp-json\/wp\/v2\/product"}],"about":[{"href":"https:\/\/roveyayinevi.com.tr\/index.php\/wp-json\/wp\/v2\/types\/product"}],"wp:attachment":[{"href":"https:\/\/roveyayinevi.com.tr\/index.php\/wp-json\/wp\/v2\/media?parent=761550"}],"wp:term":[{"taxonomy":"product_brand","embeddable":true,"href":"https:\/\/roveyayinevi.com.tr\/index.php\/wp-json\/wp\/v2\/product_brand?post=761550"},{"taxonomy":"product_cat","embeddable":true,"href":"https:\/\/roveyayinevi.com.tr\/index.php\/wp-json\/wp\/v2\/product_cat?post=761550"},{"taxonomy":"product_tag","embeddable":true,"href":"https:\/\/roveyayinevi.com.tr\/index.php\/wp-json\/wp\/v2\/product_tag?post=761550"}],"curies":[{"name":"wp","href":"https:\/\/api.w.org\/{rel}","templated":true}]}}