{"id":761546,"date":"2025-08-28T09:40:24","date_gmt":"2025-08-28T06:40:24","guid":{"rendered":"https:\/\/roveyayinevi.com.tr\/index.php\/urun\/kumsal-2\/"},"modified":"2026-04-16T03:14:54","modified_gmt":"2026-04-16T00:14:54","slug":"kumsal-2","status":"publish","type":"product","link":"https:\/\/roveyayinevi.com.tr\/index.php\/urun\/kumsal-2\/","title":{"rendered":"Kumsal"},"content":{"rendered":"<p>Her y\u0131l kendilerine yeni yazl\u0131k cennetler ke\u015ffeden gen\u00e7 seyyahlar\u0131n efsanesi: Kumsal. Bangkok\u2019ta kald\u0131\u011f\u0131 pansiyonda tan\u0131\u015ft\u0131\u011f\u0131 ilk ki\u015fi bileklerini kesmeden \u00f6nce Richard\u2019a bu efsanevi cennetin haritas\u0131n\u0131 b\u0131rak\u0131r. Tan\u0131\u015ft\u0131\u011f\u0131 Frans\u0131z gen\u00e7 \u00e7iftle cennete do\u011fru yola koyulduklar\u0131nda ne bulaca\u011f\u0131n\u0131 da kime d\u00f6n\u00fc\u015fece\u011fini de hayal bile edemezlerdi. Gen\u00e7li\u011fin merak\u0131 ve enerjisi, Tayland adalar\u0131n\u0131n deh\u015fetli g\u00fczelli\u011fiyle birle\u015fince, art\u0131k nam\u0131 t\u00fcm d\u00fcnyaya yay\u0131lm\u0131\u015f Kumsal\u2019da \u00fcrpertici bir g\u00fczelli\u011fi k\u00e2buslara nak\u015fediyor. \u201cBir k\u00fclt klasi\u011fin her \u00f6zelli\u011fi mevcut.\u201d \u2013Nick Hornby \u201cSineklerin Tanr\u0131s\u0131 ile B\u00fcy\u00fcc\u00fc bu roman\u0131n k\u00f6klerinde saklan\u0131yor, ama Garland onlar\u0131 deh\u015fet bi\u00e7imde yepyeni bir \u015feye b\u00fcy\u00fck bir cakayla d\u00f6n\u00fc\u015ft\u00fcr\u00fcyor.\u201d \u2014Mail on Sunday \u201c\u00c7\u0131lg\u0131ncas\u0131na zeki bir ilk roman&#8230; Pek \u00e7ok eski ku\u015faktan yazar\u0131n ancak hayal edebilece\u011fi t\u00fcrden h\u0131z ve kolayl\u0131kla ilerleyen bir kitap.\u201d \u2014Washington Post Trainspotting filminin Oscarl\u0131 y\u00f6netmeni Danny Boyle\u2019un, ba\u015frol\u00fcnde Leonardo DiCaprio\u2019nun yer ald\u0131\u011f\u0131, Kumsal filminin roman\u0131&#8230; 28 G\u00fcn Sonra ve Beni Asla B\u0131rakma filmlerinin senaristi, Ex-Machina ve Annihilation filmlerinin y\u00f6netmeni, bir s\u00fcreli\u011fine X Ku\u015fa\u011f\u0131\u2019n\u0131n s\u00f6zc\u00fcs\u00fc g\u00f6r\u00fclen Alex Garland\u2019dan, esrik aray\u0131\u015flar ve cennet \u00fctopyalar\u0131 pe\u015findeki s\u0131rt \u00e7antal\u0131 bir ku\u015fa\u011f\u0131n k\u00fclt yap\u0131t\u0131&#8230; <\/p>\n","protected":false},"excerpt":{"rendered":"<p>Her y\u0131l kendilerine yeni yazl\u0131k cennetler ke\u015ffeden gen\u00e7 seyyahlar\u0131n efsanesi: Kumsal. Bangkok\u2019ta kald\u0131\u011f\u0131 pansiyonda tan\u0131\u015ft\u0131\u011f\u0131 ilk ki\u015fi bileklerini kesmeden \u00f6nce Richard\u2019a bu efsanevi cennetin haritas\u0131n\u0131 b\u0131rak\u0131r.<span class=\"excerpt-hellip\"> [\u2026]<\/span><\/p>\n","protected":false},"featured_media":0,"template":"","meta":{"_monsterinsights_skip_tracking":false,"_monsterinsights_sitenote_active":false,"_monsterinsights_sitenote_note":"","_monsterinsights_sitenote_category":0},"product_brand":[],"product_cat":[12291,17033],"product_tag":[],"class_list":{"0":"post-761546","1":"product","2":"type-product","3":"status-publish","5":"product_cat-edebiyat","6":"product_cat-korku-gerilim","7":"pa_cilt-ciltsiz","8":"pa_tur-kitap","9":"pa_yayinevi-ithaki-yayinlari","10":"pa_yazar-alex-garland","12":"first","13":"instock","14":"sale","15":"shipping-taxable","16":"purchasable","17":"product-type-simple"},"_links":{"self":[{"href":"https:\/\/roveyayinevi.com.tr\/index.php\/wp-json\/wp\/v2\/product\/761546","targetHints":{"allow":["GET"]}}],"collection":[{"href":"https:\/\/roveyayinevi.com.tr\/index.php\/wp-json\/wp\/v2\/product"}],"about":[{"href":"https:\/\/roveyayinevi.com.tr\/index.php\/wp-json\/wp\/v2\/types\/product"}],"wp:attachment":[{"href":"https:\/\/roveyayinevi.com.tr\/index.php\/wp-json\/wp\/v2\/media?parent=761546"}],"wp:term":[{"taxonomy":"product_brand","embeddable":true,"href":"https:\/\/roveyayinevi.com.tr\/index.php\/wp-json\/wp\/v2\/product_brand?post=761546"},{"taxonomy":"product_cat","embeddable":true,"href":"https:\/\/roveyayinevi.com.tr\/index.php\/wp-json\/wp\/v2\/product_cat?post=761546"},{"taxonomy":"product_tag","embeddable":true,"href":"https:\/\/roveyayinevi.com.tr\/index.php\/wp-json\/wp\/v2\/product_tag?post=761546"}],"curies":[{"name":"wp","href":"https:\/\/api.w.org\/{rel}","templated":true}]}}