{"id":761541,"date":"2025-08-28T09:40:16","date_gmt":"2025-08-28T06:40:16","guid":{"rendered":"https:\/\/roveyayinevi.com.tr\/index.php\/urun\/simdi-canavarlar-zamani\/"},"modified":"2026-04-16T03:14:53","modified_gmt":"2026-04-16T00:14:53","slug":"simdi-canavarlar-zamani","status":"publish","type":"product","link":"https:\/\/roveyayinevi.com.tr\/index.php\/urun\/simdi-canavarlar-zamani\/","title":{"rendered":"\u015eimdi Canavarlar Zaman\u0131"},"content":{"rendered":"<p>Samir Amin \u201cE\u015fitlik olmadan \u00f6zg\u00fcrl\u00fck vah\u015fettir!\u201d der. S\u0131n\u0131rs\u0131z \u00f6zg\u00fcrl\u00fck vaadiyle yola \u00e7\u0131kan neoliberalizm, \u00f6ylesine b\u00fcy\u00fck e\u015fitsizlikler yaratt\u0131 ki sonunda vah\u015fet ka\u00e7\u0131n\u0131lmaz oldu.   S\u0131rada \u00e7ok daha b\u00fcy\u00fck bir vah\u015fet var: Yeni d\u00fcnya sava\u015f\u0131&#8230;   Neoliberalizmin ortaya \u00e7\u0131kard\u0131\u011f\u0131 olgular\u0131n enine boyuna incelendi\u011fi bu kitap pek \u00e7ok soruyu ortaya att\u0131\u011f\u0131 gibi cevaplar\u0131n\u0131n da pe\u015finden gidiyor.   \u00b7 \u00dctopyadan, distopyaya nas\u0131l ge\u00e7ildi? \u00b7 Demokrasi kavram\u0131 nas\u0131l tabula\u015ft\u0131r\u0131ld\u0131? \u00b7 Sivil toplum kurulu\u015flar\u0131 arac\u0131l\u0131\u011f\u0131yla \u00f6rg\u00fctlenmeye nas\u0131l ket vuruldu, bir\u00e7ok \u00fclkede renkli devrimlerin yolu nas\u0131l a\u00e7\u0131ld\u0131? \u00b7 Bireyin \u00f6zg\u00fcrle\u015fmesi, herkesin hakikatinin kendine oldu\u011fu fikri ve i\u00e7eri\u011fin de\u011fersizle\u015fmesi olarak postmodernizm, yeni bir orta\u00e7a\u011f m\u0131 yaratt\u0131? \u00b7 Ulusal devletin ortadan kalkmas\u0131yla birlikte ba\u015f g\u00f6steren yeni mafya d\u00fczeninin toplumsal, k\u00fclt\u00fcrel ve ekonomik bedelleri ne olur? \u00b7 \u00dc\u00e7\u00fcnc\u00fc d\u00fcnya \u00fclkelerinin ya\u011fmalanmas\u0131, yeni fa\u015fizmi mi do\u011furmu\u015ftur?   Ert\u00fcrk Ak\u015fun\u2019un kaleme ald\u0131\u011f\u0131 \u015eimdi Canavarlar Zaman\u0131, d\u00fcnyan\u0131n a\u015f\u0131r\u0131 \u00f6zg\u00fcrl\u00fcklerle nas\u0131l canavarla\u015ft\u0131r\u0131ld\u0131\u011f\u0131n\u0131n ve yeni bir d\u00fcnya sava\u015f\u0131na ne \u015fekilde s\u00fcr\u00fcklenmekte oldu\u011funun ipu\u00e7lar\u0131n\u0131 bulmaya \u00e7al\u0131\u015f\u0131yor. <\/p>\n","protected":false},"excerpt":{"rendered":"<p>Samir Amin \u201cE\u015fitlik olmadan \u00f6zg\u00fcrl\u00fck vah\u015fettir!\u201d der. S\u0131n\u0131rs\u0131z \u00f6zg\u00fcrl\u00fck vaadiyle yola \u00e7\u0131kan neoliberalizm, \u00f6ylesine b\u00fcy\u00fck e\u015fitsizlikler yaratt\u0131 ki sonunda vah\u015fet ka\u00e7\u0131n\u0131lmaz oldu. S\u0131rada \u00e7ok daha b\u00fcy\u00fck<span class=\"excerpt-hellip\"> [\u2026]<\/span><\/p>\n","protected":false},"featured_media":0,"template":"","meta":{"_monsterinsights_skip_tracking":false,"_monsterinsights_sitenote_active":false,"_monsterinsights_sitenote_note":"","_monsterinsights_sitenote_category":0},"product_brand":[],"product_cat":[13590,12337],"product_tag":[],"class_list":{"0":"post-761541","1":"product","2":"type-product","3":"status-publish","5":"product_cat-arastirma-inceleme-politika-siyaset","6":"product_cat-politika-siyaset","7":"pa_cilt-ciltsiz","8":"pa_tur-kitap","9":"pa_yayinevi-destek-yayinlari","10":"pa_yazar-erturk-aksun","12":"first","13":"instock","14":"sale","15":"shipping-taxable","16":"purchasable","17":"product-type-simple"},"_links":{"self":[{"href":"https:\/\/roveyayinevi.com.tr\/index.php\/wp-json\/wp\/v2\/product\/761541","targetHints":{"allow":["GET"]}}],"collection":[{"href":"https:\/\/roveyayinevi.com.tr\/index.php\/wp-json\/wp\/v2\/product"}],"about":[{"href":"https:\/\/roveyayinevi.com.tr\/index.php\/wp-json\/wp\/v2\/types\/product"}],"wp:attachment":[{"href":"https:\/\/roveyayinevi.com.tr\/index.php\/wp-json\/wp\/v2\/media?parent=761541"}],"wp:term":[{"taxonomy":"product_brand","embeddable":true,"href":"https:\/\/roveyayinevi.com.tr\/index.php\/wp-json\/wp\/v2\/product_brand?post=761541"},{"taxonomy":"product_cat","embeddable":true,"href":"https:\/\/roveyayinevi.com.tr\/index.php\/wp-json\/wp\/v2\/product_cat?post=761541"},{"taxonomy":"product_tag","embeddable":true,"href":"https:\/\/roveyayinevi.com.tr\/index.php\/wp-json\/wp\/v2\/product_tag?post=761541"}],"curies":[{"name":"wp","href":"https:\/\/api.w.org\/{rel}","templated":true}]}}