{"id":761540,"date":"2025-08-28T09:40:13","date_gmt":"2025-08-28T06:40:13","guid":{"rendered":"https:\/\/roveyayinevi.com.tr\/index.php\/urun\/pc-kurusu-1\/"},"modified":"2026-04-16T03:14:53","modified_gmt":"2026-04-16T00:14:53","slug":"pc-kurusu-1","status":"publish","type":"product","link":"https:\/\/roveyayinevi.com.tr\/index.php\/urun\/pc-kurusu-1\/","title":{"rendered":"P*\u00e7 Kurusu 1"},"content":{"rendered":"<p>ACIMASIZ B\u0130R GER\u0130L\u0130M   HER ZAMAN SESS\u0130Z VE DI\u015eLANMI\u015e B\u0130R \u00c7OCUK OLAN SEONWOO J\u0130N, GE\u00c7\u0130RD\u0130\u011e\u0130 KAZA SONUCU B\u0130R G\u00d6Z\u00dcN\u00dc KAYBEDEREK \u201cK\u00d6PEK G\u00d6Z\u201d LAKABINI ALMI\u015e VE A\u011eIR B\u0130R TRAVMA YA\u015eAMI\u015eTIR.   BABASI SEONWOO DONGSU \u0130SE D\u00dcR\u00dcSTL\u00dc\u011e\u00dc VE \u00c7ALI\u015eKANLI\u011eIYLA TANINAN \u00dcNL\u00dc B\u0130R CEO\u2019DUR. ANCAK SEONWOO J\u0130N ONDAN \u00c7OK KORKAR.   BABASI NE ZAMAN \u0130\u015e SEYAHAT\u0130NE \u00c7IKSA B\u0130R KADIN KAYBOLMAKTADIR. Y\u0130NE AYNI \u015eEY OLUR. \u00dcSTEL\u0130K BU DEFA EVDEK\u0130 \u00c7ALI\u015eMA ODASINDAN GAR\u0130P SESLER GELMEYE BA\u015eLAR&#8230;   ZENG\u0130N A\u0130LEN\u0130N SALLANTILI \u00d6ZEL YA\u015eAMINDAK\u0130 \u00c7ATLAKLAR HER GE\u00c7EN G\u00dcN B\u00dcY\u00dcMEKTED\u0130R. <\/p>\n","protected":false},"excerpt":{"rendered":"<p>ACIMASIZ B\u0130R GER\u0130L\u0130M HER ZAMAN SESS\u0130Z VE DI\u015eLANMI\u015e B\u0130R \u00c7OCUK OLAN SEONWOO J\u0130N, GE\u00c7\u0130RD\u0130\u011e\u0130 KAZA SONUCU B\u0130R G\u00d6Z\u00dcN\u00dc KAYBEDEREK \u201cK\u00d6PEK G\u00d6Z\u201d LAKABINI ALMI\u015e VE A\u011eIR B\u0130R<span class=\"excerpt-hellip\"> [\u2026]<\/span><\/p>\n","protected":false},"featured_media":0,"template":"","meta":{"_monsterinsights_skip_tracking":false,"_monsterinsights_sitenote_active":false,"_monsterinsights_sitenote_note":"","_monsterinsights_sitenote_category":0},"product_brand":[],"product_cat":[12416,12291],"product_tag":[],"class_list":{"0":"post-761540","1":"product","2":"type-product","3":"status-publish","5":"product_cat-cizgi-roman","6":"product_cat-edebiyat","7":"pa_cilt-ciltsiz","8":"pa_tur-kitap","9":"pa_yayinevi-athica-yayinlari","10":"pa_yazar-kim-carnby","12":"first","13":"instock","14":"sale","15":"shipping-taxable","16":"purchasable","17":"product-type-simple"},"_links":{"self":[{"href":"https:\/\/roveyayinevi.com.tr\/index.php\/wp-json\/wp\/v2\/product\/761540","targetHints":{"allow":["GET"]}}],"collection":[{"href":"https:\/\/roveyayinevi.com.tr\/index.php\/wp-json\/wp\/v2\/product"}],"about":[{"href":"https:\/\/roveyayinevi.com.tr\/index.php\/wp-json\/wp\/v2\/types\/product"}],"wp:attachment":[{"href":"https:\/\/roveyayinevi.com.tr\/index.php\/wp-json\/wp\/v2\/media?parent=761540"}],"wp:term":[{"taxonomy":"product_brand","embeddable":true,"href":"https:\/\/roveyayinevi.com.tr\/index.php\/wp-json\/wp\/v2\/product_brand?post=761540"},{"taxonomy":"product_cat","embeddable":true,"href":"https:\/\/roveyayinevi.com.tr\/index.php\/wp-json\/wp\/v2\/product_cat?post=761540"},{"taxonomy":"product_tag","embeddable":true,"href":"https:\/\/roveyayinevi.com.tr\/index.php\/wp-json\/wp\/v2\/product_tag?post=761540"}],"curies":[{"name":"wp","href":"https:\/\/api.w.org\/{rel}","templated":true}]}}