{"id":761539,"date":"2025-08-28T09:40:12","date_gmt":"2025-08-28T06:40:12","guid":{"rendered":"https:\/\/roveyayinevi.com.tr\/index.php\/urun\/adan-zye-hastaliklarin-travmalari\/"},"modified":"2026-04-16T03:14:53","modified_gmt":"2026-04-16T00:14:53","slug":"adan-zye-hastaliklarin-travmalari","status":"publish","type":"product","link":"https:\/\/roveyayinevi.com.tr\/index.php\/urun\/adan-zye-hastaliklarin-travmalari\/","title":{"rendered":"A\u2019dan Z\u2019ye Hastal\u0131klar\u0131n Travmalar\u0131"},"content":{"rendered":"<p>Ezber bozucu, ilham verici bilgilere ho\u015f geldiniz.   Bu \u00e7al\u0131\u015fma, ReSetting sisteminin y\u0131llarca tuttu\u011fu \u201chastal\u0131k-travma\u201d ili\u015fkilerinin istatistiklerinden derlendi. 1978-79 y\u0131llar\u0131nda Dr. Ryke Geerd Hamer\u2019\u0131n insanl\u0131\u011f\u0131n hizmetine sundu\u011fu bilgileri y\u0131llard\u0131r yapt\u0131\u011f\u0131m e\u011fitim ve canl\u0131 yay\u0131n uygulamalar\u0131nda kullanarak daha uygulanabilir hale getirdim. B\u00fct\u00fcn e\u011fitimlerde ve canl\u0131 yay\u0131nlarda gelen iyile\u015fmelerin sebeplerini tek tek not ald\u0131m. \u015eu an elinizde tuttu\u011funuz bu kitap bu konuyla ilgili yaz\u0131lm\u0131\u015f en geni\u015f travma arama motorudur. Hastal\u0131klar\u0131n travmalardan kaynakl\u0131 oldu\u011fu bilgisi yeni de\u011fil ancak hangi hastal\u0131\u011f\u0131n hangi travmayla ilgili oldu\u011funu bilmekten daha \u00f6nemlisi bunlar\u0131 deneyimlemek.  Y\u0131llarca verdi\u011fim e\u011fitimler ve bire bir canl\u0131 yay\u0131n seanslar\u0131nda neredeyse bu kitaptaki b\u00fct\u00fcn hastal\u0131klar\u0131n travmalar\u0131na \u015fahit oldum ve b\u00fcy\u00fck oranda sonu\u00e7lar ald\u0131m. On binlerce iyile\u015fme vakas\u0131 bu konuda bana \u0131\u015f\u0131k oldu ve \u015fimdi bunu uygulaman\u0131z i\u00e7in be\u011fenilerinize sunuyorum. <\/p>\n","protected":false},"excerpt":{"rendered":"<p>Ezber bozucu, ilham verici bilgilere ho\u015f geldiniz. Bu \u00e7al\u0131\u015fma, ReSetting sisteminin y\u0131llarca tuttu\u011fu \u201chastal\u0131k-travma\u201d ili\u015fkilerinin istatistiklerinden derlendi. 1978-79 y\u0131llar\u0131nda Dr. Ryke Geerd Hamer\u2019\u0131n insanl\u0131\u011f\u0131n hizmetine sundu\u011fu<span class=\"excerpt-hellip\"> [\u2026]<\/span><\/p>\n","protected":false},"featured_media":0,"template":"","meta":{"_monsterinsights_skip_tracking":false,"_monsterinsights_sitenote_active":false,"_monsterinsights_sitenote_note":"","_monsterinsights_sitenote_category":0},"product_brand":[],"product_cat":[20502,12357],"product_tag":[],"class_list":{"0":"post-761539","1":"product","2":"type-product","3":"status-publish","5":"product_cat-basvuru-kitaplari-psikoloji","6":"product_cat-psikoloji","7":"pa_cilt-ciltsiz","8":"pa_tur-kitap","9":"pa_yayinevi-destek-yayinlari","10":"pa_yazar-bulent-demircioglu","12":"first","13":"instock","14":"sale","15":"shipping-taxable","16":"purchasable","17":"product-type-simple"},"_links":{"self":[{"href":"https:\/\/roveyayinevi.com.tr\/index.php\/wp-json\/wp\/v2\/product\/761539","targetHints":{"allow":["GET"]}}],"collection":[{"href":"https:\/\/roveyayinevi.com.tr\/index.php\/wp-json\/wp\/v2\/product"}],"about":[{"href":"https:\/\/roveyayinevi.com.tr\/index.php\/wp-json\/wp\/v2\/types\/product"}],"wp:attachment":[{"href":"https:\/\/roveyayinevi.com.tr\/index.php\/wp-json\/wp\/v2\/media?parent=761539"}],"wp:term":[{"taxonomy":"product_brand","embeddable":true,"href":"https:\/\/roveyayinevi.com.tr\/index.php\/wp-json\/wp\/v2\/product_brand?post=761539"},{"taxonomy":"product_cat","embeddable":true,"href":"https:\/\/roveyayinevi.com.tr\/index.php\/wp-json\/wp\/v2\/product_cat?post=761539"},{"taxonomy":"product_tag","embeddable":true,"href":"https:\/\/roveyayinevi.com.tr\/index.php\/wp-json\/wp\/v2\/product_tag?post=761539"}],"curies":[{"name":"wp","href":"https:\/\/api.w.org\/{rel}","templated":true}]}}