{"id":761522,"date":"2025-08-28T09:39:43","date_gmt":"2025-08-28T06:39:43","guid":{"rendered":"https:\/\/roveyayinevi.com.tr\/index.php\/urun\/alfabe-renkli-boyama\/"},"modified":"2026-04-16T03:14:53","modified_gmt":"2026-04-16T00:14:53","slug":"alfabe-renkli-boyama","status":"publish","type":"product","link":"https:\/\/roveyayinevi.com.tr\/index.php\/urun\/alfabe-renkli-boyama\/","title":{"rendered":"Alfabe &#8211; Renkli Boyama"},"content":{"rendered":"<p>2 ya\u015f ve \u00fczeri i\u00e7in \u00f6zel tutamac\u0131 ile tasarlanm\u0131\u015f olan bu kitap \u00e7ocu\u011funuzun, g\u00f6rsel ve ili\u015fkisel d\u00fc\u015f\u00fcnebilme, renkleri ay\u0131rma ve k\u00fc\u00e7\u00fck kas grubunun geli\u015fimine destek olacakt\u0131r. Ayn\u0131 zamanda &#8221;ALFABE &#8221; ve HARFLER\u0130  \u015firin \u00e7izimlerle ke\u015ffedecek, oynarken \u00f6\u011frenecek.<\/p>\n","protected":false},"excerpt":{"rendered":"<p>2 ya\u015f ve \u00fczeri i\u00e7in \u00f6zel tutamac\u0131 ile tasarlanm\u0131\u015f olan bu kitap \u00e7ocu\u011funuzun, g\u00f6rsel ve ili\u015fkisel d\u00fc\u015f\u00fcnebilme, renkleri ay\u0131rma ve k\u00fc\u00e7\u00fck kas grubunun geli\u015fimine destek olacakt\u0131r.<span class=\"excerpt-hellip\"> [\u2026]<\/span><\/p>\n","protected":false},"featured_media":0,"template":"","meta":{"_monsterinsights_skip_tracking":false,"_monsterinsights_sitenote_active":false,"_monsterinsights_sitenote_note":"","_monsterinsights_sitenote_category":0},"product_brand":[],"product_cat":[12644,12274],"product_tag":[],"class_list":{"0":"post-761522","1":"product","2":"type-product","3":"status-publish","5":"product_cat-boyama-kitaplari","6":"product_cat-cocuk-ve-genclik-kitaplari","7":"pa_cilt-ciltsiz","8":"pa_tur-kitap","9":"pa_yayinevi-baloonkids-yayinevi","10":"pa_yazar-kolektif","12":"first","13":"instock","14":"sale","15":"shipping-taxable","16":"purchasable","17":"product-type-simple"},"_links":{"self":[{"href":"https:\/\/roveyayinevi.com.tr\/index.php\/wp-json\/wp\/v2\/product\/761522","targetHints":{"allow":["GET"]}}],"collection":[{"href":"https:\/\/roveyayinevi.com.tr\/index.php\/wp-json\/wp\/v2\/product"}],"about":[{"href":"https:\/\/roveyayinevi.com.tr\/index.php\/wp-json\/wp\/v2\/types\/product"}],"wp:attachment":[{"href":"https:\/\/roveyayinevi.com.tr\/index.php\/wp-json\/wp\/v2\/media?parent=761522"}],"wp:term":[{"taxonomy":"product_brand","embeddable":true,"href":"https:\/\/roveyayinevi.com.tr\/index.php\/wp-json\/wp\/v2\/product_brand?post=761522"},{"taxonomy":"product_cat","embeddable":true,"href":"https:\/\/roveyayinevi.com.tr\/index.php\/wp-json\/wp\/v2\/product_cat?post=761522"},{"taxonomy":"product_tag","embeddable":true,"href":"https:\/\/roveyayinevi.com.tr\/index.php\/wp-json\/wp\/v2\/product_tag?post=761522"}],"curies":[{"name":"wp","href":"https:\/\/api.w.org\/{rel}","templated":true}]}}