{"id":761521,"date":"2025-08-28T09:39:41","date_gmt":"2025-08-28T06:39:41","guid":{"rendered":"https:\/\/roveyayinevi.com.tr\/index.php\/urun\/karanligin-sehri-3\/"},"modified":"2026-04-16T03:14:53","modified_gmt":"2026-04-16T00:14:53","slug":"karanligin-sehri-3","status":"publish","type":"product","link":"https:\/\/roveyayinevi.com.tr\/index.php\/urun\/karanligin-sehri-3\/","title":{"rendered":"Karanl\u0131\u011f\u0131n \u015eehri 3"},"content":{"rendered":"<p>Alaz \u015eahzade, t\u00fcm evrenin lanetli olarak g\u00f6rd\u00fc\u011f\u00fc Efsan\u2019\u0131 kurtar\u0131p di\u011fer krall\u0131klar\u0131 kar\u015f\u0131s\u0131na alarak herkese ba\u015fkald\u0131rd\u0131\u011f\u0131nda maglo halk\u0131 i\u00e7in isyan bayra\u011f\u0131n\u0131 diker. Olu\u015fturduklar\u0131 g\u00fc\u00e7l\u00fc kalkan sayesinde korunup gizlenen Karmela Krall\u0131\u011f\u0131\u2019nda bir yandan elbirli\u011fiyle halklar\u0131n\u0131 e\u011fitmeye \u00e7al\u0131\u015f\u0131rken di\u011fer yandan tek emelleri laneti k\u0131rman\u0131n bir ba\u015fka yolunu bulup, evreni sava\u015fa s\u00fcr\u00fcklemeden her \u015feyi yoluna koymakt\u0131r. Fakat  sava\u015f sirenleri susmaz; Efsan\u2019\u0131 ve Lukifer\u2019in soyundan gelen t\u00fcm maglo \u0131rk\u0131n\u0131 yok etmek i\u00e7in ant i\u00e7mi\u015f krall\u0131klar, yollar\u0131na demirden barikatlar \u00e7ekmekte \u0131srarc\u0131d\u0131r. Girdikleri bu engebeli yolda onlar\u0131 ve a\u015fklar\u0131n\u0131  t\u00fcrl\u00fc imtihanlar bekliyordur: \u0130\u015fkenceler, kan, sava\u015f ve en geri d\u00f6n\u00fclmezi\u2026  \u00d6l\u00fcm.     \u201cBen, Efsan Erez \u015eahzade. Bedenim ve ruhum \u00fczerine yemin ederim ki t\u00fcm benli\u011fimi Karmela Krall\u0131\u011f\u0131\u2019na adayacak, halk\u0131m i\u00e7in y\u0131lmadan sava\u015facak, asla pes etmeyece\u011fim.\u201d   \u201cBen, Alaz \u015eahzade. Bedenim ve ruhum \u00fczerine yemin ederim ki t\u00fcm benli\u011fimi Karmela Krall\u0131\u011f\u0131\u2019na adayacak, halk\u0131m i\u00e7in y\u0131lmadan sava\u015facak, asla pes etmeyece\u011fim.\u201d <\/p>\n","protected":false},"excerpt":{"rendered":"<p>Alaz \u015eahzade, t\u00fcm evrenin lanetli olarak g\u00f6rd\u00fc\u011f\u00fc Efsan\u2019\u0131 kurtar\u0131p di\u011fer krall\u0131klar\u0131 kar\u015f\u0131s\u0131na alarak herkese ba\u015fkald\u0131rd\u0131\u011f\u0131nda maglo halk\u0131 i\u00e7in isyan bayra\u011f\u0131n\u0131 diker. Olu\u015fturduklar\u0131 g\u00fc\u00e7l\u00fc kalkan sayesinde korunup<span class=\"excerpt-hellip\"> [\u2026]<\/span><\/p>\n","protected":false},"featured_media":0,"template":"","meta":{"_monsterinsights_skip_tracking":false,"_monsterinsights_sitenote_active":false,"_monsterinsights_sitenote_note":"","_monsterinsights_sitenote_category":0},"product_brand":[],"product_cat":[12291,12711],"product_tag":[],"class_list":{"0":"post-761521","1":"product","2":"type-product","3":"status-publish","5":"product_cat-edebiyat","6":"product_cat-roman-oyku","7":"pa_cilt-ciltsiz","8":"pa_tur-kitap","9":"pa_yayinevi-indigo-kitap","10":"pa_yazar-sule-avlamaz","12":"first","13":"instock","14":"sale","15":"shipping-taxable","16":"purchasable","17":"product-type-simple"},"_links":{"self":[{"href":"https:\/\/roveyayinevi.com.tr\/index.php\/wp-json\/wp\/v2\/product\/761521","targetHints":{"allow":["GET"]}}],"collection":[{"href":"https:\/\/roveyayinevi.com.tr\/index.php\/wp-json\/wp\/v2\/product"}],"about":[{"href":"https:\/\/roveyayinevi.com.tr\/index.php\/wp-json\/wp\/v2\/types\/product"}],"wp:attachment":[{"href":"https:\/\/roveyayinevi.com.tr\/index.php\/wp-json\/wp\/v2\/media?parent=761521"}],"wp:term":[{"taxonomy":"product_brand","embeddable":true,"href":"https:\/\/roveyayinevi.com.tr\/index.php\/wp-json\/wp\/v2\/product_brand?post=761521"},{"taxonomy":"product_cat","embeddable":true,"href":"https:\/\/roveyayinevi.com.tr\/index.php\/wp-json\/wp\/v2\/product_cat?post=761521"},{"taxonomy":"product_tag","embeddable":true,"href":"https:\/\/roveyayinevi.com.tr\/index.php\/wp-json\/wp\/v2\/product_tag?post=761521"}],"curies":[{"name":"wp","href":"https:\/\/api.w.org\/{rel}","templated":true}]}}