{"id":761518,"date":"2025-08-28T09:39:35","date_gmt":"2025-08-28T06:39:35","guid":{"rendered":"https:\/\/roveyayinevi.com.tr\/index.php\/urun\/anitlarin-oykuleri\/"},"modified":"2026-04-16T03:14:53","modified_gmt":"2026-04-16T00:14:53","slug":"anitlarin-oykuleri","status":"publish","type":"product","link":"https:\/\/roveyayinevi.com.tr\/index.php\/urun\/anitlarin-oykuleri\/","title":{"rendered":"An\u0131tlar\u0131n \u00d6yk\u00fcleri"},"content":{"rendered":"<p>Tarihin yank\u0131lar\u0131n\u0131, insanl\u0131\u011f\u0131n izlerini ta\u015f\u0131yan an\u0131tlar, sadece ta\u015ftan yap\u0131lar de\u011fildir. Her birinin ard\u0131nda, sevgi, dayan\u0131\u015fma ve yarat\u0131c\u0131l\u0131\u011f\u0131n g\u00fcc\u00fcn\u00fc anlatan bir \u00f6yk\u00fc yatar. An\u0131tlar\u0131n \u00d6yk\u00fcleri\u2019nde bu hik\u00e2yelere kulak verecek; bar\u0131\u015f\u0131n, payla\u015fman\u0131n ve iyili\u011fin kal\u0131c\u0131 izlerini ke\u015ffedeceksiniz.   An\u0131tlar; insan zek\u00e2s\u0131n\u0131n, y\u00fcceli\u011finin ve g\u00fczelliklerinin birer aynas\u0131d\u0131r. Hayal g\u00fcc\u00fcn\u00fcn ve esteti\u011fin \u00f6zg\u00fcnl\u00fc\u011f\u00fc, Adnan \u00d6zyal\u00e7\u0131ner\u2019in usta kalemiyle hayat bulup gelece\u011fe \u0131\u015f\u0131k tutuyor. <\/p>\n","protected":false},"excerpt":{"rendered":"<p>Tarihin yank\u0131lar\u0131n\u0131, insanl\u0131\u011f\u0131n izlerini ta\u015f\u0131yan an\u0131tlar, sadece ta\u015ftan yap\u0131lar de\u011fildir. Her birinin ard\u0131nda, sevgi, dayan\u0131\u015fma ve yarat\u0131c\u0131l\u0131\u011f\u0131n g\u00fcc\u00fcn\u00fc anlatan bir \u00f6yk\u00fc yatar. An\u0131tlar\u0131n \u00d6yk\u00fcleri\u2019nde bu hik\u00e2yelere<span class=\"excerpt-hellip\"> [\u2026]<\/span><\/p>\n","protected":false},"featured_media":0,"template":"","meta":{"_monsterinsights_skip_tracking":false,"_monsterinsights_sitenote_active":false,"_monsterinsights_sitenote_note":"","_monsterinsights_sitenote_category":0},"product_brand":[],"product_cat":[12274,12284],"product_tag":[],"class_list":{"0":"post-761518","1":"product","2":"type-product","3":"status-publish","5":"product_cat-cocuk-ve-genclik-kitaplari","6":"product_cat-hikayeler","7":"pa_cilt-ciltsiz","8":"pa_tur-kitap","9":"pa_yayinevi-fom-kitap","10":"pa_yazar-adnan-ozyalciner","12":"first","13":"instock","14":"sale","15":"shipping-taxable","16":"purchasable","17":"product-type-simple"},"_links":{"self":[{"href":"https:\/\/roveyayinevi.com.tr\/index.php\/wp-json\/wp\/v2\/product\/761518","targetHints":{"allow":["GET"]}}],"collection":[{"href":"https:\/\/roveyayinevi.com.tr\/index.php\/wp-json\/wp\/v2\/product"}],"about":[{"href":"https:\/\/roveyayinevi.com.tr\/index.php\/wp-json\/wp\/v2\/types\/product"}],"wp:attachment":[{"href":"https:\/\/roveyayinevi.com.tr\/index.php\/wp-json\/wp\/v2\/media?parent=761518"}],"wp:term":[{"taxonomy":"product_brand","embeddable":true,"href":"https:\/\/roveyayinevi.com.tr\/index.php\/wp-json\/wp\/v2\/product_brand?post=761518"},{"taxonomy":"product_cat","embeddable":true,"href":"https:\/\/roveyayinevi.com.tr\/index.php\/wp-json\/wp\/v2\/product_cat?post=761518"},{"taxonomy":"product_tag","embeddable":true,"href":"https:\/\/roveyayinevi.com.tr\/index.php\/wp-json\/wp\/v2\/product_tag?post=761518"}],"curies":[{"name":"wp","href":"https:\/\/api.w.org\/{rel}","templated":true}]}}