{"id":761517,"date":"2025-08-28T09:39:33","date_gmt":"2025-08-28T06:39:33","guid":{"rendered":"https:\/\/roveyayinevi.com.tr\/index.php\/urun\/103-nolu-hucre-yoldas-mayakovski\/"},"modified":"2026-01-30T03:53:49","modified_gmt":"2026-01-30T00:53:49","slug":"103-nolu-hucre-yoldas-mayakovski","status":"publish","type":"product","link":"https:\/\/roveyayinevi.com.tr\/index.php\/urun\/103-nolu-hucre-yoldas-mayakovski\/","title":{"rendered":"103 Nolu H\u00fccre : Yolda\u015f Mayakovski"},"content":{"rendered":"<p>\u0130nan\u00e7l\u0131 bir sosyalist olan ve Rus f\u00fct\u00fcrist hareketinin lideri olarak g\u00f6r\u00fclen Vladimir Mayakovski\u2019nin sanat tarz\u0131 ve edebi \u00e7abalar\u0131 onu de\u011ferlendiren ki\u015filerin g\u00f6z\u00fcnde \u00e7o\u011fu zaman politik kimli\u011finin ard\u0131nda ikinci planda kalm\u0131\u015ft\u0131r. Mayakovski\u2019nin savundu\u011fu fikir Rusya\u2019da ger\u00e7ekle\u015fen Ekim Devrimiyle birlikte sanat\u0131n da kabuk de\u011fi\u015ftirmesi, gelece\u011fe, \u201csadece gelece\u011fe\u201d bakacak f\u00fct\u00fcrist bir sanat anlay\u0131\u015f\u0131n\u0131n topluma aktar\u0131lmas\u0131d\u0131r. Avangart ve yenilik\u00e7i bir dil anlay\u0131\u015f\u0131yla ortaya koydu\u011fu \u201cBunun Hakk\u0131nda\u201d, \u201cPantolonlu Bulut\u201d , \u201c150.000.000\u201d gibi eserlerde \u015fairin sanat\u0131n\u0131n en \u00fcst d\u00fczey \u00f6rneklerini izleriz. Mayakovski her zaman politikayla i\u00e7 i\u00e7e olmu\u015f, k\u0131z\u0131l bayrak alt\u0131nda inan\u00e7l\u0131 bir sosyalist olarak \u00f6lece\u011fini a\u00e7\u0131k\u00e7a ifade etmi\u015ftir. Bunun yan\u0131nda bir sanat\u00e7\u0131n\u0131n devlete veya herhangi bir lidere do\u011frudan ba\u011flanmas\u0131na s\u0131cak bakmam\u0131\u015f, zaman zaman Lenin\u2019I, Stalin\u2019i ve Sovyet b\u00fcrokrasisini de apa\u00e7\u0131k, hatta sert bi\u00e7imde ele\u015ftirmekten geri kalmam\u0131\u015ft\u0131r. \u00d6l\u00fcm\u00fcnden sonra ismi sokaklara verilse, b\u00fcstleri Sovyetler Birli\u011fi\u2019ni \u00e7evrelese de hayattayken bu ele\u015ftirel y\u00f6n\u00fcnden dolay\u0131 kitab\u0131m\u0131z\u0131n i\u00e7erisinde anlataca\u011f\u0131m\u0131z bir\u00e7ok g\u00fc\u00e7l\u00fckle kar\u015f\u0131 kar\u015f\u0131ya kalm\u0131\u015ft\u0131r. Sadece Mayakovski\u2019yle de\u011fil, Boris Pasternak\u2019la, Yesenin\u2019le, Anna Ahmatova\u2019yla, Gorki\u2019yle ve tabi ki Lili Brik\u2019le kar\u015f\u0131la\u015faca\u011f\u0131m\u0131z bu y\u00fcr\u00fcy\u00fc\u015fte onun hayat\u0131n\u0131 ve eserlerini en objektif bi\u00e7imde ortaya koyma \u00e7abam\u0131z bulunmaktad\u0131r. \u00dclkemizde Mayakovski\u2019nin daha kapsaml\u0131 tan\u0131nmas\u0131na katk\u0131da bulunma fikri bizi mutlu etmektedir. <\/p>\n","protected":false},"excerpt":{"rendered":"<p>\u0130nan\u00e7l\u0131 bir sosyalist olan ve Rus f\u00fct\u00fcrist hareketinin lideri olarak g\u00f6r\u00fclen Vladimir Mayakovski\u2019nin sanat tarz\u0131 ve edebi \u00e7abalar\u0131 onu de\u011ferlendiren ki\u015filerin g\u00f6z\u00fcnde \u00e7o\u011fu zaman politik kimli\u011finin<span class=\"excerpt-hellip\"> [\u2026]<\/span><\/p>\n","protected":false},"featured_media":0,"template":"","meta":{"_monsterinsights_skip_tracking":false,"_monsterinsights_sitenote_active":false,"_monsterinsights_sitenote_note":"","_monsterinsights_sitenote_category":0},"product_brand":[],"product_cat":[14009,12291],"product_tag":[],"class_list":{"0":"post-761517","1":"product","2":"type-product","3":"status-publish","5":"product_cat-biyografi-otobiyografi-edebiyat","6":"product_cat-edebiyat","7":"pa_cilt-ciltsiz","8":"pa_tur-kitap","9":"pa_yayinevi-pangea-kultur-yayinlari","10":"pa_yazar-cem-bulut","12":"first","13":"instock","14":"sale","15":"shipping-taxable","16":"purchasable","17":"product-type-simple"},"_links":{"self":[{"href":"https:\/\/roveyayinevi.com.tr\/index.php\/wp-json\/wp\/v2\/product\/761517","targetHints":{"allow":["GET"]}}],"collection":[{"href":"https:\/\/roveyayinevi.com.tr\/index.php\/wp-json\/wp\/v2\/product"}],"about":[{"href":"https:\/\/roveyayinevi.com.tr\/index.php\/wp-json\/wp\/v2\/types\/product"}],"wp:attachment":[{"href":"https:\/\/roveyayinevi.com.tr\/index.php\/wp-json\/wp\/v2\/media?parent=761517"}],"wp:term":[{"taxonomy":"product_brand","embeddable":true,"href":"https:\/\/roveyayinevi.com.tr\/index.php\/wp-json\/wp\/v2\/product_brand?post=761517"},{"taxonomy":"product_cat","embeddable":true,"href":"https:\/\/roveyayinevi.com.tr\/index.php\/wp-json\/wp\/v2\/product_cat?post=761517"},{"taxonomy":"product_tag","embeddable":true,"href":"https:\/\/roveyayinevi.com.tr\/index.php\/wp-json\/wp\/v2\/product_tag?post=761517"}],"curies":[{"name":"wp","href":"https:\/\/api.w.org\/{rel}","templated":true}]}}