{"id":761516,"date":"2025-08-28T09:39:31","date_gmt":"2025-08-28T06:39:31","guid":{"rendered":"https:\/\/roveyayinevi.com.tr\/index.php\/urun\/nihayet\/"},"modified":"2026-01-30T03:53:48","modified_gmt":"2026-01-30T00:53:48","slug":"nihayet","status":"publish","type":"product","link":"https:\/\/roveyayinevi.com.tr\/index.php\/urun\/nihayet\/","title":{"rendered":"Nihayet"},"content":{"rendered":"<p>\u00c7o\u011fumuzun s\u0131kl\u0131kla kulland\u0131\u011f\u0131 veya kullanmay\u0131 arzu etti\u011fi bir kelimedir \u201cN\u0130HAYET\u201d\u2026 Nihayet oldu. Nihayet ba\u015fard\u0131m. Nihayet bitti. Nihayet geldi. Nihayet gitti. Nihayet kazand\u0131m\u2026 \u00d6rnekler uzay\u0131p gider\u2026 Uzun soluklu bekleyi\u015f, sab\u0131r veya \u00e7abalar\u0131n meyvesidir; \u201cnihayet\u201d s\u00f6zc\u00fc\u011f\u00fc. Art\u0131k rahat bir nefes almay\u0131 ifade eder. Unutmamak gerekir ki; hayat\u0131m\u0131zdaki herhangi bir durum i\u00e7in \u201cnihayet\u201d diyebiliyorsak; do\u011fru yolday\u0131zd\u0131r. Bazen bir sohbet esnas\u0131nda sarf edilen bir s\u00f6zden, bazen bir haber ba\u015fl\u0131\u011f\u0131ndan, bazen seyredilen bir filmden, bazense kendi duygu ve d\u00fc\u015f\u00fcncelerimden veya ya\u015fanm\u0131\u015fl\u0131klar\u0131mdan esinlenerek yazd\u0131\u011f\u0131m \u015fiirlerimi; elinizde tuttu\u011funuz bu ikinci kitab\u0131mla N\u0130HAYET sizlerle payla\u015fabiliyorum. Hepimizin \u201cN\u0130HAYET\u201dlerinin \u00e7o\u011fald\u0131\u011f\u0131 bir d\u00fcnyay\u0131 ke\u015ffetmesi dile\u011fiyle\u2026 Sevgi, umut ve bar\u0131\u015fla kal\u0131n\u2026 <\/p>\n","protected":false},"excerpt":{"rendered":"<p>\u00c7o\u011fumuzun s\u0131kl\u0131kla kulland\u0131\u011f\u0131 veya kullanmay\u0131 arzu etti\u011fi bir kelimedir \u201cN\u0130HAYET\u201d\u2026 Nihayet oldu. Nihayet ba\u015fard\u0131m. Nihayet bitti. Nihayet geldi. Nihayet gitti. Nihayet kazand\u0131m\u2026 \u00d6rnekler uzay\u0131p gider\u2026 Uzun<span class=\"excerpt-hellip\"> [\u2026]<\/span><\/p>\n","protected":false},"featured_media":0,"template":"","meta":{"_monsterinsights_skip_tracking":false,"_monsterinsights_sitenote_active":false,"_monsterinsights_sitenote_note":"","_monsterinsights_sitenote_category":0},"product_brand":[],"product_cat":[12291,12509],"product_tag":[],"class_list":{"0":"post-761516","1":"product","2":"type-product","3":"status-publish","5":"product_cat-edebiyat","6":"product_cat-siir","7":"pa_cilt-ciltsiz","8":"pa_tur-kitap","9":"pa_yayinevi-vova-yayinlari","10":"pa_yazar-yesim-atilla","12":"first","13":"instock","14":"sale","15":"shipping-taxable","16":"purchasable","17":"product-type-simple"},"_links":{"self":[{"href":"https:\/\/roveyayinevi.com.tr\/index.php\/wp-json\/wp\/v2\/product\/761516","targetHints":{"allow":["GET"]}}],"collection":[{"href":"https:\/\/roveyayinevi.com.tr\/index.php\/wp-json\/wp\/v2\/product"}],"about":[{"href":"https:\/\/roveyayinevi.com.tr\/index.php\/wp-json\/wp\/v2\/types\/product"}],"wp:attachment":[{"href":"https:\/\/roveyayinevi.com.tr\/index.php\/wp-json\/wp\/v2\/media?parent=761516"}],"wp:term":[{"taxonomy":"product_brand","embeddable":true,"href":"https:\/\/roveyayinevi.com.tr\/index.php\/wp-json\/wp\/v2\/product_brand?post=761516"},{"taxonomy":"product_cat","embeddable":true,"href":"https:\/\/roveyayinevi.com.tr\/index.php\/wp-json\/wp\/v2\/product_cat?post=761516"},{"taxonomy":"product_tag","embeddable":true,"href":"https:\/\/roveyayinevi.com.tr\/index.php\/wp-json\/wp\/v2\/product_tag?post=761516"}],"curies":[{"name":"wp","href":"https:\/\/api.w.org\/{rel}","templated":true}]}}