{"id":761514,"date":"2025-08-28T09:39:29","date_gmt":"2025-08-28T06:39:29","guid":{"rendered":"https:\/\/roveyayinevi.com.tr\/index.php\/urun\/nasil-is-bulabilirim-is-bulmanin-el-kitabi\/"},"modified":"2025-09-11T15:54:24","modified_gmt":"2025-09-11T12:54:24","slug":"nasil-is-bulabilirim-is-bulmanin-el-kitabi","status":"publish","type":"product","link":"https:\/\/roveyayinevi.com.tr\/index.php\/urun\/nasil-is-bulabilirim-is-bulmanin-el-kitabi\/","title":{"rendered":"Nas\u0131l \u0130\u015f Bulabilirim ? \u0130\u015f Bulman\u0131n El Kitab\u0131"},"content":{"rendered":"<p>Bu kitab\u0131 kaleme almamdaki amac\u0131m, Verdi\u011fim s\u00f6z\u00fc yerine getirmek ve insanlara var olan bilgi ve denetimimi aktarmakt\u0131r. Kitab\u0131 ilk kaleme ald\u0131\u011f\u0131mda ad\u0131 \u201c K\u0131rk ders, k\u0131rk konu, k\u0131rk sayfa, K\u0131rk TL ye Ankara\u2019da \u0130\u015f Bulmak\u201d d\u0131. \u015eahsi fikrini almak istedi\u011fim karde\u015fim. K\u0131rk TL\u2019yi g\u00f6r\u00fcnce kitab\u0131 \u00e7\u00f6pe att\u0131. Bunlar\u0131nda bildi\u011fi tek \u015fey \u00e7\u00f6pe atmak. Fakat bu defa tecr\u00fcbeliyim. Gidip \u00e7\u00f6pten geri ald\u0131m. Ba\u015flad\u0131m i\u015f deneyimi edinmeye. Sonra bir g\u00fcn kitap gene yok. Az kals\u0131n benimle birlikte Mamak \u00e7\u00f6pl\u00fc\u011f\u00fcne gidiyordu. O da olmad\u0131. E\u011fer bu sat\u0131rlar\u0131 okuyorsan\u0131z demektir ki ba\u015farm\u0131\u015f\u0131m. <\/p>\n","protected":false},"excerpt":{"rendered":"<p>Bu kitab\u0131 kaleme almamdaki amac\u0131m, Verdi\u011fim s\u00f6z\u00fc yerine getirmek ve insanlara var olan bilgi ve denetimimi aktarmakt\u0131r. Kitab\u0131 ilk kaleme ald\u0131\u011f\u0131mda ad\u0131 \u201c K\u0131rk ders, k\u0131rk<span class=\"excerpt-hellip\"> [\u2026]<\/span><\/p>\n","protected":false},"featured_media":0,"template":"","meta":{"_monsterinsights_skip_tracking":false,"_monsterinsights_sitenote_active":false,"_monsterinsights_sitenote_note":"","_monsterinsights_sitenote_category":0},"product_brand":[],"product_cat":[52477],"product_tag":[],"class_list":{"0":"post-761514","1":"product","2":"type-product","3":"status-publish","5":"product_cat-arastirma","6":"pa_cilt-ciltsiz","7":"pa_tur-kitap","8":"pa_yayinevi-vova-yayinlari","9":"pa_yazar-naci-sengul","11":"first","12":"instock","13":"sale","14":"shipping-taxable","15":"purchasable","16":"product-type-simple"},"_links":{"self":[{"href":"https:\/\/roveyayinevi.com.tr\/index.php\/wp-json\/wp\/v2\/product\/761514","targetHints":{"allow":["GET"]}}],"collection":[{"href":"https:\/\/roveyayinevi.com.tr\/index.php\/wp-json\/wp\/v2\/product"}],"about":[{"href":"https:\/\/roveyayinevi.com.tr\/index.php\/wp-json\/wp\/v2\/types\/product"}],"wp:attachment":[{"href":"https:\/\/roveyayinevi.com.tr\/index.php\/wp-json\/wp\/v2\/media?parent=761514"}],"wp:term":[{"taxonomy":"product_brand","embeddable":true,"href":"https:\/\/roveyayinevi.com.tr\/index.php\/wp-json\/wp\/v2\/product_brand?post=761514"},{"taxonomy":"product_cat","embeddable":true,"href":"https:\/\/roveyayinevi.com.tr\/index.php\/wp-json\/wp\/v2\/product_cat?post=761514"},{"taxonomy":"product_tag","embeddable":true,"href":"https:\/\/roveyayinevi.com.tr\/index.php\/wp-json\/wp\/v2\/product_tag?post=761514"}],"curies":[{"name":"wp","href":"https:\/\/api.w.org\/{rel}","templated":true}]}}