{"id":761513,"date":"2025-08-28T09:39:27","date_gmt":"2025-08-28T06:39:27","guid":{"rendered":"https:\/\/roveyayinevi.com.tr\/index.php\/urun\/kultur-atasesi-kimdir\/"},"modified":"2026-01-30T03:53:48","modified_gmt":"2026-01-30T00:53:48","slug":"kultur-atasesi-kimdir","status":"publish","type":"product","link":"https:\/\/roveyayinevi.com.tr\/index.php\/urun\/kultur-atasesi-kimdir\/","title":{"rendered":"K\u00fclt\u00fcr Ata\u015fesi Kimdir ?"},"content":{"rendered":"<p>K\u00fclt\u00fcr ata\u015feli\u011fi, d\u00fcnya sahnesindeki k\u00fclt\u00fcrel orkestran\u0131n \u015fefidir. Bu b\u00fcy\u00fcleyici rol, k\u00fclt\u00fcrleraras\u0131 k\u00f6pr\u00fcler kurarak, farkl\u0131 milletlerin sanat\u0131n\u0131, tarihini ve bilgisini y\u00fccelterek k\u00fcresel bir anlay\u0131\u015f\u0131n ve bar\u0131\u015f\u0131n geli\u015fimine katk\u0131 sa\u011flar. K\u00fclt\u00fcr ata\u015feleri, insanl\u0131k ailesinin \u00e7e\u015fitli \u00fcyeleri aras\u0131nda diyalog ve i\u015f birli\u011finin art\u0131r\u0131lmas\u0131nda kritik rol oynar. Onlar\u0131n \u00e7abalar\u0131 sayesinde, d\u00fcnya, farkl\u0131l\u0131klar\u0131m\u0131z\u0131n zenginli\u011fi i\u00e7inde birle\u015febilir ve ortak insanl\u0131k de\u011ferlerimiz etraf\u0131nda toplanabilir. Bu nedenle, k\u00fclt\u00fcr ata\u015feli\u011finin de\u011feri, sadece bug\u00fcn\u00fcn de\u011fil, yar\u0131n\u0131n d\u00fcnyas\u0131nda da yank\u0131lanacak bir k\u00fclt\u00fcrel yat\u0131r\u0131md\u0131r. <\/p>\n","protected":false},"excerpt":{"rendered":"<p>K\u00fclt\u00fcr ata\u015feli\u011fi, d\u00fcnya sahnesindeki k\u00fclt\u00fcrel orkestran\u0131n \u015fefidir. Bu b\u00fcy\u00fcleyici rol, k\u00fclt\u00fcrleraras\u0131 k\u00f6pr\u00fcler kurarak, farkl\u0131 milletlerin sanat\u0131n\u0131, tarihini ve bilgisini y\u00fccelterek k\u00fcresel bir anlay\u0131\u015f\u0131n ve bar\u0131\u015f\u0131n geli\u015fimine<span class=\"excerpt-hellip\"> [\u2026]<\/span><\/p>\n","protected":false},"featured_media":0,"template":"","meta":{"_monsterinsights_skip_tracking":false,"_monsterinsights_sitenote_active":false,"_monsterinsights_sitenote_note":"","_monsterinsights_sitenote_category":0},"product_brand":[],"product_cat":[12337,17225],"product_tag":[],"class_list":{"0":"post-761513","1":"product","2":"type-product","3":"status-publish","5":"product_cat-politika-siyaset","6":"product_cat-uluslararasi-iliskiler","7":"pa_cilt-ciltsiz","8":"pa_tur-kitap","9":"pa_yayinevi-vova-yayinlari","10":"pa_yazar-yener-ozen-hulya-bulut-ozen","12":"first","13":"instock","14":"sale","15":"shipping-taxable","16":"purchasable","17":"product-type-simple"},"_links":{"self":[{"href":"https:\/\/roveyayinevi.com.tr\/index.php\/wp-json\/wp\/v2\/product\/761513","targetHints":{"allow":["GET"]}}],"collection":[{"href":"https:\/\/roveyayinevi.com.tr\/index.php\/wp-json\/wp\/v2\/product"}],"about":[{"href":"https:\/\/roveyayinevi.com.tr\/index.php\/wp-json\/wp\/v2\/types\/product"}],"wp:attachment":[{"href":"https:\/\/roveyayinevi.com.tr\/index.php\/wp-json\/wp\/v2\/media?parent=761513"}],"wp:term":[{"taxonomy":"product_brand","embeddable":true,"href":"https:\/\/roveyayinevi.com.tr\/index.php\/wp-json\/wp\/v2\/product_brand?post=761513"},{"taxonomy":"product_cat","embeddable":true,"href":"https:\/\/roveyayinevi.com.tr\/index.php\/wp-json\/wp\/v2\/product_cat?post=761513"},{"taxonomy":"product_tag","embeddable":true,"href":"https:\/\/roveyayinevi.com.tr\/index.php\/wp-json\/wp\/v2\/product_tag?post=761513"}],"curies":[{"name":"wp","href":"https:\/\/api.w.org\/{rel}","templated":true}]}}