{"id":761511,"date":"2025-08-28T09:39:25","date_gmt":"2025-08-28T06:39:25","guid":{"rendered":"https:\/\/roveyayinevi.com.tr\/index.php\/urun\/hiristiyan-ateizm\/"},"modified":"2026-04-16T03:14:53","modified_gmt":"2026-04-16T00:14:53","slug":"hiristiyan-ateizm","status":"publish","type":"product","link":"https:\/\/roveyayinevi.com.tr\/index.php\/urun\/hiristiyan-ateizm\/","title":{"rendered":"H\u0131ristiyan Ateizm"},"content":{"rendered":"<p>\u201cYa ger\u00e7ek ateistler olmak istiyorsak dini bir yap\u0131yla hareket etmeye ba\u015flay\u0131p onu i\u00e7eriden zay\u0131flatmak zorundaysak? \u201c Slavoj \u017di\u017eek uzun zamandan beri H\u0131ristiyan teolojisi \u00fczerine yapt\u0131\u011f\u0131 dikkate de\u011fer yorum ve ele\u015ftirileri bu \u00e7al\u0131\u015fmas\u0131nda derleyip topluyor. Politik g\u00fcndemin ve bilimsel tart\u0131\u015fmalar\u0131n en g\u00fcncel olgular\u0131n\u0131n i\u00e7inden ge\u00e7erek y\u00fcr\u00fctt\u00fc\u011f\u00fc tart\u0131\u015fmada, kendisiyle tutarl\u0131 materyalist bir ateizmin dolayl\u0131 yolunu g\u00f6sterebilmek i\u00e7in Kutsal Kitaplar\u0131n -tabir-i caizse- alt\u0131n\u0131 \u00fcst\u00fcne getiriyor. \u017di\u017eek i\u00e7in ateizmin sorunu basit\u00e7e Tanr\u0131n\u0131n varl\u0131\u011f\u0131 ya da yoklu\u011fu problemi de\u011fildir. Bunun yerine inanmama deneyiminin kendisini sorgulamak gerekir: Ger\u00e7ek bir ateist ancak dinin dolay\u0131m\u0131ndan ge\u00e7tikten sonra hakiki bir inan\u00e7s\u0131zl\u0131k deneyimi ya\u015fayabilir. \u00c7\u00fcnk\u00fc ilahi varl\u0131\u011fa m\u00fcsaade edildi\u011finde Tanr\u0131 zaten kendisini tablodan silecektir. H\u0131ristiyanl\u0131\u011f\u0131 e\u015fsiz k\u0131lan deneyim insanlar\u0131 Tanr\u0131dan ay\u0131ran bo\u015flu\u011fun bizzat Tanr\u0131n\u0131n kendisinde bulunmas\u0131d\u0131r. Budist d\u00fc\u015f\u00fcnce, diyalektik materyalizm, politik \u00f6znellik, Yahudi kar\u015f\u0131tl\u0131\u011f\u0131, MeToo hareketleri, Siyah m\u00fccadelesi, toplumsal cinsiyet tart\u0131\u015fmalar\u0131 etraf\u0131ndaki gerilimler ve kuantum fizi\u011fi, yapay zeka etraf\u0131nda d\u00f6nen tart\u0131\u015fmalar gibi geni\u015f bir yelpazeden ilerleyen bu kitap, \u017di\u017eek\u2019in bug\u00fcne kadar teoloji ve din \u00fczerine en kapsaml\u0131 \u00e7al\u0131\u015fmas\u0131. H\u0131ristiyan Ateizm \u00e7a\u011fda\u015f spirit\u00fcelli\u011fin \u00f6nde gelen kaynaklar\u0131ndan birisi olan Budist d\u00fc\u015f\u00fcncenin varyantlar\u0131n\u0131 incelikli \u015fekilde \u00e7\u00f6z\u00fcmledi\u011fi gibi, pek \u00e7ok kafas\u0131 kar\u0131\u015f\u0131k New Age z\u0131rvas\u0131n\u0131n istismar\u0131na konu olan kuantum fizi\u011fi etraf\u0131ndaki yorum karga\u015fas\u0131na hakk\u0131n\u0131 vererek geni\u015f bir yer ay\u0131r\u0131yor. Ve birbiriyle ba\u011fda\u015fmaz g\u00f6r\u00fcnen t\u00fcm bu tart\u0131\u015fmalar\u0131n arkas\u0131nda \u017di\u017eek\u2019in diyalekti\u011fi yan\u0131na alan birle\u015ftirici kahkahas\u0131n\u0131 duymak m\u00fcmk\u00fcn: Savunmam\u0131z gereken dini yap\u0131n\u0131n kendi kendisini yok etti\u011fi materyalist prosed\u00fcrd\u00fcr; \u201ctanr\u0131n\u0131n k\u00f6t\u00fc veya aptal oldu\u011funu iddia etmek \u2026 i\u00e7indeki ilahi d\u00fc\u015f\u00fcncenin kendisini yok etti\u011finden tanr\u0131 yoktur diyen iddiadan bile daha rahats\u0131z edicidir.\u201d <\/p>\n","protected":false},"excerpt":{"rendered":"<p>\u201cYa ger\u00e7ek ateistler olmak istiyorsak dini bir yap\u0131yla hareket etmeye ba\u015flay\u0131p onu i\u00e7eriden zay\u0131flatmak zorundaysak? \u201c Slavoj \u017di\u017eek uzun zamandan beri H\u0131ristiyan teolojisi \u00fczerine yapt\u0131\u011f\u0131 dikkate<span class=\"excerpt-hellip\"> [\u2026]<\/span><\/p>\n","protected":false},"featured_media":0,"template":"","meta":{"_monsterinsights_skip_tracking":false,"_monsterinsights_sitenote_active":false,"_monsterinsights_sitenote_note":"","_monsterinsights_sitenote_category":0},"product_brand":[],"product_cat":[12388],"product_tag":[],"class_list":{"0":"post-761511","1":"product","2":"type-product","3":"status-publish","5":"product_cat-felsefe","6":"pa_cilt-ciltsiz","7":"pa_tur-kitap","8":"pa_yayinevi-livera-yayinevi","9":"pa_yazar-slavoj-zizek","11":"first","12":"instock","13":"sale","14":"shipping-taxable","15":"purchasable","16":"product-type-simple"},"_links":{"self":[{"href":"https:\/\/roveyayinevi.com.tr\/index.php\/wp-json\/wp\/v2\/product\/761511","targetHints":{"allow":["GET"]}}],"collection":[{"href":"https:\/\/roveyayinevi.com.tr\/index.php\/wp-json\/wp\/v2\/product"}],"about":[{"href":"https:\/\/roveyayinevi.com.tr\/index.php\/wp-json\/wp\/v2\/types\/product"}],"wp:attachment":[{"href":"https:\/\/roveyayinevi.com.tr\/index.php\/wp-json\/wp\/v2\/media?parent=761511"}],"wp:term":[{"taxonomy":"product_brand","embeddable":true,"href":"https:\/\/roveyayinevi.com.tr\/index.php\/wp-json\/wp\/v2\/product_brand?post=761511"},{"taxonomy":"product_cat","embeddable":true,"href":"https:\/\/roveyayinevi.com.tr\/index.php\/wp-json\/wp\/v2\/product_cat?post=761511"},{"taxonomy":"product_tag","embeddable":true,"href":"https:\/\/roveyayinevi.com.tr\/index.php\/wp-json\/wp\/v2\/product_tag?post=761511"}],"curies":[{"name":"wp","href":"https:\/\/api.w.org\/{rel}","templated":true}]}}