{"id":761510,"date":"2025-08-28T09:39:23","date_gmt":"2025-08-28T06:39:23","guid":{"rendered":"https:\/\/roveyayinevi.com.tr\/index.php\/urun\/firtina-kuslari\/"},"modified":"2026-03-28T03:18:32","modified_gmt":"2026-03-28T00:18:32","slug":"firtina-kuslari","status":"publish","type":"product","link":"https:\/\/roveyayinevi.com.tr\/index.php\/urun\/firtina-kuslari\/","title":{"rendered":"F\u0131rt\u0131na Ku\u015flar\u0131"},"content":{"rendered":"<p>L. Ostrover bir Rus i\u015f\u00e7isidir. Ostrover&#8217;in ya\u015fam hik\u00e2yelerini kaleme ald\u0131\u011f\u0131 d\u00f6rt \u201cF\u0131rt\u0131na Ku\u015fu\u201d, Rus i\u015f\u00e7i s\u0131n\u0131f\u0131yla ba\u015flayan ve d\u00f6nemimiz tarihine yeni bir y\u00f6n verecek olan \u015fiddetli f\u0131rt\u0131nan\u0131n habercileridir. Birbirine ba\u011flanan d\u00f6rt anlat\u0131, f\u0131rt\u0131na ku\u015flar\u0131n\u0131n s\u00fcrd\u00fcrd\u00fc\u011f\u00fc devrimci m\u00fccadeleler kapsam\u0131nda elde ettikleri ba\u015far\u0131, kazan\u0131m ve zaferleri, ayn\u0131 zamanda katlanmak durumunda kald\u0131klar\u0131 ac\u0131 yenilgileri yans\u0131t\u0131yor. F\u0131rt\u0131na Ku\u015flar\u0131 bizi 19. y\u00fczy\u0131l\u0131n &#8217;70&#8217;li ve &#8217;80&#8217;li y\u0131llar\u0131na, \u00c7arl\u0131k rejiminin karanl\u0131k d\u00f6nemlerine ta\u015f\u0131yor. Kapitalizm, Rusya&#8217;da topra\u011fa ba\u011f\u0131ml\u0131l\u0131k \u00fczerine kurulu ilkel k\u00f6lelik ko\u015fullar\u0131n\u0131n tasfiyesi ve h\u0131zla \u00e7\u00f6z\u00fclmesiyle birlikte bir geli\u015fim evresi ya\u015fad\u0131. Bu geli\u015fim dolays\u0131z olarak i\u015f\u00e7i s\u0131n\u0131f\u0131n\u0131n ortaya \u00e7\u0131k\u0131\u015f\u0131n\u0131 ve i\u015f\u00e7i hareketinin geli\u015fimini de ba\u011fr\u0131nda ta\u015f\u0131d\u0131. \u201c\u00d6n\u00fcm\u00fczde, b\u00fct\u00fcn g\u00fcc\u00fcyle d\u00fc\u015fman kalesi duruyor ve \u00fczerimize ya\u011fd\u0131rd\u0131\u011f\u0131 kur\u015fun ve g\u00fclleleriyle en iyi sava\u015f\u00e7\u0131lar\u0131m\u0131z\u0131 vuruyor. Bu kaleyi ele ge\u00e7irmek zorunday\u0131z ve bu kaleyi, e\u011fer uyanan proletaryan\u0131n t\u00fcm g\u00fc\u00e7lerini Rus devrimci g\u00fc\u00e7leriyle ortak bir partide, Rusya&#8217;da diri ve d\u00fcr\u00fcst olan her \u015feyin \u00e7ekim merkezi olan bir partide birle\u015ftirebilme yetene\u011fini sergileyebilirsek, bu kaleyi ele ge\u00e7iririz. Sadece o zaman Rus devrimci i\u015f\u00e7isi Pyotr Alekseyev&#8217;in kehaneti hayat bulur, ete kemi\u011fe b\u00fcr\u00fcn\u00fcr: Emek\u00e7i halk adaleli kollar\u0131n\u0131 kald\u0131racak ve s\u00fcng\u00fclerin yard\u0131m\u0131yla korunan despotizmin boyunduru\u011fu tuz buz olacakt\u0131r.\u201d (V.\u0130. Lenin) \u0130\u015f\u00e7i yazar L. Ostrover&#8217;in bu kitapta tan\u0131tt\u0131\u011f\u0131 Alekseyev, \u00c7arl\u0131k Rusyas\u0131&#8217;nda b\u00fcy\u00fcy\u00fcp geli\u015fen Ekim Devrimi&#8217;nin \u00f6n habercisi \u201cF\u0131rt\u0131na Ku\u015flar\u0131\u201dndan biridir. <\/p>\n","protected":false},"excerpt":{"rendered":"<p>L. Ostrover bir Rus i\u015f\u00e7isidir. Ostrover&#8217;in ya\u015fam hik\u00e2yelerini kaleme ald\u0131\u011f\u0131 d\u00f6rt \u201cF\u0131rt\u0131na Ku\u015fu\u201d, Rus i\u015f\u00e7i s\u0131n\u0131f\u0131yla ba\u015flayan ve d\u00f6nemimiz tarihine yeni bir y\u00f6n verecek olan \u015fiddetli<span class=\"excerpt-hellip\"> [\u2026]<\/span><\/p>\n","protected":false},"featured_media":0,"template":"","meta":{"_monsterinsights_skip_tracking":false,"_monsterinsights_sitenote_active":false,"_monsterinsights_sitenote_note":"","_monsterinsights_sitenote_category":0},"product_brand":[],"product_cat":[12291,12711],"product_tag":[],"class_list":{"0":"post-761510","1":"product","2":"type-product","3":"status-publish","5":"product_cat-edebiyat","6":"product_cat-roman-oyku","7":"pa_cilt-ciltsiz","8":"pa_tur-kitap","9":"pa_yayinevi-kor-kitap","10":"pa_yazar-l-ostrover","12":"first","13":"instock","14":"sale","15":"shipping-taxable","16":"purchasable","17":"product-type-simple"},"_links":{"self":[{"href":"https:\/\/roveyayinevi.com.tr\/index.php\/wp-json\/wp\/v2\/product\/761510","targetHints":{"allow":["GET"]}}],"collection":[{"href":"https:\/\/roveyayinevi.com.tr\/index.php\/wp-json\/wp\/v2\/product"}],"about":[{"href":"https:\/\/roveyayinevi.com.tr\/index.php\/wp-json\/wp\/v2\/types\/product"}],"wp:attachment":[{"href":"https:\/\/roveyayinevi.com.tr\/index.php\/wp-json\/wp\/v2\/media?parent=761510"}],"wp:term":[{"taxonomy":"product_brand","embeddable":true,"href":"https:\/\/roveyayinevi.com.tr\/index.php\/wp-json\/wp\/v2\/product_brand?post=761510"},{"taxonomy":"product_cat","embeddable":true,"href":"https:\/\/roveyayinevi.com.tr\/index.php\/wp-json\/wp\/v2\/product_cat?post=761510"},{"taxonomy":"product_tag","embeddable":true,"href":"https:\/\/roveyayinevi.com.tr\/index.php\/wp-json\/wp\/v2\/product_tag?post=761510"}],"curies":[{"name":"wp","href":"https:\/\/api.w.org\/{rel}","templated":true}]}}