{"id":761507,"date":"2025-08-28T09:39:20","date_gmt":"2025-08-28T06:39:20","guid":{"rendered":"https:\/\/roveyayinevi.com.tr\/index.php\/urun\/terorizm-psikolojisi\/"},"modified":"2026-04-03T03:18:43","modified_gmt":"2026-04-03T00:18:43","slug":"terorizm-psikolojisi","status":"publish","type":"product","link":"https:\/\/roveyayinevi.com.tr\/index.php\/urun\/terorizm-psikolojisi\/","title":{"rendered":"Ter\u00f6rizm Psikolojisi"},"content":{"rendered":"<p>\u0130nsanlar ter\u00f6r \u00f6rg\u00fctlerine neden ve nas\u0131l kat\u0131l\u0131r? Ter\u00f6r eylemlerini hangi psikososyal s\u00fcre\u00e7lerden ge\u00e7erek ger\u00e7ekle\u015ftirir? \u0130ntihar sald\u0131r\u0131lar\u0131n\u0131n failleri nas\u0131l ya\u015fant\u0131lar e\u015fli\u011finde bu eylemleri yapmay\u0131 kabul eder? John Horgan\u2019\u0131n kaleme ald\u0131\u011f\u0131 bu kitap, ter\u00f6rizmin psikolojisine ili\u015fkin mevcut bilgi ve anlay\u0131\u015f\u0131m\u0131z\u0131n \u00f6tesine ge\u00e7erek psikoloji biliminin kavramsal \u00e7er\u00e7evesi i\u00e7inde ter\u00f6r davran\u0131\u015flar\u0131n\u0131n ele\u015ftirel bir \u00e7\u00f6z\u00fcmlemesine giri\u015fiyor. Ter\u00f6rizmi \u201cpatolojik\u201d olarak nitelendiren pek \u00e7ok ara\u015ft\u0131rmaya ra\u011fmen Ter\u00f6rizm Psikolojisi, bu bireylerde tan\u0131mlanabilir herhangi bir psikopatolojinin bulunmad\u0131\u011f\u0131n\u0131 g\u00f6stermekle kalmay\u0131p ter\u00f6rist faaliyetlerde bulunanlar\u0131n neredeyse korkutucu derecede \u201cnormal\u201d ve \u201cs\u0131radan\u201d oldu\u011funa dikkat \u00e7ekiyor. Horgan, farkl\u0131 \u00fclkelerde yap\u0131lm\u0131\u015f ara\u015ft\u0131rmalardan hareketle kitapta, bir ter\u00f6ristin ya\u015fam\u0131na dair \u201c\u0130li\u015fkilenme-Kat\u0131lma-Ayr\u0131lma\u201d modelini \u00f6ne s\u00fcr\u00fcyor ve bu yakla\u015f\u0131m\u0131 geli\u015ftiriyor. El Kaide\u2019den radikal solcu \u00f6rg\u00fctlere geni\u015f bir yelpazede \u00e7e\u015fitli siyasal \u015fiddet olaylar\u0131na kar\u0131\u015fm\u0131\u015f farkl\u0131 ki\u015filerle yap\u0131lan g\u00f6r\u00fc\u015fmelerden, eski ter\u00f6ristlerin ya\u015fam\u00f6yk\u00fclerinden ve yak\u0131n d\u00f6nemde ger\u00e7ekle\u015fen ter\u00f6r sald\u0131r\u0131lar\u0131na dair \u00e7al\u0131\u015fmalardan yararlanan Ter\u00f6rizm Psikolojisi, gerek ulusal\/uluslararas\u0131 g\u00fcvenlik ve siyasal \u015fiddetle m\u00fccadele \u00fczerine \u00e7al\u0131\u015fanlar, gerekse bu konuya merak duyan di\u011fer okurlar i\u00e7in yetkin bir kaynak. <\/p>\n","protected":false},"excerpt":{"rendered":"<p>\u0130nsanlar ter\u00f6r \u00f6rg\u00fctlerine neden ve nas\u0131l kat\u0131l\u0131r? Ter\u00f6r eylemlerini hangi psikososyal s\u00fcre\u00e7lerden ge\u00e7erek ger\u00e7ekle\u015ftirir? \u0130ntihar sald\u0131r\u0131lar\u0131n\u0131n failleri nas\u0131l ya\u015fant\u0131lar e\u015fli\u011finde bu eylemleri yapmay\u0131 kabul eder? John<span class=\"excerpt-hellip\"> [\u2026]<\/span><\/p>\n","protected":false},"featured_media":0,"template":"","meta":{"_monsterinsights_skip_tracking":false,"_monsterinsights_sitenote_active":false,"_monsterinsights_sitenote_note":"","_monsterinsights_sitenote_category":0},"product_brand":[],"product_cat":[12357],"product_tag":[],"class_list":{"0":"post-761507","1":"product","2":"type-product","3":"status-publish","5":"product_cat-psikoloji","6":"pa_cilt-ciltsiz","7":"pa_tur-kitap","8":"pa_yayinevi-istanbul-bilgi-universitesi-yayinlari","9":"pa_yazar-john-horgan","11":"first","12":"instock","13":"sale","14":"shipping-taxable","15":"purchasable","16":"product-type-simple"},"_links":{"self":[{"href":"https:\/\/roveyayinevi.com.tr\/index.php\/wp-json\/wp\/v2\/product\/761507","targetHints":{"allow":["GET"]}}],"collection":[{"href":"https:\/\/roveyayinevi.com.tr\/index.php\/wp-json\/wp\/v2\/product"}],"about":[{"href":"https:\/\/roveyayinevi.com.tr\/index.php\/wp-json\/wp\/v2\/types\/product"}],"wp:attachment":[{"href":"https:\/\/roveyayinevi.com.tr\/index.php\/wp-json\/wp\/v2\/media?parent=761507"}],"wp:term":[{"taxonomy":"product_brand","embeddable":true,"href":"https:\/\/roveyayinevi.com.tr\/index.php\/wp-json\/wp\/v2\/product_brand?post=761507"},{"taxonomy":"product_cat","embeddable":true,"href":"https:\/\/roveyayinevi.com.tr\/index.php\/wp-json\/wp\/v2\/product_cat?post=761507"},{"taxonomy":"product_tag","embeddable":true,"href":"https:\/\/roveyayinevi.com.tr\/index.php\/wp-json\/wp\/v2\/product_tag?post=761507"}],"curies":[{"name":"wp","href":"https:\/\/api.w.org\/{rel}","templated":true}]}}