{"id":761505,"date":"2025-08-28T09:39:17","date_gmt":"2025-08-28T06:39:17","guid":{"rendered":"https:\/\/roveyayinevi.com.tr\/index.php\/urun\/nasil-buyuduk\/"},"modified":"2026-04-16T03:14:53","modified_gmt":"2026-04-16T00:14:53","slug":"nasil-buyuduk","status":"publish","type":"product","link":"https:\/\/roveyayinevi.com.tr\/index.php\/urun\/nasil-buyuduk\/","title":{"rendered":"Nas\u0131l B\u00fcy\u00fcd\u00fck?"},"content":{"rendered":"<p>\u00d6ner G\u00fcn\u00e7avd\u0131 bu \u00e7al\u0131\u015fmas\u0131nda 2017 y\u0131l\u0131na kadar olan zaman zarf\u0131nda AKP iktidar\u0131n\u0131n uygulad\u0131\u011f\u0131 ekonomik b\u00fcy\u00fcmenin teorik temellerini incelemektedir. Bu d\u00f6nemden sonra ekonominin maruz kald\u0131\u011f\u0131 d\u0131\u015fsal \u015foklar\u0131n etkisiyle ortaya \u00e7\u0131kan kurumsal d\u00f6n\u00fc\u015f\u00fcm\u00fcn ekonomide yol a\u00e7t\u0131\u011f\u0131 sonu\u00e7lar, bu kitaba dahil edilmemi\u015ftir. Kurallar\u0131n yerine daha \u00e7ok durumsal y\u00f6netimin \u00f6ne \u00e7\u0131kt\u0131\u011f\u0131 bug\u00fcn\u00fcn T\u00fcrkiyesi\u2019nde herhangi bir b\u00fcy\u00fcme prati\u011finin tutarl\u0131 teorik bir \u00e7er\u00e7eve i\u00e7inde ele al\u0131nmas\u0131 neredeyse imk\u00e2ns\u0131zd\u0131r. Bu kitapta, bir d\u00f6nem ba\u015far\u0131l\u0131 bulunan ekonomik uygulamalar\u0131n, asl\u0131nda bug\u00fcnk\u00fc sorunlar\u0131m\u0131z\u0131n kayna\u011f\u0131n\u0131 olu\u015fturdu\u011fu analitik bir \u00e7er\u00e7evede anlat\u0131lmaktad\u0131r. O g\u00fcnlerde ama\u00e7lanan y\u00fcksek b\u00fcy\u00fcmenin b\u00fcy\u00fck \u00f6l\u00e7\u00fcde d\u0131\u015far\u0131dan bor\u00e7lan\u0131lan mali kaynaklarla, yap\u0131lan harcama tercihlerinin ve uygulanan para politikas\u0131n\u0131n kurumsal \u00e7er\u00e7evesinin de sonucu oldu\u011fu g\u00f6sterilmeye \u00e7al\u0131\u015f\u0131lmaktad\u0131r. Ayr\u0131ca Nas\u0131l B\u00fcy\u00fcd\u00fck? ekonomi \u00f6\u011frencileri ile ekonomiye ilgi duyan ve AKP\u2019nin ilk y\u0131llar\u0131ndaki ekonomik b\u00fcy\u00fcmenin nedenlerini ve do\u011furdu\u011fu sonu\u00e7lar\u0131 anlamak isteyenler i\u00e7in kaynak niteli\u011findedir.   \u201cBu kitap, T\u00fcrkiye\u2019nin 21. y\u00fczy\u0131lda ekonomik performans\u0131n\u0131 al\u0131\u015f\u0131lagelenden farkl\u0131 bir g\u00f6zle de\u011ferlendiren, beraberinde kulland\u0131\u011f\u0131 teorik ara\u00e7lar\u0131 da okuyucuya tan\u0131tan ger\u00e7ekten \u00f6zg\u00fcn, kapsaml\u0131 ve \u00f6\u011fretici bir \u00e7al\u0131\u015fma. \u00d6zellikle \u00fclkenin iki ezeli (ve ebedi) sorunu, yani enflasyon ve d\u0131\u015f a\u00e7\u0131kla b\u00fcy\u00fcme dinamikleri aras\u0131ndaki kar\u015f\u0131l\u0131kl\u0131 karma\u015f\u0131k ili\u015fkiler \u00fczerine fevkalade \u00f6nemli g\u00f6zlem ve analizler sunuyor. Ba\u015fta iktisat\u00e7\u0131lar ve iktisat \u00f6\u011frencileri olmak \u00fczere, T\u00fcrkiye ekonomisinin buraya nas\u0131l geldi\u011fini merak eden herkesin bu kitaptan \u00e7ok yararlanaca\u011f\u0131n\u0131 d\u00fc\u015f\u00fcn\u00fcyorum.\u201d \u2013 Asaf Sava\u015f Akat, \u0130stanbul Bilgi \u00dcniversitesi \u201cT\u00fcrkiye ekonomisi son yirmi y\u0131lda bir yandan b\u00fcy\u00fcrken \u00f6te yandan da \u00f6nemli yap\u0131sal sorunlar biriktirdi. \u00d6ner G\u00fcn\u00e7avd\u0131 ayr\u0131nt\u0131l\u0131 ve \u00f6zg\u00fcn ara\u015ft\u0131rmalar\u0131yla bu geli\u015fmeleri en yak\u0131ndan izleyen iktisat\u00e7\u0131lardan biri. Bu \u00e7al\u0131\u015fmas\u0131nda son d\u00f6nemde derinle\u015fen iktisadi sorunlar\u0131n uzun d\u00f6nemli nedenlerini inceliyor, izlenen politikalar\u0131n, yap\u0131lan siyasi ve iktisadi tercihlerin sonu\u00e7lar\u0131n\u0131 g\u00f6zler \u00f6n\u00fcne seriyor. Hem bug\u00fcnk\u00fc T\u00fcrkiye ekonomisini daha iyi anlayabilmek hem de ya\u015fad\u0131\u011f\u0131m\u0131z sorunlar\u0131n nedenlerini do\u011fru te\u015fhis edebilmek ve bunlar\u0131n nas\u0131l a\u015f\u0131labilece\u011fi konusunda daha sa\u011fl\u0131kl\u0131 d\u00fc\u015f\u00fcnebilmek i\u00e7in okunmas\u0131 gereken \u00f6nemli bir kitap.\u201d \u2013 \u015eevket Pamuk, Bo\u011fazi\u00e7i \u00dcniversitesi <\/p>\n","protected":false},"excerpt":{"rendered":"<p>\u00d6ner G\u00fcn\u00e7avd\u0131 bu \u00e7al\u0131\u015fmas\u0131nda 2017 y\u0131l\u0131na kadar olan zaman zarf\u0131nda AKP iktidar\u0131n\u0131n uygulad\u0131\u011f\u0131 ekonomik b\u00fcy\u00fcmenin teorik temellerini incelemektedir. Bu d\u00f6nemden sonra ekonominin maruz kald\u0131\u011f\u0131 d\u0131\u015fsal \u015foklar\u0131n<span class=\"excerpt-hellip\"> [\u2026]<\/span><\/p>\n","protected":false},"featured_media":0,"template":"","meta":{"_monsterinsights_skip_tracking":false,"_monsterinsights_sitenote_active":false,"_monsterinsights_sitenote_note":"","_monsterinsights_sitenote_category":0},"product_brand":[],"product_cat":[13043],"product_tag":[],"class_list":{"0":"post-761505","1":"product","2":"type-product","3":"status-publish","5":"product_cat-ekonomi","6":"pa_cilt-ciltsiz","7":"pa_tur-kitap","8":"pa_yayinevi-istanbul-bilgi-universitesi-yayinlari","9":"pa_yazar-oner-guncavdi","11":"first","12":"instock","13":"sale","14":"shipping-taxable","15":"purchasable","16":"product-type-simple"},"_links":{"self":[{"href":"https:\/\/roveyayinevi.com.tr\/index.php\/wp-json\/wp\/v2\/product\/761505","targetHints":{"allow":["GET"]}}],"collection":[{"href":"https:\/\/roveyayinevi.com.tr\/index.php\/wp-json\/wp\/v2\/product"}],"about":[{"href":"https:\/\/roveyayinevi.com.tr\/index.php\/wp-json\/wp\/v2\/types\/product"}],"wp:attachment":[{"href":"https:\/\/roveyayinevi.com.tr\/index.php\/wp-json\/wp\/v2\/media?parent=761505"}],"wp:term":[{"taxonomy":"product_brand","embeddable":true,"href":"https:\/\/roveyayinevi.com.tr\/index.php\/wp-json\/wp\/v2\/product_brand?post=761505"},{"taxonomy":"product_cat","embeddable":true,"href":"https:\/\/roveyayinevi.com.tr\/index.php\/wp-json\/wp\/v2\/product_cat?post=761505"},{"taxonomy":"product_tag","embeddable":true,"href":"https:\/\/roveyayinevi.com.tr\/index.php\/wp-json\/wp\/v2\/product_tag?post=761505"}],"curies":[{"name":"wp","href":"https:\/\/api.w.org\/{rel}","templated":true}]}}