{"id":761504,"date":"2025-08-28T09:39:16","date_gmt":"2025-08-28T06:39:16","guid":{"rendered":"https:\/\/roveyayinevi.com.tr\/index.php\/urun\/bas-donmesi\/"},"modified":"2025-11-21T10:31:37","modified_gmt":"2025-11-21T07:31:37","slug":"bas-donmesi","status":"publish","type":"product","link":"https:\/\/roveyayinevi.com.tr\/index.php\/urun\/bas-donmesi\/","title":{"rendered":"Ba\u015f D\u00f6nmesi"},"content":{"rendered":"<p>\u201cT\u0131pk\u0131 ya\u015fayan ki\u015filerce tarifinde g\u00fc\u00e7l\u00fck \u00e7ekilen ba\u015f d\u00f6nmesi ya da sersemlik hissi gibi belirtileri klinisyenin \u00e7e\u015fitli sorularla tan\u0131ma, ay\u0131rt etme ve anlamland\u0131rmaya \u00e7al\u0131\u015fmas\u0131nda oldu\u011fu gibi bu kitap da s\u00f6z\u00fcn ve s\u00f6zc\u00fcklerin k\u0131s\u0131tl\u0131 oldu\u011fu karma\u015f\u0131k ve s\u0131n\u0131rlar\u0131 belirsiz bir konuyu art\u0131k hacim ve doku i\u00e7eren temsil edilebilir bir alana d\u00f6n\u00fc\u015ft\u00fcrmektedir.\u201d \u2013 Asl\u0131 Kuruo\u011flu \u201cBu kitab\u0131n en b\u00fcy\u00fck meziyetlerinden biri, bizi son derece zengin bir klinik pratikten yola \u00e7\u0131karak ba\u015f d\u00f6nmesinin ruhsall\u0131ktaki temel i\u015flevi \u00fczerine d\u00fc\u015f\u00fcnmeye ve bu deneyimin, ruhsal hayata i\u00e7kin haz ilkesinin en muhtelif alanlar\u0131ndaki \u00e7e\u015fitli d\u00f6n\u00fc\u015f\u00fcmleri \u00fczerine yazarla birlikte hayal kurmaya davet edi\u015fidir.\u201d \u2013 Alain Gibeault \u201c(\u2026) Bunlar ba\u015f d\u00f6nmesi hissinin e\u015flik etti\u011fi, pani\u011fe kap\u0131ld\u0131\u011f\u0131 ve kontrol\u00fcn\u00fc kaybetti\u011fi ani d\u00fc\u015f\u00fc\u015flerdi; mesleki ve ailevi hayat\u0131na zarar veriyorlard\u0131. Bu son d\u0131\u015favurumlar, b\u00f6l\u00fcnmelerin varl\u0131\u011f\u0131n\u0131 g\u00f6zler \u00f6n\u00fcne seriyordu. Fakat \u00f6ylesine iyi b\u00f6l\u00fcnm\u00fc\u015flerdi ki onlar\u0131 nispeten az fark etmi\u015ftim. Ger\u00e7ekten de Luc bunlardan havadan sudan s\u00f6z edermi\u015f\u00e7esine, sanki ona ait de\u011fillermi\u015f\u00e7esine kopuk bir bi\u00e7imde bahsediyordu. Sanki bana kendinden ba\u015fka birini, bana kendisiymi\u015f gibi tan\u0131tt\u0131\u011f\u0131 \u201ciyi uyum sa\u011flam\u0131\u015f\u201d ki\u015fi ile pek alakas\u0131 olmayan birini tasvir ediyordu. Oysa, Luc ilk psikanaliz seans\u0131nda divana uzan\u0131r uzanmaz b\u00f6l\u00fcnme var g\u00fcc\u00fcyle kendini belli etti ve kayg\u0131dan k\u0131vranan, titremelerle sars\u0131lan v\u00fccudu divana yap\u0131\u015fm\u0131\u015f, sessizli\u011fini sadece devam\u0131n\u0131 getiremedi\u011fi kelimelerle bozan bir analizan g\u00f6r\u00fcnce irkildim. Luc\u2019\u00fcn sezebildi\u011fimden \u00e7ok daha gerilemi\u015f, b\u00f6l\u00fcnm\u00fc\u015f par\u00e7as\u0131 t\u00fcm oday\u0131 kaplam\u0131\u015ft\u0131. Korkmas\u0131na korkmu\u015ftum fakat kendimi hastan\u0131n bana sundu\u011fu malzeme ile bir analitik maceran\u0131n i\u00e7inde buluvermi\u015ftim. S\u00f6z konusu malzeme yaln\u0131zca \u00f6n g\u00f6r\u00fc\u015fmelerin neredeyse tamam\u0131n\u0131 dolduran nispeten iyi uyum sa\u011flam\u0131\u015f taraf\u0131 de\u011fil, Luc\u2019\u00fcn b\u00fct\u00fcn\u00fcyd\u00fc. Luc\u2019\u00fcn seans\u0131n ard\u0131ndan g\u00fcnl\u00fck hayat\u0131na nas\u0131l devam edebilece\u011fini soruyordum kendime. Ama seans\u0131n sonunda yeni bir \u015fok ya\u015fam\u0131\u015ft\u0131m: Luc bir anda benli\u011finin \u2018uyum sa\u011flam\u0131\u015f\u2019 y\u00f6n\u00fcn\u00fc geri kazanm\u0131\u015f ve kendinde var olan gerilemeci taraf\u0131 hi\u00e7e sayarm\u0131\u015f\u00e7as\u0131na enerjik ad\u0131mlarla y\u00fcr\u00fcy\u00fcp gitmi\u015fti. Luc\u2019\u00fcn anlam veremedi\u011fi taraf\u0131n\u0131n ciddi \u015fekilde b\u00f6l\u00fcnmesi pahas\u0131na da olsa mesleki ve toplumsal rol\u00fcn\u00fc oynamas\u0131 gerekti\u011finin fark\u0131na var\u0131yordum.\u201d \u2013 Danielle Quinodoz <\/p>\n","protected":false},"excerpt":{"rendered":"<p>\u201cT\u0131pk\u0131 ya\u015fayan ki\u015filerce tarifinde g\u00fc\u00e7l\u00fck \u00e7ekilen ba\u015f d\u00f6nmesi ya da sersemlik hissi gibi belirtileri klinisyenin \u00e7e\u015fitli sorularla tan\u0131ma, ay\u0131rt etme ve anlamland\u0131rmaya \u00e7al\u0131\u015fmas\u0131nda oldu\u011fu gibi bu<span class=\"excerpt-hellip\"> [\u2026]<\/span><\/p>\n","protected":false},"featured_media":0,"template":"","meta":{"_monsterinsights_skip_tracking":false,"_monsterinsights_sitenote_active":false,"_monsterinsights_sitenote_note":"","_monsterinsights_sitenote_category":0},"product_brand":[],"product_cat":[12358,12357],"product_tag":[],"class_list":{"0":"post-761504","1":"product","2":"type-product","3":"status-publish","5":"product_cat-genel-psikoloji","6":"product_cat-psikoloji","7":"pa_cilt-ciltsiz","8":"pa_tur-kitap","9":"pa_yayinevi-istanbul-bilgi-universitesi-yayinlari","10":"pa_yazar-danielle-quinodoz","12":"first","13":"instock","14":"sale","15":"shipping-taxable","16":"purchasable","17":"product-type-simple"},"_links":{"self":[{"href":"https:\/\/roveyayinevi.com.tr\/index.php\/wp-json\/wp\/v2\/product\/761504","targetHints":{"allow":["GET"]}}],"collection":[{"href":"https:\/\/roveyayinevi.com.tr\/index.php\/wp-json\/wp\/v2\/product"}],"about":[{"href":"https:\/\/roveyayinevi.com.tr\/index.php\/wp-json\/wp\/v2\/types\/product"}],"wp:attachment":[{"href":"https:\/\/roveyayinevi.com.tr\/index.php\/wp-json\/wp\/v2\/media?parent=761504"}],"wp:term":[{"taxonomy":"product_brand","embeddable":true,"href":"https:\/\/roveyayinevi.com.tr\/index.php\/wp-json\/wp\/v2\/product_brand?post=761504"},{"taxonomy":"product_cat","embeddable":true,"href":"https:\/\/roveyayinevi.com.tr\/index.php\/wp-json\/wp\/v2\/product_cat?post=761504"},{"taxonomy":"product_tag","embeddable":true,"href":"https:\/\/roveyayinevi.com.tr\/index.php\/wp-json\/wp\/v2\/product_tag?post=761504"}],"curies":[{"name":"wp","href":"https:\/\/api.w.org\/{rel}","templated":true}]}}