{"id":761503,"date":"2025-08-28T09:39:15","date_gmt":"2025-08-28T06:39:15","guid":{"rendered":"https:\/\/roveyayinevi.com.tr\/index.php\/urun\/cumhuriyetin-100-yilinda-turk-dis-politikasinin-tematik-analizi\/"},"modified":"2026-04-16T03:14:53","modified_gmt":"2026-04-16T00:14:53","slug":"cumhuriyetin-100-yilinda-turk-dis-politikasinin-tematik-analizi","status":"publish","type":"product","link":"https:\/\/roveyayinevi.com.tr\/index.php\/urun\/cumhuriyetin-100-yilinda-turk-dis-politikasinin-tematik-analizi\/","title":{"rendered":"Cumhuriyetin 100. Y\u0131l\u0131nda T\u00fcrk D\u0131\u015f Politikas\u0131n\u0131n Tematik Analizi"},"content":{"rendered":"<p>\u201c\u0130ki de\u011ferli meslekta\u015f\u0131m, Bur\u00e7 Aka ve Tolga Bilener, \u201cCumhuriyetin 100. Y\u0131l\u0131nda T\u00fcrkiye\u2019nin D\u0131\u015f Politikas\u0131\u201dna ili\u015fkin, kendilerinden de gen\u00e7 ve \u201cikinci y\u00fczy\u0131l\u201d\u0131n sosyal bilimcileri olacak bir akademisyen grubunun \u00e7al\u0131\u015fmalar\u0131ndan bu g\u00fczel derlemeyi \u00fcretmi\u015fler. \u00c7al\u0131\u015fmada, bir yandan T\u00fcrkiye\u2019nin d\u0131\u015f politikas\u0131n\u0131n diplomatik ve ekonomik ara\u00e7lar\u0131na ili\u015fkin baz\u0131 \u201cyumu\u015fak g\u00fc\u00e7\u201d \u00f6rnekleri olarak niteleyebilece\u011fimiz bir dizi inceleme yer almaktad\u0131r. Di\u011fer yandan yeni denilebilecek baz\u0131 \u201ctema\u201d ya da \u201cb\u00f6lge\u201d analizleri s\u00f6z konusudur. Kitap \u00f6zellikle, yeni y\u00fczy\u0131lda d\u0131\u015f politika analizi a\u00e7\u0131s\u0131ndan al\u0131\u015f\u0131lagelmi\u015ften farkl\u0131 olana, yenilik\u00e7i bak\u0131\u015f a\u00e7\u0131lar\u0131na ve yeni konu ba\u015fl\u0131klar\u0131na yak\u0131nl\u0131k hisseden gen\u00e7 ya da \u201cruhu gen\u00e7\u201d olan t\u00fcm okuyucular a\u00e7\u0131s\u0131ndan ilgiye de\u011fer bir \u00e7al\u0131\u015fma g\u00f6r\u00fcn\u00fcm\u00fcndedir. Haz\u0131rlayan ve derleyenlerin ellerine, g\u00f6zlerine sa\u011fl\u0131k\u2026\u201d \u2013 Prof. Dr. Faruk S\u00f6nmezo\u011flu   \u201cCumhuriyetin y\u00fcz\u00fcnc\u00fc y\u0131l\u0131 vesilesiyle \u00fcniversiteler, d\u00fc\u015f\u00fcnce kurulu\u015flar\u0131 toplant\u0131lar d\u00fczenledi ve tabii ki kitaplar yay\u0131mland\u0131. Ancak birka\u00e7 istisna d\u0131\u015f\u0131nda yap\u0131lan yay\u0131nlar\u0131n, d\u00fczenlenen toplant\u0131lar\u0131n \u00e7o\u011fu kurulu\u015f y\u0131llar\u0131na odakland\u0131, o d\u00f6nemi g\u00fcn\u00fcn anlay\u0131\u015f\u0131yla yeniden yorumlad\u0131. Elinizdeki kitap bu istisnalardan biri! Zevkle okunan, okuyana yeni bilgiler aktaran ama ayn\u0131 zamanda ele\u015ftiren, sadece akademik d\u00fcnyaya de\u011fil, d\u0131\u015f politikaya \u015fu veya bu \u015fekilde ilgisi olan herkese hitap eden bir kitap. Ben g\u00fcncele a\u011f\u0131rl\u0131k veren bu disiplinleraras\u0131 ortak \u00e7al\u0131\u015fmay\u0131 neredeyse bir solukta okudum. Okuduklar\u0131m\u0131n da alt\u0131n\u0131 hem \u00f6\u011frencilerimle payla\u015fmak hem de yaz\u0131lar\u0131mda kullanmak i\u00e7in bol bol \u00e7izdim. Sizlerin de ayn\u0131 heyecanla okuyaca\u011f\u0131n\u0131z\u0131, T\u00fcrkiye\u2019nin d\u0131\u015f politika ara\u00e7, y\u00f6ntem ve y\u00f6nelimlerinin 100 y\u0131ll\u0131k ser\u00fcvenini zevkle ve san\u0131r\u0131m gururla izleyece\u011finizi d\u00fc\u015f\u00fcn\u00fcyorum.\u201d \u2013 Prof. Dr. Mensur Akg\u00fcn   \u201cCumhuriyetin d\u0131\u015f politikas\u0131n\u0131n ilk y\u00fcz y\u0131ll\u0131k analizine bak\u0131ld\u0131\u011f\u0131nda, g\u00fcvenlik temas\u0131n\u0131n a\u011f\u0131r bast\u0131\u011f\u0131 s\u00f6ylenebilir. Buna ko\u015fut olarak \u015fu ana kadar yap\u0131lan akademik \u00e7al\u0131\u015fmalarda da bu tema \u00f6ne \u00e7\u0131kmaktad\u0131r. Oysa uluslararas\u0131 ili\u015fkilerde art\u0131k daha yeni konular\u0131n a\u011f\u0131rl\u0131k kazand\u0131\u011f\u0131 g\u00f6r\u00fcl\u00fcyor. Geleneksel konu ba\u015fl\u0131klar\u0131n\u0131n yan\u0131 s\u0131ra \u0130nsani Diplomasi, Sa\u011fl\u0131k Diplomasisi, Ekonomik Diplomasi, B\u00f6lgesel ve K\u00fcresel Ticaret, \u0130klim Politikas\u0131, Medeniyetler \u0130ttifak\u0131, Diaspora ve Sivil Toplum dahil Kamu Diplomasisi ile Dijital Diplomasi gibi kavramlar d\u0131\u015f politika \u00e7al\u0131\u015fmalar\u0131n\u0131n ayr\u0131lmaz bir par\u00e7as\u0131 oldu. Bu hususlar\u0131n tamam\u0131n\u0131 kapsayan bu \u00e7al\u0131\u015fma T\u00fcrk D\u0131\u015f Politikas\u0131n\u0131n yaz\u0131m\u0131nda bir ilk olmaktad\u0131r! Adeta bir referans kitab\u0131 niteli\u011fi ta\u015f\u0131yan bu eser, akademik \u00e7evreler ile politika olu\u015fturucular\u0131\/uygulay\u0131c\u0131lar\u0131 i\u00e7in yol g\u00f6sterici\/\u00f6\u011fretici \u00f6zelli\u011fiyle kendinden \u00f6nceki \u00e7al\u0131\u015fmalar\u0131 tamamlayarak \u00f6nemli bir bo\u015flu\u011fu doldurmaktad\u0131r.\u201d \u2013 B\u00fcy\u00fckel\u00e7i Rafet Akg\u00fcnay <\/p>\n","protected":false},"excerpt":{"rendered":"<p>\u201c\u0130ki de\u011ferli meslekta\u015f\u0131m, Bur\u00e7 Aka ve Tolga Bilener, \u201cCumhuriyetin 100. Y\u0131l\u0131nda T\u00fcrkiye\u2019nin D\u0131\u015f Politikas\u0131\u201dna ili\u015fkin, kendilerinden de gen\u00e7 ve \u201cikinci y\u00fczy\u0131l\u201d\u0131n sosyal bilimcileri olacak bir akademisyen<span class=\"excerpt-hellip\"> [\u2026]<\/span><\/p>\n","protected":false},"featured_media":0,"template":"","meta":{"_monsterinsights_skip_tracking":false,"_monsterinsights_sitenote_active":false,"_monsterinsights_sitenote_note":"","_monsterinsights_sitenote_category":0},"product_brand":[],"product_cat":[12337,14706],"product_tag":[],"class_list":{"0":"post-761503","1":"product","2":"type-product","3":"status-publish","5":"product_cat-politika-siyaset","6":"product_cat-siyaset-bilimi","7":"pa_cilt-ciltsiz","8":"pa_tur-kitap","9":"pa_yayinevi-istanbul-bilgi-universitesi-yayinlari","10":"pa_yazar-kolektif","12":"first","13":"instock","14":"sale","15":"shipping-taxable","16":"purchasable","17":"product-type-simple"},"_links":{"self":[{"href":"https:\/\/roveyayinevi.com.tr\/index.php\/wp-json\/wp\/v2\/product\/761503","targetHints":{"allow":["GET"]}}],"collection":[{"href":"https:\/\/roveyayinevi.com.tr\/index.php\/wp-json\/wp\/v2\/product"}],"about":[{"href":"https:\/\/roveyayinevi.com.tr\/index.php\/wp-json\/wp\/v2\/types\/product"}],"wp:attachment":[{"href":"https:\/\/roveyayinevi.com.tr\/index.php\/wp-json\/wp\/v2\/media?parent=761503"}],"wp:term":[{"taxonomy":"product_brand","embeddable":true,"href":"https:\/\/roveyayinevi.com.tr\/index.php\/wp-json\/wp\/v2\/product_brand?post=761503"},{"taxonomy":"product_cat","embeddable":true,"href":"https:\/\/roveyayinevi.com.tr\/index.php\/wp-json\/wp\/v2\/product_cat?post=761503"},{"taxonomy":"product_tag","embeddable":true,"href":"https:\/\/roveyayinevi.com.tr\/index.php\/wp-json\/wp\/v2\/product_tag?post=761503"}],"curies":[{"name":"wp","href":"https:\/\/api.w.org\/{rel}","templated":true}]}}