{"id":761502,"date":"2025-08-28T09:39:14","date_gmt":"2025-08-28T06:39:14","guid":{"rendered":"https:\/\/roveyayinevi.com.tr\/index.php\/urun\/isim-konusmak\/"},"modified":"2026-04-08T03:23:19","modified_gmt":"2026-04-08T00:23:19","slug":"isim-konusmak","status":"publish","type":"product","link":"https:\/\/roveyayinevi.com.tr\/index.php\/urun\/isim-konusmak\/","title":{"rendered":"\u0130\u015fim Konu\u015fmak"},"content":{"rendered":"<p>Radyo DJ&#8217;i, iyi bir spor spikeri ya da televizyon muhabiri olmak isteyenler i\u00e7in rehber niteli\u011finde bir kitap olan \u201c\u0130\u015fim Konu\u015fmak\u201d, g\u00fczel konu\u015fmay\u0131 belirleyen fakt\u00f6rlerden radyo ve televizyon gibi yay\u0131n organlar\u0131nda deneyim kazanman\u0131n \u00f6nemine kadar pek \u00e7ok konuyu ele al\u0131yor. Kendinizi medya sekt\u00f6r\u00fcnde konu\u015fmac\u0131 olarak yeti\u015ftirmek istiyorsan\u0131z size sunulan \u00f6nerilere kulak verebilirsiniz.   \u201cKonu\u015fmaktan Korkmuyorum\u201d kitab\u0131yla topluluk \u00f6n\u00fcnde konu\u015fmak isteyenlere tavsiyelerde bulunan Fulya Akbu\u011fa, bu kitab\u0131nda da profesyonel konu\u015fma sanat\u0131n\u0131 detayl\u0131 bir \u015fekilde irdeliyor.<\/p>\n","protected":false},"excerpt":{"rendered":"<p>Radyo DJ&#8217;i, iyi bir spor spikeri ya da televizyon muhabiri olmak isteyenler i\u00e7in rehber niteli\u011finde bir kitap olan \u201c\u0130\u015fim Konu\u015fmak\u201d, g\u00fczel konu\u015fmay\u0131 belirleyen fakt\u00f6rlerden radyo ve<span class=\"excerpt-hellip\"> [\u2026]<\/span><\/p>\n","protected":false},"featured_media":0,"template":"","meta":{"_monsterinsights_skip_tracking":false,"_monsterinsights_sitenote_active":false,"_monsterinsights_sitenote_note":"","_monsterinsights_sitenote_category":0},"product_brand":[],"product_cat":[12364,12376],"product_tag":[],"class_list":{"0":"post-761502","1":"product","2":"type-product","3":"status-publish","5":"product_cat-genel-konular","6":"product_cat-kisisel-gelisim","7":"pa_cilt-ciltsiz","8":"pa_tur-kitap","9":"pa_yayinevi-perseus","10":"pa_yazar-fulya-akbuga","12":"first","13":"instock","14":"sale","15":"shipping-taxable","16":"purchasable","17":"product-type-simple"},"_links":{"self":[{"href":"https:\/\/roveyayinevi.com.tr\/index.php\/wp-json\/wp\/v2\/product\/761502","targetHints":{"allow":["GET"]}}],"collection":[{"href":"https:\/\/roveyayinevi.com.tr\/index.php\/wp-json\/wp\/v2\/product"}],"about":[{"href":"https:\/\/roveyayinevi.com.tr\/index.php\/wp-json\/wp\/v2\/types\/product"}],"wp:attachment":[{"href":"https:\/\/roveyayinevi.com.tr\/index.php\/wp-json\/wp\/v2\/media?parent=761502"}],"wp:term":[{"taxonomy":"product_brand","embeddable":true,"href":"https:\/\/roveyayinevi.com.tr\/index.php\/wp-json\/wp\/v2\/product_brand?post=761502"},{"taxonomy":"product_cat","embeddable":true,"href":"https:\/\/roveyayinevi.com.tr\/index.php\/wp-json\/wp\/v2\/product_cat?post=761502"},{"taxonomy":"product_tag","embeddable":true,"href":"https:\/\/roveyayinevi.com.tr\/index.php\/wp-json\/wp\/v2\/product_tag?post=761502"}],"curies":[{"name":"wp","href":"https:\/\/api.w.org\/{rel}","templated":true}]}}