{"id":761499,"date":"2025-08-28T09:39:09","date_gmt":"2025-08-28T06:39:09","guid":{"rendered":"https:\/\/roveyayinevi.com.tr\/index.php\/urun\/narsizmin-icyuzu\/"},"modified":"2026-04-16T03:14:53","modified_gmt":"2026-04-16T00:14:53","slug":"narsizmin-icyuzu","status":"publish","type":"product","link":"https:\/\/roveyayinevi.com.tr\/index.php\/urun\/narsizmin-icyuzu\/","title":{"rendered":"Narsizmin \u0130\u00e7yu\u0308zu\u0308"},"content":{"rendered":"<p>Hayat\u0131n\u0131zdaki narsist ister bir patron, i\u015f arkada\u015f\u0131, ister bir akraba ya da romantik bir partner olsun, bu kitaptaki tavsiyeler size sa\u011fl\u0131kl\u0131 s\u0131n\u0131rlar koyma ve narsizmin karma\u015f\u0131k yap\u0131s\u0131n\u0131 anlama konusunda yard\u0131mc\u0131 olacak.   Klinik psikolog Mark Ettensohn narsistik davran\u0131\u015flar, belirtiler ve ili\u015fki dinamikleri hakk\u0131nda bilgi veriyor ve ili\u015fki hedeflerinizi ve de\u011ferlerinizi belirlemenize yard\u0131mc\u0131 olmak i\u00e7in tasarlanm\u0131\u015f egzersizler sunuyor. Narsistik Ki\u015filik Bozuklu\u011fu (NKB) te\u015fhisi alan birini seviyor olabilirsiniz veya narsistik bir ili\u015fkiden \u00e7\u0131kmaya \u00e7al\u0131\u015f\u0131yor olabilirsiniz; her durumda, bu zorluklar\u0131n \u00fcstesinden gelmenin bir yolu var.   Narsizmin \u0130\u00e7y\u00fcz\u00fc: Hayat\u0131n\u0131zdaki Narsisti Anlama Rehberi, narsistlerle ba\u015fa \u00e7\u0131kma hik\u00e2yelerinin yard\u0131m\u0131yla hem narsisti hem de kendinizi daha iyi anlaman\u0131z\u0131 sa\u011flayacak stratejiler sunuyor. Bu zorlu ve karma\u015f\u0131k ili\u015fkisel deneyimin \u00fcstesinden gelmeye \u00e7al\u0131\u015fanlara rehberlik ediyor. <\/p>\n","protected":false},"excerpt":{"rendered":"<p>Hayat\u0131n\u0131zdaki narsist ister bir patron, i\u015f arkada\u015f\u0131, ister bir akraba ya da romantik bir partner olsun, bu kitaptaki tavsiyeler size sa\u011fl\u0131kl\u0131 s\u0131n\u0131rlar koyma ve narsizmin karma\u015f\u0131k<span class=\"excerpt-hellip\"> [\u2026]<\/span><\/p>\n","protected":false},"featured_media":0,"template":"","meta":{"_monsterinsights_skip_tracking":false,"_monsterinsights_sitenote_active":false,"_monsterinsights_sitenote_note":"","_monsterinsights_sitenote_category":0},"product_brand":[],"product_cat":[12357],"product_tag":[],"class_list":{"0":"post-761499","1":"product","2":"type-product","3":"status-publish","5":"product_cat-psikoloji","6":"pa_cilt-ciltsiz","7":"pa_tur-kitap","8":"pa_yayinevi-say-yayinlari","9":"pa_yazar-mark-ettensohn","11":"first","12":"instock","13":"sale","14":"shipping-taxable","15":"purchasable","16":"product-type-simple"},"_links":{"self":[{"href":"https:\/\/roveyayinevi.com.tr\/index.php\/wp-json\/wp\/v2\/product\/761499","targetHints":{"allow":["GET"]}}],"collection":[{"href":"https:\/\/roveyayinevi.com.tr\/index.php\/wp-json\/wp\/v2\/product"}],"about":[{"href":"https:\/\/roveyayinevi.com.tr\/index.php\/wp-json\/wp\/v2\/types\/product"}],"wp:attachment":[{"href":"https:\/\/roveyayinevi.com.tr\/index.php\/wp-json\/wp\/v2\/media?parent=761499"}],"wp:term":[{"taxonomy":"product_brand","embeddable":true,"href":"https:\/\/roveyayinevi.com.tr\/index.php\/wp-json\/wp\/v2\/product_brand?post=761499"},{"taxonomy":"product_cat","embeddable":true,"href":"https:\/\/roveyayinevi.com.tr\/index.php\/wp-json\/wp\/v2\/product_cat?post=761499"},{"taxonomy":"product_tag","embeddable":true,"href":"https:\/\/roveyayinevi.com.tr\/index.php\/wp-json\/wp\/v2\/product_tag?post=761499"}],"curies":[{"name":"wp","href":"https:\/\/api.w.org\/{rel}","templated":true}]}}