{"id":761492,"date":"2025-08-28T09:38:57","date_gmt":"2025-08-28T06:38:57","guid":{"rendered":"https:\/\/roveyayinevi.com.tr\/index.php\/urun\/beethovenin-kulak-trompeti\/"},"modified":"2026-04-16T03:14:52","modified_gmt":"2026-04-16T00:14:52","slug":"beethovenin-kulak-trompeti","status":"publish","type":"product","link":"https:\/\/roveyayinevi.com.tr\/index.php\/urun\/beethovenin-kulak-trompeti\/","title":{"rendered":"Beethoven&#8217;\u0131n Kulak Trompeti"},"content":{"rendered":"<p>Eyvah! Beethoven&#8217;\u0131n kulak trompeti bozulur! Eh, o zaman kulak trompetini arkada\u015f\u0131 Volta&#8217;ya tamire g\u00f6t\u00fcrmeli. Merakl\u0131 Beethoven, Volta&#8217;n\u0131n d\u00fckkan\u0131na girdi\u011finde kocaman k\u0131rm\u0131z\u0131 bir d\u00fc\u011fme g\u00f6r\u00fcp bas\u0131nca kedisi Lulu ile birlikte kendisini Galata Kulesi&#8217;nin dibinde buluverir. Sonraaaa da renkli ve m\u00fczikli bir macera ba\u015flar&#8230;Gen\u00e7 okurlar \u015fiir olarak yaz\u0131lan bu tatl\u0131 ve resimli macerada farkl\u0131 m\u00fczik t\u00fcrlerini \u00f6\u011frenirken bir yandan da yarat\u0131c\u0131l\u0131\u011f\u0131n engel tan\u0131mad\u0131\u011f\u0131n\u0131n fark\u0131na varacaklar.<\/p>\n","protected":false},"excerpt":{"rendered":"<p>Eyvah! Beethoven&#8217;\u0131n kulak trompeti bozulur! Eh, o zaman kulak trompetini arkada\u015f\u0131 Volta&#8217;ya tamire g\u00f6t\u00fcrmeli. Merakl\u0131 Beethoven, Volta&#8217;n\u0131n d\u00fckkan\u0131na girdi\u011finde kocaman k\u0131rm\u0131z\u0131 bir d\u00fc\u011fme g\u00f6r\u00fcp bas\u0131nca kedisi<span class=\"excerpt-hellip\"> [\u2026]<\/span><\/p>\n","protected":false},"featured_media":0,"template":"","meta":{"_monsterinsights_skip_tracking":false,"_monsterinsights_sitenote_active":false,"_monsterinsights_sitenote_note":"","_monsterinsights_sitenote_category":0},"product_brand":[],"product_cat":[12274,12284],"product_tag":[],"class_list":{"0":"post-761492","1":"product","2":"type-product","3":"status-publish","5":"product_cat-cocuk-ve-genclik-kitaplari","6":"product_cat-hikayeler","7":"pa_cilt-ciltsiz","8":"pa_tur-kitap","9":"pa_yayinevi-cikolata-yayinevi","10":"pa_yazar-meltem-erincmen-kanoglu","12":"first","13":"instock","14":"sale","15":"shipping-taxable","16":"purchasable","17":"product-type-simple"},"_links":{"self":[{"href":"https:\/\/roveyayinevi.com.tr\/index.php\/wp-json\/wp\/v2\/product\/761492","targetHints":{"allow":["GET"]}}],"collection":[{"href":"https:\/\/roveyayinevi.com.tr\/index.php\/wp-json\/wp\/v2\/product"}],"about":[{"href":"https:\/\/roveyayinevi.com.tr\/index.php\/wp-json\/wp\/v2\/types\/product"}],"wp:attachment":[{"href":"https:\/\/roveyayinevi.com.tr\/index.php\/wp-json\/wp\/v2\/media?parent=761492"}],"wp:term":[{"taxonomy":"product_brand","embeddable":true,"href":"https:\/\/roveyayinevi.com.tr\/index.php\/wp-json\/wp\/v2\/product_brand?post=761492"},{"taxonomy":"product_cat","embeddable":true,"href":"https:\/\/roveyayinevi.com.tr\/index.php\/wp-json\/wp\/v2\/product_cat?post=761492"},{"taxonomy":"product_tag","embeddable":true,"href":"https:\/\/roveyayinevi.com.tr\/index.php\/wp-json\/wp\/v2\/product_tag?post=761492"}],"curies":[{"name":"wp","href":"https:\/\/api.w.org\/{rel}","templated":true}]}}