{"id":761491,"date":"2025-08-28T09:38:55","date_gmt":"2025-08-28T06:38:55","guid":{"rendered":"https:\/\/roveyayinevi.com.tr\/index.php\/urun\/adetlere-gore-boyama-kitabi\/"},"modified":"2026-04-16T03:14:52","modified_gmt":"2026-04-16T00:14:52","slug":"adetlere-gore-boyama-kitabi","status":"publish","type":"product","link":"https:\/\/roveyayinevi.com.tr\/index.php\/urun\/adetlere-gore-boyama-kitabi\/","title":{"rendered":"Adetlere G\u00f6re Boyama Kitab\u0131"},"content":{"rendered":"<p>Adetlere G\u00f6re Boyama Kitab\u0131 \u00e7ocuklar\u0131n\u0131z\u0131n; g\u00f6rsel d\u00fc\u015f\u00fcnebilmesine,  ili\u015fkisel d\u00fc\u015f\u00fcnebilmesine, mant\u0131ksal d\u00fc\u015f\u00fcnebilmesine, analitik d\u00fc\u015f\u00fcnebilmesine, renkleri ve say\u0131lar\u0131 kavramas\u0131na, k\u00fc\u00e7\u00fck kas geli\u015fiminin artmas\u0131na, dikkat ve alg\u0131s\u0131n\u0131n artmas\u0131na, sanata ilgisinin uyanmas\u0131na, y\u00f6nergeleri izlemesine, i\u015f tamamlayabilmesine katk\u0131 sa\u011flayacakt\u0131r.<\/p>\n","protected":false},"excerpt":{"rendered":"<p>Adetlere G\u00f6re Boyama Kitab\u0131 \u00e7ocuklar\u0131n\u0131z\u0131n; g\u00f6rsel d\u00fc\u015f\u00fcnebilmesine, ili\u015fkisel d\u00fc\u015f\u00fcnebilmesine, mant\u0131ksal d\u00fc\u015f\u00fcnebilmesine, analitik d\u00fc\u015f\u00fcnebilmesine, renkleri ve say\u0131lar\u0131 kavramas\u0131na, k\u00fc\u00e7\u00fck kas geli\u015fiminin artmas\u0131na, dikkat ve alg\u0131s\u0131n\u0131n artmas\u0131na, sanata<span class=\"excerpt-hellip\"> [\u2026]<\/span><\/p>\n","protected":false},"featured_media":0,"template":"","meta":{"_monsterinsights_skip_tracking":false,"_monsterinsights_sitenote_active":false,"_monsterinsights_sitenote_note":"","_monsterinsights_sitenote_category":0},"product_brand":[],"product_cat":[12644,12274],"product_tag":[],"class_list":{"0":"post-761491","1":"product","2":"type-product","3":"status-publish","5":"product_cat-boyama-kitaplari","6":"product_cat-cocuk-ve-genclik-kitaplari","7":"pa_cilt-ciltsiz","8":"pa_tur-kitap","9":"pa_yayinevi-cikolata-yayinevi","10":"pa_yazar-kolektif","12":"first","13":"instock","14":"sale","15":"shipping-taxable","16":"purchasable","17":"product-type-simple"},"_links":{"self":[{"href":"https:\/\/roveyayinevi.com.tr\/index.php\/wp-json\/wp\/v2\/product\/761491","targetHints":{"allow":["GET"]}}],"collection":[{"href":"https:\/\/roveyayinevi.com.tr\/index.php\/wp-json\/wp\/v2\/product"}],"about":[{"href":"https:\/\/roveyayinevi.com.tr\/index.php\/wp-json\/wp\/v2\/types\/product"}],"wp:attachment":[{"href":"https:\/\/roveyayinevi.com.tr\/index.php\/wp-json\/wp\/v2\/media?parent=761491"}],"wp:term":[{"taxonomy":"product_brand","embeddable":true,"href":"https:\/\/roveyayinevi.com.tr\/index.php\/wp-json\/wp\/v2\/product_brand?post=761491"},{"taxonomy":"product_cat","embeddable":true,"href":"https:\/\/roveyayinevi.com.tr\/index.php\/wp-json\/wp\/v2\/product_cat?post=761491"},{"taxonomy":"product_tag","embeddable":true,"href":"https:\/\/roveyayinevi.com.tr\/index.php\/wp-json\/wp\/v2\/product_tag?post=761491"}],"curies":[{"name":"wp","href":"https:\/\/api.w.org\/{rel}","templated":true}]}}