{"id":761489,"date":"2025-08-28T09:38:52","date_gmt":"2025-08-28T06:38:52","guid":{"rendered":"https:\/\/roveyayinevi.com.tr\/index.php\/urun\/matematik-canavarlarindan-matematik-canavarlarina-2\/"},"modified":"2026-04-16T03:14:52","modified_gmt":"2026-04-16T00:14:52","slug":"matematik-canavarlarindan-matematik-canavarlarina-2","status":"publish","type":"product","link":"https:\/\/roveyayinevi.com.tr\/index.php\/urun\/matematik-canavarlarindan-matematik-canavarlarina-2\/","title":{"rendered":"Matematik Canavarlar\u0131ndan &#8211; Matematik Canavarlar\u0131na 2"},"content":{"rendered":"<p>Matematik Canavarlar\u0131ndan Matematik Canavarlar\u0131na &#8211; 2, 5-7 ya\u015flar\u0131ndaki okurlara say\u0131 bilgisini ve saymay\u0131 \u00f6\u011fretirken mant\u0131ksal d\u00fc\u015f\u00fcnme, analitik d\u00fc\u015f\u00fcnme, g\u00f6rsel d\u00fc\u015f\u00fcnme, ili\u015fkisel d\u00fc\u015f\u00fcnme, dikkat ve alg\u0131 becerilerini de geli\u015ftirmelerini ama\u00e7lar. Kitap okura saymay\u0131 \u00f6\u011fretirken, rakamlar\u0131n nas\u0131l yaz\u0131laca\u011f\u0131n\u0131 deneyim etmesini sa\u011flar. Renkli ve \u015fekillerle dolu tasar\u0131m\u0131yla \u00e7ocuklara matematikle tan\u0131\u015fmalar\u0131n\u0131 e\u011flenceli k\u0131lar.<\/p>\n","protected":false},"excerpt":{"rendered":"<p>Matematik Canavarlar\u0131ndan Matematik Canavarlar\u0131na &#8211; 2, 5-7 ya\u015flar\u0131ndaki okurlara say\u0131 bilgisini ve saymay\u0131 \u00f6\u011fretirken mant\u0131ksal d\u00fc\u015f\u00fcnme, analitik d\u00fc\u015f\u00fcnme, g\u00f6rsel d\u00fc\u015f\u00fcnme, ili\u015fkisel d\u00fc\u015f\u00fcnme, dikkat ve alg\u0131 becerilerini<span class=\"excerpt-hellip\"> [\u2026]<\/span><\/p>\n","protected":false},"featured_media":0,"template":"","meta":{"_monsterinsights_skip_tracking":false,"_monsterinsights_sitenote_active":false,"_monsterinsights_sitenote_note":"","_monsterinsights_sitenote_category":0},"product_brand":[],"product_cat":[12274,15842],"product_tag":[],"class_list":{"0":"post-761489","1":"product","2":"type-product","3":"status-publish","5":"product_cat-cocuk-ve-genclik-kitaplari","6":"product_cat-egitici-kitaplar","7":"pa_cilt-ciltsiz","8":"pa_tur-kitap","9":"pa_yayinevi-cikolata-yayinevi","10":"pa_yazar-meltem-erincmen-kanoglu-sunguralp-solpan","12":"first","13":"instock","14":"sale","15":"shipping-taxable","16":"purchasable","17":"product-type-simple"},"_links":{"self":[{"href":"https:\/\/roveyayinevi.com.tr\/index.php\/wp-json\/wp\/v2\/product\/761489","targetHints":{"allow":["GET"]}}],"collection":[{"href":"https:\/\/roveyayinevi.com.tr\/index.php\/wp-json\/wp\/v2\/product"}],"about":[{"href":"https:\/\/roveyayinevi.com.tr\/index.php\/wp-json\/wp\/v2\/types\/product"}],"wp:attachment":[{"href":"https:\/\/roveyayinevi.com.tr\/index.php\/wp-json\/wp\/v2\/media?parent=761489"}],"wp:term":[{"taxonomy":"product_brand","embeddable":true,"href":"https:\/\/roveyayinevi.com.tr\/index.php\/wp-json\/wp\/v2\/product_brand?post=761489"},{"taxonomy":"product_cat","embeddable":true,"href":"https:\/\/roveyayinevi.com.tr\/index.php\/wp-json\/wp\/v2\/product_cat?post=761489"},{"taxonomy":"product_tag","embeddable":true,"href":"https:\/\/roveyayinevi.com.tr\/index.php\/wp-json\/wp\/v2\/product_tag?post=761489"}],"curies":[{"name":"wp","href":"https:\/\/api.w.org\/{rel}","templated":true}]}}