{"id":761487,"date":"2025-08-28T09:38:49","date_gmt":"2025-08-28T06:38:49","guid":{"rendered":"https:\/\/roveyayinevi.com.tr\/index.php\/urun\/tumburluplar-o-bir-renklence\/"},"modified":"2026-04-16T03:14:52","modified_gmt":"2026-04-16T00:14:52","slug":"tumburluplar-o-bir-renklence","status":"publish","type":"product","link":"https:\/\/roveyayinevi.com.tr\/index.php\/urun\/tumburluplar-o-bir-renklence\/","title":{"rendered":"Tumburluplar &#8211; O Bir Renklence"},"content":{"rendered":"<p>Al\u0131\u015fveri\u015f yaparken herg\u00fcn kar\u015f\u0131la\u015ft\u0131\u011f\u0131m\u0131z ve bize \u00e7ok \u00e7ekici gelen \u00fcr\u00fcnler ve onlar\u0131n ambalajlar\u0131 asl\u0131nda , bizi nas\u0131l kendilerine \u00e7ekiyorlar. Tumburluplar, O bir renklence kitab\u0131nda bize bir \u00fcr\u00fcn\u00fcn ambalaj\u0131n\u0131 ve reklam\u0131n\u0131 yapmay\u0131 ad\u0131m ad\u0131m \u00f6\u011freterek daha ak\u0131ll\u0131 t\u00fcketicler olmam\u0131za \u00e7al\u0131\u015f\u0131yorlar.<\/p>\n","protected":false},"excerpt":{"rendered":"<p>Al\u0131\u015fveri\u015f yaparken herg\u00fcn kar\u015f\u0131la\u015ft\u0131\u011f\u0131m\u0131z ve bize \u00e7ok \u00e7ekici gelen \u00fcr\u00fcnler ve onlar\u0131n ambalajlar\u0131 asl\u0131nda , bizi nas\u0131l kendilerine \u00e7ekiyorlar. Tumburluplar, O bir renklence kitab\u0131nda bize bir<span class=\"excerpt-hellip\"> [\u2026]<\/span><\/p>\n","protected":false},"featured_media":0,"template":"","meta":{"_monsterinsights_skip_tracking":false,"_monsterinsights_sitenote_active":false,"_monsterinsights_sitenote_note":"","_monsterinsights_sitenote_category":0},"product_brand":[],"product_cat":[12275,12274],"product_tag":[],"class_list":{"0":"post-761487","1":"product","2":"type-product","3":"status-publish","5":"product_cat-6-12-yas-kitaplari","6":"product_cat-cocuk-ve-genclik-kitaplari","7":"pa_cilt-ciltsiz","8":"pa_tur-kitap","9":"pa_yayinevi-cikolata-yayinevi","10":"pa_yazar-meltem-erincmen-kanoglu","12":"first","13":"instock","14":"sale","15":"shipping-taxable","16":"purchasable","17":"product-type-simple"},"_links":{"self":[{"href":"https:\/\/roveyayinevi.com.tr\/index.php\/wp-json\/wp\/v2\/product\/761487","targetHints":{"allow":["GET"]}}],"collection":[{"href":"https:\/\/roveyayinevi.com.tr\/index.php\/wp-json\/wp\/v2\/product"}],"about":[{"href":"https:\/\/roveyayinevi.com.tr\/index.php\/wp-json\/wp\/v2\/types\/product"}],"wp:attachment":[{"href":"https:\/\/roveyayinevi.com.tr\/index.php\/wp-json\/wp\/v2\/media?parent=761487"}],"wp:term":[{"taxonomy":"product_brand","embeddable":true,"href":"https:\/\/roveyayinevi.com.tr\/index.php\/wp-json\/wp\/v2\/product_brand?post=761487"},{"taxonomy":"product_cat","embeddable":true,"href":"https:\/\/roveyayinevi.com.tr\/index.php\/wp-json\/wp\/v2\/product_cat?post=761487"},{"taxonomy":"product_tag","embeddable":true,"href":"https:\/\/roveyayinevi.com.tr\/index.php\/wp-json\/wp\/v2\/product_tag?post=761487"}],"curies":[{"name":"wp","href":"https:\/\/api.w.org\/{rel}","templated":true}]}}