{"id":761478,"date":"2025-08-28T09:38:33","date_gmt":"2025-08-28T06:38:33","guid":{"rendered":"https:\/\/roveyayinevi.com.tr\/index.php\/urun\/afacan-civcivler-komsulariyla-tanisiyor\/"},"modified":"2026-04-16T03:14:52","modified_gmt":"2026-04-16T00:14:52","slug":"afacan-civcivler-komsulariyla-tanisiyor","status":"publish","type":"product","link":"https:\/\/roveyayinevi.com.tr\/index.php\/urun\/afacan-civcivler-komsulariyla-tanisiyor\/","title":{"rendered":"Afacan Civcivler Kom\u015fular\u0131yla Tan\u0131\u015f\u0131yor!"},"content":{"rendered":"<p>Bizim \u00e7iftlikte sabah oldu\u011funda Horoz Baba herkesi uyand\u0131r\u0131r. Afacan civcivler i\u00e7in \u00f6nemli bir g\u00fcnd\u00fcr \u00e7\u00fcnk\u00fckom\u015fular\u0131 ile tan\u0131\u015facaklard\u0131r. O g\u00fcn\u00fcn sonunda oynayabilecekleri yeni arkadalkar\u0131 olur.Afacan Civcivler Kom\u015fular\u0131yla Tan\u0131\u015f\u0131yor! minik okurlara kom\u015fulu\u011fu ve hayvanlar\u0131n yavrular\u0131na ne denildi\u011finianlat\u0131r.<\/p>\n","protected":false},"excerpt":{"rendered":"<p>Bizim \u00e7iftlikte sabah oldu\u011funda Horoz Baba herkesi uyand\u0131r\u0131r. Afacan civcivler i\u00e7in \u00f6nemli bir g\u00fcnd\u00fcr \u00e7\u00fcnk\u00fckom\u015fular\u0131 ile tan\u0131\u015facaklard\u0131r. O g\u00fcn\u00fcn sonunda oynayabilecekleri yeni arkadalkar\u0131 olur.Afacan Civcivler Kom\u015fular\u0131yla<span class=\"excerpt-hellip\"> [\u2026]<\/span><\/p>\n","protected":false},"featured_media":0,"template":"","meta":{"_monsterinsights_skip_tracking":false,"_monsterinsights_sitenote_active":false,"_monsterinsights_sitenote_note":"","_monsterinsights_sitenote_category":0},"product_brand":[],"product_cat":[12274,12284],"product_tag":[],"class_list":{"0":"post-761478","1":"product","2":"type-product","3":"status-publish","5":"product_cat-cocuk-ve-genclik-kitaplari","6":"product_cat-hikayeler","7":"pa_cilt-ciltsiz","8":"pa_tur-kitap","9":"pa_yayinevi-cikolata-yayinevi","10":"pa_yazar-meltem-erincmen-kanoglu","12":"first","13":"instock","14":"sale","15":"shipping-taxable","16":"purchasable","17":"product-type-simple"},"_links":{"self":[{"href":"https:\/\/roveyayinevi.com.tr\/index.php\/wp-json\/wp\/v2\/product\/761478","targetHints":{"allow":["GET"]}}],"collection":[{"href":"https:\/\/roveyayinevi.com.tr\/index.php\/wp-json\/wp\/v2\/product"}],"about":[{"href":"https:\/\/roveyayinevi.com.tr\/index.php\/wp-json\/wp\/v2\/types\/product"}],"wp:attachment":[{"href":"https:\/\/roveyayinevi.com.tr\/index.php\/wp-json\/wp\/v2\/media?parent=761478"}],"wp:term":[{"taxonomy":"product_brand","embeddable":true,"href":"https:\/\/roveyayinevi.com.tr\/index.php\/wp-json\/wp\/v2\/product_brand?post=761478"},{"taxonomy":"product_cat","embeddable":true,"href":"https:\/\/roveyayinevi.com.tr\/index.php\/wp-json\/wp\/v2\/product_cat?post=761478"},{"taxonomy":"product_tag","embeddable":true,"href":"https:\/\/roveyayinevi.com.tr\/index.php\/wp-json\/wp\/v2\/product_tag?post=761478"}],"curies":[{"name":"wp","href":"https:\/\/api.w.org\/{rel}","templated":true}]}}