{"id":761476,"date":"2025-08-28T09:38:30","date_gmt":"2025-08-28T06:38:30","guid":{"rendered":"https:\/\/roveyayinevi.com.tr\/index.php\/urun\/ask-tutulmasi\/"},"modified":"2026-04-16T03:14:52","modified_gmt":"2026-04-16T00:14:52","slug":"ask-tutulmasi","status":"publish","type":"product","link":"https:\/\/roveyayinevi.com.tr\/index.php\/urun\/ask-tutulmasi\/","title":{"rendered":"A\u015fk Tutulmas\u0131"},"content":{"rendered":"<p>Burak Sanvergil, herhalde d\u00fcnyan\u0131n en \u00e7ekilmez patronuydu. Sanvergil Holding\u2019in veliahd\u0131 olan kartal g\u00f6zl\u00fc adam Siml\u00e2\u2019yla ilk kar\u015f\u0131la\u015fmas\u0131ndan beri onun g\u00f6z\u00fc para ve \u015f\u00f6hrette olan bir kad\u0131n oldu\u011funu d\u00fc\u015f\u00fcnd\u00fc\u011f\u00fcn\u00fc her defas\u0131nda belli ediyordu. Siml\u00e2, hedeflerine ula\u015fmak i\u00e7in \u00e7al\u0131\u015fmas\u0131 gereken, bu i\u015fte kalma sabr\u0131n\u0131 g\u00f6sterebilecek miydi yoksa arkas\u0131na bakmadan gidecek miydi?Pop\u00fcler edebiyat: \u00e7abuk t\u00fcketilen romantik romanlar.Burak Sanvergil, herhalde d\u00fcnyan\u0131n en \u00e7ekilmez patronuydu. Sanvergil Holding\u2019in veliahd\u0131 olan kartal g\u00f6zl\u00fc adam Siml\u00e2\u2019yla ilk kar\u015f\u0131la\u015fmas\u0131ndan beri onun g\u00f6z\u00fc para ve \u015f\u00f6hrette olan bir kad\u0131n oldu\u011funu d\u00fc\u015f\u00fcnd\u00fc\u011f\u00fcn\u00fc her defas\u0131nda belli ediyordu. Siml\u00e2, hedeflerine ula\u015fmak i\u00e7in \u00e7al\u0131\u015fmas\u0131 gereken, bu i\u015fte kalma sabr\u0131n\u0131 g\u00f6sterebilecek miydi yoksa arkas\u0131na bakmadan gidecek miydi?Pop\u00fcler edebiyat: \u00e7abuk t\u00fcketilen romantik romanlar.<\/p>\n","protected":false},"excerpt":{"rendered":"<p>Burak Sanvergil, herhalde d\u00fcnyan\u0131n en \u00e7ekilmez patronuydu. Sanvergil Holding\u2019in veliahd\u0131 olan kartal g\u00f6zl\u00fc adam Siml\u00e2\u2019yla ilk kar\u015f\u0131la\u015fmas\u0131ndan beri onun g\u00f6z\u00fc para ve \u015f\u00f6hrette olan bir kad\u0131n<span class=\"excerpt-hellip\"> [\u2026]<\/span><\/p>\n","protected":false},"featured_media":0,"template":"","meta":{"_monsterinsights_skip_tracking":false,"_monsterinsights_sitenote_active":false,"_monsterinsights_sitenote_note":"","_monsterinsights_sitenote_category":0},"product_brand":[],"product_cat":[12274,12284],"product_tag":[],"class_list":{"0":"post-761476","1":"product","2":"type-product","3":"status-publish","5":"product_cat-cocuk-ve-genclik-kitaplari","6":"product_cat-hikayeler","7":"pa_cilt-ciltsiz","8":"pa_tur-kitap","9":"pa_yayinevi-cikolata-yayinevi","10":"pa_yazar-feza-breeze","12":"first","13":"instock","14":"sale","15":"shipping-taxable","16":"purchasable","17":"product-type-simple"},"_links":{"self":[{"href":"https:\/\/roveyayinevi.com.tr\/index.php\/wp-json\/wp\/v2\/product\/761476","targetHints":{"allow":["GET"]}}],"collection":[{"href":"https:\/\/roveyayinevi.com.tr\/index.php\/wp-json\/wp\/v2\/product"}],"about":[{"href":"https:\/\/roveyayinevi.com.tr\/index.php\/wp-json\/wp\/v2\/types\/product"}],"wp:attachment":[{"href":"https:\/\/roveyayinevi.com.tr\/index.php\/wp-json\/wp\/v2\/media?parent=761476"}],"wp:term":[{"taxonomy":"product_brand","embeddable":true,"href":"https:\/\/roveyayinevi.com.tr\/index.php\/wp-json\/wp\/v2\/product_brand?post=761476"},{"taxonomy":"product_cat","embeddable":true,"href":"https:\/\/roveyayinevi.com.tr\/index.php\/wp-json\/wp\/v2\/product_cat?post=761476"},{"taxonomy":"product_tag","embeddable":true,"href":"https:\/\/roveyayinevi.com.tr\/index.php\/wp-json\/wp\/v2\/product_tag?post=761476"}],"curies":[{"name":"wp","href":"https:\/\/api.w.org\/{rel}","templated":true}]}}