{"id":761464,"date":"2025-08-28T09:38:10","date_gmt":"2025-08-28T06:38:10","guid":{"rendered":"https:\/\/roveyayinevi.com.tr\/index.php\/urun\/buyuk-is-makineleri-boyama-ve-cikartma-kitabi\/"},"modified":"2026-04-16T03:14:52","modified_gmt":"2026-04-16T00:14:52","slug":"buyuk-is-makineleri-boyama-ve-cikartma-kitabi","status":"publish","type":"product","link":"https:\/\/roveyayinevi.com.tr\/index.php\/urun\/buyuk-is-makineleri-boyama-ve-cikartma-kitabi\/","title":{"rendered":"B\u00fcy\u00fck \u0130\u015f Makineleri Boyama ve \u00c7\u0131kartma Kitab\u0131"},"content":{"rendered":"<p>Bu kitab\u0131n i\u00e7indeki \u00e7al\u0131\u015fmalar \u00e7ocuklar\u0131n\u0131z\u0131n; G\u00f6rsel d\u00fc\u015f\u00fcnebilmesine, \u0130li\u015fkisel d\u00fc\u015f\u00fcnebilmesine,Renkleri kavramas\u0131na, Y\u00f6nergeleri izlemesine, \u0130\u015f tamamlayabilmesine, Sanata ilgisinin uyanmas\u0131na, Dikkat ve alg\u0131s\u0131n\u0131n artmas\u0131na, K\u00fc\u00e7\u00fck kas geli\u015fiminin artmas\u0131na, \u00c7evresindeki nesnelere dikkat etmesine, B\u00fcy\u00fck i\u015f makinelerini \u00f6\u011frenmesine, B\u00fcy\u00fck i\u015f makinelerinin \u00e7e\u015fitlili\u011fini fark etmesine katk\u0131 sa\u011flayacakt\u0131r.Kitab\u0131n i\u00e7erisinde boyamadan \u00f6nce her g\u00f6rselin \u00e7\u0131kartmas\u0131n\u0131n bulunup do\u011fru sayfaya yap\u0131\u015ft\u0131r\u0131lmas\u0131 gerekmektedir.  32 adet \u00e7\u0131kartma bulunmaktad\u0131r.<\/p>\n","protected":false},"excerpt":{"rendered":"<p>Bu kitab\u0131n i\u00e7indeki \u00e7al\u0131\u015fmalar \u00e7ocuklar\u0131n\u0131z\u0131n; G\u00f6rsel d\u00fc\u015f\u00fcnebilmesine, \u0130li\u015fkisel d\u00fc\u015f\u00fcnebilmesine,Renkleri kavramas\u0131na, Y\u00f6nergeleri izlemesine, \u0130\u015f tamamlayabilmesine, Sanata ilgisinin uyanmas\u0131na, Dikkat ve alg\u0131s\u0131n\u0131n artmas\u0131na, K\u00fc\u00e7\u00fck kas geli\u015fiminin artmas\u0131na, \u00c7evresindeki<span class=\"excerpt-hellip\"> [\u2026]<\/span><\/p>\n","protected":false},"featured_media":0,"template":"","meta":{"_monsterinsights_skip_tracking":false,"_monsterinsights_sitenote_active":false,"_monsterinsights_sitenote_note":"","_monsterinsights_sitenote_category":0},"product_brand":[],"product_cat":[12644,12274],"product_tag":[],"class_list":{"0":"post-761464","1":"product","2":"type-product","3":"status-publish","5":"product_cat-boyama-kitaplari","6":"product_cat-cocuk-ve-genclik-kitaplari","7":"pa_cilt-ciltsiz","8":"pa_tur-kitap","9":"pa_yayinevi-cikolata-yayinevi","10":"pa_yazar-sunguralp-solpan","12":"first","13":"instock","14":"sale","15":"shipping-taxable","16":"purchasable","17":"product-type-simple"},"_links":{"self":[{"href":"https:\/\/roveyayinevi.com.tr\/index.php\/wp-json\/wp\/v2\/product\/761464","targetHints":{"allow":["GET"]}}],"collection":[{"href":"https:\/\/roveyayinevi.com.tr\/index.php\/wp-json\/wp\/v2\/product"}],"about":[{"href":"https:\/\/roveyayinevi.com.tr\/index.php\/wp-json\/wp\/v2\/types\/product"}],"wp:attachment":[{"href":"https:\/\/roveyayinevi.com.tr\/index.php\/wp-json\/wp\/v2\/media?parent=761464"}],"wp:term":[{"taxonomy":"product_brand","embeddable":true,"href":"https:\/\/roveyayinevi.com.tr\/index.php\/wp-json\/wp\/v2\/product_brand?post=761464"},{"taxonomy":"product_cat","embeddable":true,"href":"https:\/\/roveyayinevi.com.tr\/index.php\/wp-json\/wp\/v2\/product_cat?post=761464"},{"taxonomy":"product_tag","embeddable":true,"href":"https:\/\/roveyayinevi.com.tr\/index.php\/wp-json\/wp\/v2\/product_tag?post=761464"}],"curies":[{"name":"wp","href":"https:\/\/api.w.org\/{rel}","templated":true}]}}