{"id":761462,"date":"2025-08-28T09:38:06","date_gmt":"2025-08-28T06:38:06","guid":{"rendered":"https:\/\/roveyayinevi.com.tr\/index.php\/urun\/afacan-civcivler-kayip-cevizi-ariyor\/"},"modified":"2026-04-16T03:14:52","modified_gmt":"2026-04-16T00:14:52","slug":"afacan-civcivler-kayip-cevizi-ariyor","status":"publish","type":"product","link":"https:\/\/roveyayinevi.com.tr\/index.php\/urun\/afacan-civcivler-kayip-cevizi-ariyor\/","title":{"rendered":"Afacan Civcivler Kay\u0131p Cevizi Ar\u0131yor"},"content":{"rendered":"<p>Bizim \u00e7iftlikte herkes \u00e7ok ne\u015felidir. Afacan civcivler yerde bulduklar\u0131 bir cevizle oynamaktad\u0131rlar. Ceviz birdenbire ah\u0131rdan d\u0131\u015far\u0131ya ka\u00e7ar. Cevizin pe\u015finden ko\u015ftuklar\u0131nda ise civcivler bir s\u00fcrprizle kar\u015f\u0131la\u015f\u0131r.Afacan Civcivler Kay\u0131p Cevizi Ar\u0131yor!  minik okurlara do\u011fan\u0131n d\u00f6ng\u00fcs\u00fcn\u00fc ve \u00f6nyarg\u0131l\u0131 olmamay\u0131 anlat\u0131r.<\/p>\n","protected":false},"excerpt":{"rendered":"<p>Bizim \u00e7iftlikte herkes \u00e7ok ne\u015felidir. Afacan civcivler yerde bulduklar\u0131 bir cevizle oynamaktad\u0131rlar. Ceviz birdenbire ah\u0131rdan d\u0131\u015far\u0131ya ka\u00e7ar. Cevizin pe\u015finden ko\u015ftuklar\u0131nda ise civcivler bir s\u00fcrprizle kar\u015f\u0131la\u015f\u0131r.Afacan Civcivler<span class=\"excerpt-hellip\"> [\u2026]<\/span><\/p>\n","protected":false},"featured_media":0,"template":"","meta":{"_monsterinsights_skip_tracking":false,"_monsterinsights_sitenote_active":false,"_monsterinsights_sitenote_note":"","_monsterinsights_sitenote_category":0},"product_brand":[],"product_cat":[12274,12284],"product_tag":[],"class_list":{"0":"post-761462","1":"product","2":"type-product","3":"status-publish","5":"product_cat-cocuk-ve-genclik-kitaplari","6":"product_cat-hikayeler","7":"pa_cilt-ciltsiz","8":"pa_tur-kitap","9":"pa_yayinevi-cikolata-yayinevi","10":"pa_yazar-meltem-erincmen-kanoglu","12":"first","13":"instock","14":"sale","15":"shipping-taxable","16":"purchasable","17":"product-type-simple"},"_links":{"self":[{"href":"https:\/\/roveyayinevi.com.tr\/index.php\/wp-json\/wp\/v2\/product\/761462","targetHints":{"allow":["GET"]}}],"collection":[{"href":"https:\/\/roveyayinevi.com.tr\/index.php\/wp-json\/wp\/v2\/product"}],"about":[{"href":"https:\/\/roveyayinevi.com.tr\/index.php\/wp-json\/wp\/v2\/types\/product"}],"wp:attachment":[{"href":"https:\/\/roveyayinevi.com.tr\/index.php\/wp-json\/wp\/v2\/media?parent=761462"}],"wp:term":[{"taxonomy":"product_brand","embeddable":true,"href":"https:\/\/roveyayinevi.com.tr\/index.php\/wp-json\/wp\/v2\/product_brand?post=761462"},{"taxonomy":"product_cat","embeddable":true,"href":"https:\/\/roveyayinevi.com.tr\/index.php\/wp-json\/wp\/v2\/product_cat?post=761462"},{"taxonomy":"product_tag","embeddable":true,"href":"https:\/\/roveyayinevi.com.tr\/index.php\/wp-json\/wp\/v2\/product_tag?post=761462"}],"curies":[{"name":"wp","href":"https:\/\/api.w.org\/{rel}","templated":true}]}}