{"id":761461,"date":"2025-08-28T09:38:04","date_gmt":"2025-08-28T06:38:04","guid":{"rendered":"https:\/\/roveyayinevi.com.tr\/index.php\/urun\/afacan-civcivler-coplerini-donusturuyor\/"},"modified":"2026-04-16T03:14:52","modified_gmt":"2026-04-16T00:14:52","slug":"afacan-civcivler-coplerini-donusturuyor","status":"publish","type":"product","link":"https:\/\/roveyayinevi.com.tr\/index.php\/urun\/afacan-civcivler-coplerini-donusturuyor\/","title":{"rendered":"Afacan Civcivler \u00c7\u00f6plerini D\u00f6n\u00fc\u015ft\u00fcr\u00fcyor"},"content":{"rendered":"<p>Bizim \u00e7iftlik bu s\u0131ralar \u00e7ok hareketli. \u00c7iftli\u011fe yeni ta\u015f\u0131nan bir grup solucan \u00e7iftlikteki yemek art\u0131klar\u0131n\u0131 toplay\u0131p durmaktad\u0131r. Afacan Civcivler bu durumu merakla seyreder. Neler oldu\u011funu anlad\u0131klar\u0131nda \u00e7\u00f6p toplama ekibine kat\u0131l\u0131rlarAfacan Civcivler \u00c7\u00f6plerini D\u00f6n\u00fc\u015ft\u00fcr\u00fcyor minik okurlara geri d\u00f6n\u00fc\u015f\u00fcm\u00fc ve do\u011fadaki i\u015fbirli\u011fini anlat\u0131r.<\/p>\n","protected":false},"excerpt":{"rendered":"<p>Bizim \u00e7iftlik bu s\u0131ralar \u00e7ok hareketli. \u00c7iftli\u011fe yeni ta\u015f\u0131nan bir grup solucan \u00e7iftlikteki yemek art\u0131klar\u0131n\u0131 toplay\u0131p durmaktad\u0131r. Afacan Civcivler bu durumu merakla seyreder. Neler oldu\u011funu anlad\u0131klar\u0131nda<span class=\"excerpt-hellip\"> [\u2026]<\/span><\/p>\n","protected":false},"featured_media":0,"template":"","meta":{"_monsterinsights_skip_tracking":false,"_monsterinsights_sitenote_active":false,"_monsterinsights_sitenote_note":"","_monsterinsights_sitenote_category":0},"product_brand":[],"product_cat":[12274,12284],"product_tag":[],"class_list":{"0":"post-761461","1":"product","2":"type-product","3":"status-publish","5":"product_cat-cocuk-ve-genclik-kitaplari","6":"product_cat-hikayeler","7":"pa_cilt-ciltsiz","8":"pa_tur-kitap","9":"pa_yayinevi-cikolata-yayinevi","10":"pa_yazar-meltem-erincmen-kanoglu","12":"first","13":"instock","14":"sale","15":"shipping-taxable","16":"purchasable","17":"product-type-simple"},"_links":{"self":[{"href":"https:\/\/roveyayinevi.com.tr\/index.php\/wp-json\/wp\/v2\/product\/761461","targetHints":{"allow":["GET"]}}],"collection":[{"href":"https:\/\/roveyayinevi.com.tr\/index.php\/wp-json\/wp\/v2\/product"}],"about":[{"href":"https:\/\/roveyayinevi.com.tr\/index.php\/wp-json\/wp\/v2\/types\/product"}],"wp:attachment":[{"href":"https:\/\/roveyayinevi.com.tr\/index.php\/wp-json\/wp\/v2\/media?parent=761461"}],"wp:term":[{"taxonomy":"product_brand","embeddable":true,"href":"https:\/\/roveyayinevi.com.tr\/index.php\/wp-json\/wp\/v2\/product_brand?post=761461"},{"taxonomy":"product_cat","embeddable":true,"href":"https:\/\/roveyayinevi.com.tr\/index.php\/wp-json\/wp\/v2\/product_cat?post=761461"},{"taxonomy":"product_tag","embeddable":true,"href":"https:\/\/roveyayinevi.com.tr\/index.php\/wp-json\/wp\/v2\/product_tag?post=761461"}],"curies":[{"name":"wp","href":"https:\/\/api.w.org\/{rel}","templated":true}]}}