{"id":761457,"date":"2025-08-28T09:37:57","date_gmt":"2025-08-28T06:37:57","guid":{"rendered":"https:\/\/roveyayinevi.com.tr\/index.php\/urun\/tasitlar-2-avuc-ici-kitaplarim-dizisi\/"},"modified":"2026-04-16T03:14:52","modified_gmt":"2026-04-16T00:14:52","slug":"tasitlar-2-avuc-ici-kitaplarim-dizisi","status":"publish","type":"product","link":"https:\/\/roveyayinevi.com.tr\/index.php\/urun\/tasitlar-2-avuc-ici-kitaplarim-dizisi\/","title":{"rendered":"Ta\u015f\u0131tlar 2 &#8211; Avu\u00e7 \u0130\u00e7i Kitaplar\u0131m Dizisi"},"content":{"rendered":"<p>Avu\u00e7 \u0130\u00e7i Kitaplar\u0131 Dizisi bebe\u011finizin s\u00f6zc\u00fck da\u011farc\u0131\u011f\u0131n\u0131 geni\u015fleterek, dil kullan\u0131m\u0131n\u0131 ilerletecek, g\u00fcndelik nesneleri tan\u0131mas\u0131n\u0131 sa\u011flayacak, mant\u0131ksal, analitik, g\u00f6rsel, ili\u015fkisel d\u00fc\u015f\u00fcnme yetisini, dikkat ve alg\u0131s\u0131n\u0131 geli\u015ftirecek kitaplard\u0131r. Ta\u015f\u0131tlar -2 kitab\u0131 kal\u0131n karton kapa\u011f\u0131 ve sayfalar\u0131 ile bebe\u011fin kolayca kavrayabilece\u011fi boyuttad\u0131r. 12-24 ayl\u0131k bebeklere \u00e7evrelerinde g\u00f6rebilecekleri farkl\u0131 ta\u015f\u0131tlar\u0131 ve adlar\u0131n\u0131 \u00f6\u011fretir.<\/p>\n","protected":false},"excerpt":{"rendered":"<p>Avu\u00e7 \u0130\u00e7i Kitaplar\u0131 Dizisi bebe\u011finizin s\u00f6zc\u00fck da\u011farc\u0131\u011f\u0131n\u0131 geni\u015fleterek, dil kullan\u0131m\u0131n\u0131 ilerletecek, g\u00fcndelik nesneleri tan\u0131mas\u0131n\u0131 sa\u011flayacak, mant\u0131ksal, analitik, g\u00f6rsel, ili\u015fkisel d\u00fc\u015f\u00fcnme yetisini, dikkat ve alg\u0131s\u0131n\u0131 geli\u015ftirecek kitaplard\u0131r.<span class=\"excerpt-hellip\"> [\u2026]<\/span><\/p>\n","protected":false},"featured_media":0,"template":"","meta":{"_monsterinsights_skip_tracking":false,"_monsterinsights_sitenote_active":false,"_monsterinsights_sitenote_note":"","_monsterinsights_sitenote_category":0},"product_brand":[],"product_cat":[12274,24599],"product_tag":[],"class_list":{"0":"post-761457","1":"product","2":"type-product","3":"status-publish","5":"product_cat-cocuk-ve-genclik-kitaplari","6":"product_cat-zeka-gelisimi","7":"pa_cilt-ciltsiz","8":"pa_tur-kitap","9":"pa_yayinevi-cikolata-yayinevi","10":"pa_yazar-meltem-erincmen-kanoglu","11":"pa_yazar-sunguralp-solpan","13":"first","14":"instock","15":"sale","16":"shipping-taxable","17":"purchasable","18":"product-type-simple"},"_links":{"self":[{"href":"https:\/\/roveyayinevi.com.tr\/index.php\/wp-json\/wp\/v2\/product\/761457","targetHints":{"allow":["GET"]}}],"collection":[{"href":"https:\/\/roveyayinevi.com.tr\/index.php\/wp-json\/wp\/v2\/product"}],"about":[{"href":"https:\/\/roveyayinevi.com.tr\/index.php\/wp-json\/wp\/v2\/types\/product"}],"wp:attachment":[{"href":"https:\/\/roveyayinevi.com.tr\/index.php\/wp-json\/wp\/v2\/media?parent=761457"}],"wp:term":[{"taxonomy":"product_brand","embeddable":true,"href":"https:\/\/roveyayinevi.com.tr\/index.php\/wp-json\/wp\/v2\/product_brand?post=761457"},{"taxonomy":"product_cat","embeddable":true,"href":"https:\/\/roveyayinevi.com.tr\/index.php\/wp-json\/wp\/v2\/product_cat?post=761457"},{"taxonomy":"product_tag","embeddable":true,"href":"https:\/\/roveyayinevi.com.tr\/index.php\/wp-json\/wp\/v2\/product_tag?post=761457"}],"curies":[{"name":"wp","href":"https:\/\/api.w.org\/{rel}","templated":true}]}}