{"id":761452,"date":"2025-08-28T09:37:48","date_gmt":"2025-08-28T06:37:48","guid":{"rendered":"https:\/\/roveyayinevi.com.tr\/index.php\/urun\/eve-donus-3\/"},"modified":"2026-04-16T03:14:51","modified_gmt":"2026-04-16T00:14:51","slug":"eve-donus-3","status":"publish","type":"product","link":"https:\/\/roveyayinevi.com.tr\/index.php\/urun\/eve-donus-3\/","title":{"rendered":"Eve D\u00f6n\u00fc\u015f"},"content":{"rendered":"<p>Uzun bir s\u00fcre tan\u0131k koruma program\u0131nda olan Esra, y\u0131llar \u00f6nce apar topar ayr\u0131ld\u0131\u011f\u0131 eve d\u00f6nd\u00fc\u011f\u00fcnde ilk a\u015fk\u0131 Albatros&#8217;la kar\u015f\u0131la\u015fmas\u0131 ile kaybetti\u011fi onca y\u0131l\u0131 sorgulamaya ba\u015flar. Esra, kimsenin bilmemesi gereken s\u0131rr\u0131n\u0131 ondan da saklamak zorundad\u0131r. Acaba, kimli\u011fini neden saklamas\u0131 gerekti\u011fini hat\u0131rlamak zorunda kald\u0131\u011f\u0131 olaylar zinciri Albatros\u2019a yak\u0131nla\u015fmas\u0131na izin verecek midir?  Pop\u00fcler edebiyat: \u00e7abuk  t\u00fcketilen romantik\/tarihi romanlar.<\/p>\n","protected":false},"excerpt":{"rendered":"<p>Uzun bir s\u00fcre tan\u0131k koruma program\u0131nda olan Esra, y\u0131llar \u00f6nce apar topar ayr\u0131ld\u0131\u011f\u0131 eve d\u00f6nd\u00fc\u011f\u00fcnde ilk a\u015fk\u0131 Albatros&#8217;la kar\u015f\u0131la\u015fmas\u0131 ile kaybetti\u011fi onca y\u0131l\u0131 sorgulamaya ba\u015flar. Esra,<span class=\"excerpt-hellip\"> [\u2026]<\/span><\/p>\n","protected":false},"featured_media":0,"template":"","meta":{"_monsterinsights_skip_tracking":false,"_monsterinsights_sitenote_active":false,"_monsterinsights_sitenote_note":"","_monsterinsights_sitenote_category":0},"product_brand":[],"product_cat":[12274,12284],"product_tag":[],"class_list":{"0":"post-761452","1":"product","2":"type-product","3":"status-publish","5":"product_cat-cocuk-ve-genclik-kitaplari","6":"product_cat-hikayeler","7":"pa_cilt-ciltsiz","8":"pa_tur-kitap","9":"pa_yayinevi-cikolata-yayinevi","10":"pa_yazar-feza-dreeze","12":"first","13":"instock","14":"sale","15":"shipping-taxable","16":"purchasable","17":"product-type-simple"},"_links":{"self":[{"href":"https:\/\/roveyayinevi.com.tr\/index.php\/wp-json\/wp\/v2\/product\/761452","targetHints":{"allow":["GET"]}}],"collection":[{"href":"https:\/\/roveyayinevi.com.tr\/index.php\/wp-json\/wp\/v2\/product"}],"about":[{"href":"https:\/\/roveyayinevi.com.tr\/index.php\/wp-json\/wp\/v2\/types\/product"}],"wp:attachment":[{"href":"https:\/\/roveyayinevi.com.tr\/index.php\/wp-json\/wp\/v2\/media?parent=761452"}],"wp:term":[{"taxonomy":"product_brand","embeddable":true,"href":"https:\/\/roveyayinevi.com.tr\/index.php\/wp-json\/wp\/v2\/product_brand?post=761452"},{"taxonomy":"product_cat","embeddable":true,"href":"https:\/\/roveyayinevi.com.tr\/index.php\/wp-json\/wp\/v2\/product_cat?post=761452"},{"taxonomy":"product_tag","embeddable":true,"href":"https:\/\/roveyayinevi.com.tr\/index.php\/wp-json\/wp\/v2\/product_tag?post=761452"}],"curies":[{"name":"wp","href":"https:\/\/api.w.org\/{rel}","templated":true}]}}