{"id":761451,"date":"2025-08-28T09:37:46","date_gmt":"2025-08-28T06:37:46","guid":{"rendered":"https:\/\/roveyayinevi.com.tr\/index.php\/urun\/hayatim-cizgi-roman\/"},"modified":"2026-04-16T03:14:51","modified_gmt":"2026-04-16T00:14:51","slug":"hayatim-cizgi-roman","status":"publish","type":"product","link":"https:\/\/roveyayinevi.com.tr\/index.php\/urun\/hayatim-cizgi-roman\/","title":{"rendered":"Hayat\u0131m \u00c7izgi Roman"},"content":{"rendered":"<p>1 Ocak 1933 tarihinde Trabzon Ak\u00e7abat&#8217;ta do\u011fan Abdullah Turhan, ilgi duydu\u011fu resim ve \u00e7izgi romana 4 ocak 1954&#8217;te Yeni Sabah gazetesinin a\u00e7t\u0131\u011f\u0131 ressam s\u0131nav\u0131n\u0131 kazanarak at\u0131lm\u0131\u015f ve Ratip Tahir Burak&#8217;tan bu sanat\u0131n inceliklerini \u00f6\u011frenerek amat\u00f6rl\u00fckten profesyonelli\u011fe ad\u0131m\u0131 atm\u0131\u015ft\u0131r.Abdullah Turhan, 1956 y\u0131l\u0131nda \u015een \u00c7ocuk dergisinde \u00e7izmi\u015f, 1957&#8217;de ise Safa K\u0131l\u0131\u00e7l\u0131o\u011flu&#8217;nun Pazar dergisinin \u00e7izer kadrosuna kat\u0131lm\u0131\u015ft\u0131r. 1960 y\u0131l\u0131nda yay\u0131nlanan polisiye konulu Cani Pe\u015finde bu dergideki son \u00e7al\u0131\u015fmas\u0131 olmu\u015ftur. 1969 y\u0131l\u0131nda ilk olarak 1001 Roman dergisi i\u00e7inde yay\u0131nlanan Tolga&#8217;n\u0131n b\u00fct\u00fcn maceralar\u0131n\u0131n senaryosunu da kendisi kaleme alm\u0131\u015ft\u0131r. 1972 y\u0131l\u0131nda \u00e7izmeye ba\u015flad\u0131\u011f\u0131 Kara Murat senaryolar\u0131nda Rahmi Turan, Burak Bey \u00f6yk\u00fcleri i\u00e7inde Selahattin Duman ile i\u015fbirli\u011fi yapan Turhan, Kara batur ve Alptekin gibi tarihi \u00e7izgi roman kahramanlar\u0131n\u0131 da yaratm\u0131\u015ft\u0131r. 1979 y\u0131l\u0131nda ise, haftal\u0131k olarak yay\u0131nlanan Tolga&#8217;n\u0131n 284&#8217;\u00fcnc\u00fc say\u0131s\u0131ndan itibaren Deryalar Delisi, Umur Bey adl\u0131 Osmanl\u0131 d\u00f6nemine ait bir k\u0131l\u0131\u00e7l\u0131 kahraman yaratarak onun maceralar\u0131n\u0131 \u00e7izmi\u015ftir. 1971, 1973 ve 1983 y\u0131llar\u0131nda imtiyaz sahibi Abdullah Turhan olarak, haftal\u0131k periyotta \u00fc\u00e7 Tolga serisi yay\u0131nlanm\u0131\u015ft\u0131r. 2015 y\u0131l\u0131nda Acemi K\u00e2\u015fifler Hattu\u015fa&#8217;n\u0131n G\u00fcne\u015fi adl\u0131 \u00e7izgili roman \u00e7ocuk kitab\u0131n\u0131 resmetmi\u015ftir. <\/p>\n","protected":false},"excerpt":{"rendered":"<p>1 Ocak 1933 tarihinde Trabzon Ak\u00e7abat&#8217;ta do\u011fan Abdullah Turhan, ilgi duydu\u011fu resim ve \u00e7izgi romana 4 ocak 1954&#8217;te Yeni Sabah gazetesinin a\u00e7t\u0131\u011f\u0131 ressam s\u0131nav\u0131n\u0131 kazanarak at\u0131lm\u0131\u015f<span class=\"excerpt-hellip\"> [\u2026]<\/span><\/p>\n","protected":false},"featured_media":0,"template":"","meta":{"_monsterinsights_skip_tracking":false,"_monsterinsights_sitenote_active":false,"_monsterinsights_sitenote_note":"","_monsterinsights_sitenote_category":0},"product_brand":[],"product_cat":[12416,12291],"product_tag":[],"class_list":{"0":"post-761451","1":"product","2":"type-product","3":"status-publish","5":"product_cat-cizgi-roman","6":"product_cat-edebiyat","7":"pa_cilt-ciltli","8":"pa_tur-kitap","9":"pa_yayinevi-cikolata-yayinevi","10":"pa_yazar-abdullah-turhan","12":"first","13":"instock","14":"sale","15":"shipping-taxable","16":"purchasable","17":"product-type-simple"},"_links":{"self":[{"href":"https:\/\/roveyayinevi.com.tr\/index.php\/wp-json\/wp\/v2\/product\/761451","targetHints":{"allow":["GET"]}}],"collection":[{"href":"https:\/\/roveyayinevi.com.tr\/index.php\/wp-json\/wp\/v2\/product"}],"about":[{"href":"https:\/\/roveyayinevi.com.tr\/index.php\/wp-json\/wp\/v2\/types\/product"}],"wp:attachment":[{"href":"https:\/\/roveyayinevi.com.tr\/index.php\/wp-json\/wp\/v2\/media?parent=761451"}],"wp:term":[{"taxonomy":"product_brand","embeddable":true,"href":"https:\/\/roveyayinevi.com.tr\/index.php\/wp-json\/wp\/v2\/product_brand?post=761451"},{"taxonomy":"product_cat","embeddable":true,"href":"https:\/\/roveyayinevi.com.tr\/index.php\/wp-json\/wp\/v2\/product_cat?post=761451"},{"taxonomy":"product_tag","embeddable":true,"href":"https:\/\/roveyayinevi.com.tr\/index.php\/wp-json\/wp\/v2\/product_tag?post=761451"}],"curies":[{"name":"wp","href":"https:\/\/api.w.org\/{rel}","templated":true}]}}